{"id":1395,"date":"2025-07-10T15:21:53","date_gmt":"2025-07-10T13:21:53","guid":{"rendered":"https:\/\/new.archidiecezjalubelska.pl\/?page_id=1395"},"modified":"2026-04-14T13:05:51","modified_gmt":"2026-04-14T11:05:51","slug":"dekanaty","status":"publish","type":"page","link":"https:\/\/new.archidiecezjalubelska.pl\/index.php\/dekanaty\/","title":{"rendered":"Dekanaty"},"content":{"rendered":"<div class=\"woocommerce\">\n    \n    <section class=\"u-clearfix u-white u-section-2\" id=\"sec-e3bd\">\n      <div class=\"u-clearfix u-sheet u-valign-middle-lg u-valign-middle-md u-valign-middle-sm u-valign-middle-xs u-sheet-1\">\n        <div class=\"data-layout-selected u-clearfix u-expanded-width u-layout-wrap u-layout-wrap-1\">\n          <div class=\"u-layout\">\n            <div class=\"u-layout-row\">\n              <div class=\"u-container-style u-layout-cell u-size-34 u-layout-cell-1\">\n                <div class=\"u-container-layout u-valign-top-lg u-valign-top-md u-valign-top-sm u-valign-top-xs u-container-layout-1\">\n                  <div class=\"u-container-style u-expanded-width u-grey-5 u-group u-group-1\">\n                    <div class=\"u-container-layout u-container-layout-2\">\n                      <p class=\"u-text u-text-default u-text-1\">Dekanaty <\/p>\n                    <\/div>\n                  <\/div>\n                  <div class=\"u-clearfix u-custom-html u-expanded-width u-custom-html-1\">\n                    <style> \/* Mapa dekanat\u00f3w \u2013 obrazek responsywny *\/\n.pf-content img[usemap]{\n  max-width: 100% !important;\n  height: auto !important;\n  display: block;\n} <\/style>\n                    <div class=\"pf-content\">\n                      <p>\n                        <img fetchpriority=\"high\" decoding=\"async\" src=\"https:\/\/archidiecezjalubelska.pl\/wp-content\/uploads\/2015\/03\/dekanaty.png\" alt=\"\" usemap=\"#mapa\" width=\"650\" height=\"568\">\n                      <\/p>\n                      <map name=\"mapa\">\n                        <area shape=\"POLY\" coords=\"13,114, 46,161, 56,191, 109,204, 116,143, 88,99 \" alt=\"Pu\u0142awy\" href=\"https:\/\/new.archidiecezjalubelska.pl\/index.php\/dekanaty\/?dekanat=100288\">\n                        <area shape=\"POLY\" coords=\"95,101, 170,81, 235,173, 189,185\" alt=\"Mich\u00f3w\" href=\"https:\/\/new.archidiecezjalubelska.pl\/index.php\/dekanaty\/?dekanat=100286\">\n                        <area shape=\"POLY\" coords=\"173,91 239,149 241,226 265,240 273,191 310,195 296,137 212,68\" alt=\"Lubart\u00f3w\" href=\"https:\/\/new.archidiecezjalubelska.pl\/index.php\/dekanaty\/?dekanat=100278\">\n                        <area shape=\"POLY\" coords=\"311,24, 265,15 208,66 302,140\" alt=\"Czemierniki\" href=\"https:\/\/new.archidiecezjalubelska.pl\/index.php\/dekanaty\/?dekanat=104020\">\n                        <area shape=\"POLY\" coords=\"61,200, 26,260, 99,271, 115,256, 119,209\" alt=\"Kazimierz\" href=\"https:\/\/new.archidiecezjalubelska.pl\/index.php\/dekanaty\/?dekanat=100294\">\n                        <area shape=\"POLY\" coords=\"122,149, 127,214, 121,258, 168,243, 200,247, 224,190, 208,182, 198,204\" alt=\"Garb\u00f3w\" href=\"https:\/\/new.archidiecezjalubelska.pl\/index.php\/dekanaty\/?dekanat=100273\">\n                        <area shape=\"POLY\" coords=\"15,269, 8,403, 38,425, 49,363, 78,365, 76,319, 112,305, 78,267\" alt=\"Opole Lub.\" href=\"https:\/\/new.archidiecezjalubelska.pl\/index.php\/dekanaty\/?dekanat=100287\">\n                        <area shape=\"POLY\" coords=\"108,278, 122,310, 85,342, 98,378, 186,378, 199,350, 155,265\" alt=\"Be\u0142\u017cyce\" href=\"https:\/\/new.archidiecezjalubelska.pl\/index.php\/dekanaty\/?dekanat=100269\">\n                        <area shape=\"POLY\" coords=\"168,255, 207,343, 225,303, 201,257\" alt=\"Konopnica\" href=\"https:\/\/new.archidiecezjalubelska.pl\/index.php\/dekanaty\/?dekanat=100274\">\n                        <area shape=\"POLY\" coords=\"14,416, 13,461, 103,453, 102,426, 149,420, 138,382, 85,385, 60,372, 38,438\" alt=\"Urz\u0119dow\" href=\"https:\/\/new.archidiecezjalubelska.pl\/index.php\/dekanaty\/?dekanat=100293\">\n                        <area shape=\"POLY\" coords=\"109,433, 106,458, 155,508, 183,395, 153,399, 156,430\" alt=\"Kra\u015bnik\" href=\"https:\/\/new.archidiecezjalubelska.pl\/index.php\/dekanaty\/?dekanat=100277\">\n                        <area shape=\"POLY\" coords=\"187,389, 190,415, 159,487, 181,509, 235,470, 193,282\" alt=\"Zakrz\u00f3wek\" href=\"https:\/\/new.archidiecezjalubelska.pl\/index.php\/dekanaty\/?dekanat=100292\">\n                        <area shape=\"POLY\" coords=\"197,374, 218,399, 241,463, 279,424, 311,422, 301,385, 211,351\" alt=\"Bychawa\" href=\"https:\/\/new.archidiecezjalubelska.pl\/index.php\/dekanaty\/?dekanat=100270\">\n                        <area shape=\"POLY\" coords=\"246,470, 296,558, 387,493, 332,446, 288,442\" alt=\"Turobin\" href=\"https:\/\/new.archidiecezjalubelska.pl\/index.php\/dekanaty\/?dekanat=100291\">\n                        <area shape=\"POLY\" coords=\"287,329, 284,360, 324,386, 327,424, 361,390, 391,356, 363,303\" alt=\"Piaski\" href=\"https:\/\/new.archidiecezjalubelska.pl\/index.php\/dekanaty\/?dekanat=100295\">\n                        <area shape=\"POLY\" coords=\"347,429, 375,454, 461,396, 397,357\" alt=\"Krasnystaw Zach.\" href=\"https:\/\/new.archidiecezjalubelska.pl\/index.php\/dekanaty\/?dekanat=100276\">\n                        <area shape=\"POLY\" coords=\"386,461, 399,495, 525,468, 516,397, 469,397\" alt=\"Krasnystaw Wsch.\" href=\"https:\/\/new.archidiecezjalubelska.pl\/index.php\/dekanaty\/?dekanat=100275\">\n                        <area shape=\"POLY\" coords=\"528,388, 542,460, 574,479, 643,331, 553,271\" alt=\"Che\u0142m Wsch.\" href=\"https:\/\/new.archidiecezjalubelska.pl\/index.php\/dekanaty\/?dekanat=100271\">\n                        <area shape=\"POLY\" coords=\"479,340, 448,349, 473,380, 514,381, 539,266, 542,220, 486,219, 495,279\" alt=\"Che\u0142m Zach.\" href=\"https:\/\/new.archidiecezjalubelska.pl\/index.php\/dekanaty\/?dekanat=100272\">\n                        <area shape=\"POLY\" coords=\"415,209, 383,312, 399,349, 463,319, 481,248\" alt=\"Siedliszcze\" href=\"https:\/\/new.archidiecezjalubelska.pl\/index.php\/dekanaty\/?dekanat=100289\">\n                        <area shape=\"POLY\" coords=\"326,212, 318,251, 340,289, 379,298, 400,198, 360,171\" alt=\"\u0141\u0119czna\" href=\"https:\/\/new.archidiecezjalubelska.pl\/index.php\/dekanaty\/?dekanat=100285\">\n                        <area shape=\"POLY\" coords=\"279,281, 263,299, 283,314, 329,295, 311,260\" alt=\"\u015awidnik\" href=\"https:\/\/new.archidiecezjalubelska.pl\/index.php\/dekanaty\/?dekanat=100290\"><!-- lublin -->\n                        <p><\/p>\n                        <area shape=\"RECT\" coords=\"234,293, 223,341, 266,353, 279,319, 255,307, 256,295\" alt=\"Lublin Po\u0142udniowy\" href=\"https:\/\/new.archidiecezjalubelska.pl\/index.php\/dekanaty\/?dekanat=100280\">\n                        <area shape=\"POLY\" coords=\"234,224, 209,245, 227,263, 252,238\" alt=\"Lublin P\u00f3\u0142nocny\" href=\"https:\/\/new.archidiecezjalubelska.pl\/index.php\/dekanaty\/?dekanat=100281\">\n                        <area shape=\"POLY\" coords=\"231,265, 236,283, 249,290, 245,261\" alt=\"Lublin \u015ar\u00f3dmi\u015bcie\" href=\"https:\/\/new.archidiecezjalubelska.pl\/index.php\/dekanaty\/?dekanat=100282\">\n                        <area shape=\"POLY\" coords=\"247,264, 254,289, 273,280, 260,259\" alt=\"Lublin Wschodni\" href=\"https:\/\/new.archidiecezjalubelska.pl\/index.php\/dekanaty\/?dekanat=100283\">\n                        <area shape=\"POLY\" coords=\"217,271, 222,287, 233,287, 230,270\" alt=\"Lubln Zachodni\" href=\"https:\/\/new.archidiecezjalubelska.pl\/index.php\/dekanaty\/?dekanat=100284\">\n                        <area shape=\"POLY\" coords=\"264,244, 281,274, 309,249, 317,208,280,198\" alt=\"Lublin Podmiejski\" href=\"https:\/\/new.archidiecezjalubelska.pl\/index.php\/dekanaty\/?dekanat=100279\">\n                      <\/map>\n                      <ol>\n                        <li>\n                          <a href=\"https:\/\/new.archidiecezjalubelska.pl\/index.php\/dekanaty\/?dekanat=100269\">Dekanat be\u0142\u017cycki<\/a>\n                        <\/li>\n                        <li>\n                          <a href=\"https:\/\/new.archidiecezjalubelska.pl\/index.php\/dekanaty\/?dekanat=100270\">Dekanat bychawski<\/a>\n                        <\/li>\n                        <li>\n                          <a href=\"https:\/\/new.archidiecezjalubelska.pl\/index.php\/dekanaty\/?dekanat=100271\">Dekanat che\u0142mski \u2013 wschodni<\/a>\n                        <\/li>\n                        <li>\n                          <a href=\"https:\/\/new.archidiecezjalubelska.pl\/index.php\/dekanaty\/?dekanat=100272\">Dekanat che\u0142mski \u2013 zachodni<\/a>\n                        <\/li>\n                        <li>\n                          <a href=\"https:\/\/new.archidiecezjalubelska.pl\/index.php\/dekanaty\/?dekanat=104020\">Dekanat czemiernicki<\/a>\n                        <\/li>\n                        <li>\n                          <a href=\"https:\/\/new.archidiecezjalubelska.pl\/index.php\/dekanaty\/?dekanat=100273\">Dekanat garbowski<\/a>\n                        <\/li>\n                        <li>\n                          <a href=\"https:\/\/new.archidiecezjalubelska.pl\/index.php\/dekanaty\/?dekanat=100294\">Dekanat kazimierski<\/a>\n                        <\/li>\n                        <li>\n                          <a href=\"https:\/\/new.archidiecezjalubelska.pl\/index.php\/dekanaty\/?dekanat=100274\">Dekanat konopnicki<\/a>\n                        <\/li>\n                        <li>\n                          <a href=\"https:\/\/new.archidiecezjalubelska.pl\/index.php\/dekanaty\/?dekanat=100275\">Dekanat krasnostawski \u2013 wschodni<\/a>\n                        <\/li>\n                        <li>\n                          <a href=\"https:\/\/new.archidiecezjalubelska.pl\/index.php\/dekanaty\/?dekanat=100276\">Dekanat krasnostawski \u2013 zachodni<\/a>\n                        <\/li>\n                        <li>\n                          <a href=\"https:\/\/new.archidiecezjalubelska.pl\/index.php\/dekanaty\/?dekanat=100277\">Dekanat kra\u015bnicki<\/a>\n                        <\/li>\n                        <li>\n                          <a href=\"https:\/\/new.archidiecezjalubelska.pl\/index.php\/dekanaty\/?dekanat=100278\">Dekanat lubartowski<\/a>\n                        <\/li>\n                        <li>\n                          <a href=\"https:\/\/new.archidiecezjalubelska.pl\/index.php\/dekanaty\/?dekanat=100279\">Dekanat lubelski \u2013 podmiejski<\/a>\n                        <\/li>\n                        <li>\n                          <a href=\"https:\/\/new.archidiecezjalubelska.pl\/index.php\/dekanaty\/?dekanat=100280\">Dekanat lubelski \u2013 po\u0142udniowy<\/a>\n                        <\/li>\n                        <li>\n                          <a href=\"https:\/\/new.archidiecezjalubelska.pl\/index.php\/dekanaty\/?dekanat=100281\">Dekanat lubelski \u2013 p\u00f3\u0142nocny<\/a>\n                        <\/li>\n                        <li>\n                          <a href=\"https:\/\/new.archidiecezjalubelska.pl\/index.php\/dekanaty\/?dekanat=100282\">Dekanat lubelski \u2013 \u015br\u00f3dmiejski<\/a>\n                        <\/li>\n                        <li>\n                          <a href=\"https:\/\/new.archidiecezjalubelska.pl\/index.php\/dekanaty\/?dekanat=100283\">Dekanat lubelski \u2013 wschodni<\/a>\n                        <\/li>\n                        <li>\n                          <a href=\"https:\/\/new.archidiecezjalubelska.pl\/index.php\/dekanaty\/?dekanat=100284\">Dekanat lubelski \u2013 zachodni<\/a>\n                        <\/li>\n                        <li>\n                          <a href=\"https:\/\/new.archidiecezjalubelska.pl\/index.php\/dekanaty\/?dekanat=100285\">Dekanat \u0142\u0119czy\u0144ski<\/a>\n                        <\/li>\n                        <li>\n                          <a href=\"https:\/\/new.archidiecezjalubelska.pl\/index.php\/dekanaty\/?dekanat=100286\">Dekanat michowski<\/a>\n                        <\/li>\n                        <li>\n                          <a href=\"https:\/\/new.archidiecezjalubelska.pl\/index.php\/dekanaty\/?dekanat=100287\">Dekanat opolski<\/a>\n                        <\/li>\n                        <li>\n                          <a href=\"https:\/\/new.archidiecezjalubelska.pl\/index.php\/dekanaty\/?dekanat=100295\">Dekanat piasecki<\/a>\n                        <\/li>\n                        <li>\n                          <a href=\"https:\/\/new.archidiecezjalubelska.pl\/index.php\/dekanaty\/?dekanat=100288\">Dekanat pu\u0142awski<\/a>\n                        <\/li>\n                        <li>\n                          <a href=\"https:\/\/new.archidiecezjalubelska.pl\/index.php\/dekanaty\/?dekanat=100289\">Dekanat siedliski<\/a>\n                        <\/li>\n                        <li>\n                          <a href=\"https:\/\/new.archidiecezjalubelska.pl\/index.php\/dekanaty\/?dekanat=100290\">Dekanat \u015bwidnicki<\/a>\n                        <\/li>\n                        <li>\n                          <a href=\"https:\/\/new.archidiecezjalubelska.pl\/index.php\/dekanaty\/?dekanat=100291\">Dekanat turobi\u0144ski<\/a>\n                        <\/li>\n                        <li>\n                          <a href=\"https:\/\/new.archidiecezjalubelska.pl\/index.php\/dekanaty\/?dekanat=100293\">Dekanat urz\u0119dowski<\/a>\n                        <\/li>\n                        <li>\n                          <a href=\"https:\/\/new.archidiecezjalubelska.pl\/index.php\/dekanaty\/?dekanat=100292\">Dekanat zakrzowiecki<\/a>\n                        <\/li>\n                      <\/ol>\n                    <\/div>\n                  <\/div>\n                <\/div>\n              <\/div>\n              <div class=\"u-container-style u-layout-cell u-size-26 u-layout-cell-2\">\n                <div class=\"u-container-layout u-container-layout-3\">\n                  <div class=\"u-shortcode u-shortcode-1\"><div id=\"dekanat-parafia-details\" style=\"margin-top:30px;\"><\/div>\n        <script>\n        document.addEventListener(\"click\", async function(e) {\n            const a = e.target.closest(\"a[href*=\\\"parafie-1\/?id=\\\"]\");\n            if (!a) return;\n\n            e.preventDefault();\n\n            const url = new URL(a.href, location.origin);\n            const parId = url.searchParams.get(\"id\");\n            if (!parId) return;\n\n            const target = document.getElementById(\"dekanat-parafia-details\");\n            if (!target) return;\n\n            target.innerHTML = \"\u23f3 \u0141adowanie danych parafii...\";\n\n            try {\n                const ajaxUrl = \"https:\/\/new.archidiecezjalubelska.pl\/wp-admin\/admin-ajax.php?action=load_parafia_by_id&id=\" + encodeURIComponent(parId);\n\n                const res = await fetch(ajaxUrl, { credentials: \"same-origin\" });\n                const json = await res.json();\n\n                if (json && json.success && json.data && json.data.html) {\n                    target.innerHTML = json.data.html;\n                    target.scrollIntoView({ behavior: \"smooth\", block: \"start\" });\n                } else {\n                    target.innerHTML = \"<div style=\\\"padding:10px;border-left:3px solid #f90;background:#fff7ea;\\\">Nie znaleziono parafii.<\/div>\";\n                }\n            } catch (err) {\n                console.error(err);\n                target.innerHTML = \"<div style=\\\"padding:10px;border-left:3px solid #c00;background:#fdeaea;\\\">Wyst\u0105pi\u0142 b\u0142\u0105d po\u0142\u0105czenia.<\/div>\";\n            }\n        });\n        <\/script>\n        <\/div>\n                  <div class=\"u-clearfix u-custom-html u-expanded-width u-custom-html-2\">\n                    <div id=\"dekanat-parafia-details\" style=\"margin-top:30px;\"><\/div>\n                  <\/div>\n                <\/div>\n              <\/div>\n            <\/div>\n          <\/div>\n        <\/div>\n      <\/div>\n    <\/section>\n    \n    \n    \n    \n  \n<\/div>","protected":false},"excerpt":{"rendered":"<p>Dekanaty Dekanat be\u0142\u017cycki Dekanat bychawski Dekanat che\u0142mski \u2013 wschodni Dekanat che\u0142mski \u2013 zachodni Dekanat czemiernicki Dekanat garbowski Dekanat kazimierski Dekanat konopnicki Dekanat krasnostawski \u2013 wschodni Dekanat krasnostawski \u2013 zachodni Dekanat kra\u015bnicki Dekanat lubartowski Dekanat lubelski \u2013 podmiejski Dekanat lubelski \u2013 po\u0142udniowy Dekanat lubelski \u2013 p\u00f3\u0142nocny Dekanat lubelski \u2013 \u015br\u00f3dmiejski Dekanat lubelski \u2013 wschodni Dekanat lubelski &hellip; <a href=\"https:\/\/new.archidiecezjalubelska.pl\/index.php\/dekanaty\/\" class=\"more-link\">Continue reading<span class=\"screen-reader-text\"> &#8220;Dekanaty&#8221;<\/span><\/a><\/p>\n","protected":false},"author":1,"featured_media":0,"parent":0,"menu_order":0,"comment_status":"closed","ping_status":"closed","template":"","meta":{"footnotes":""},"class_list":["post-1395","page","type-page","status-publish","hentry"],"_links":{"self":[{"href":"https:\/\/new.archidiecezjalubelska.pl\/index.php\/wp-json\/wp\/v2\/pages\/1395","targetHints":{"allow":["GET"]}}],"collection":[{"href":"https:\/\/new.archidiecezjalubelska.pl\/index.php\/wp-json\/wp\/v2\/pages"}],"about":[{"href":"https:\/\/new.archidiecezjalubelska.pl\/index.php\/wp-json\/wp\/v2\/types\/page"}],"author":[{"embeddable":true,"href":"https:\/\/new.archidiecezjalubelska.pl\/index.php\/wp-json\/wp\/v2\/users\/1"}],"replies":[{"embeddable":true,"href":"https:\/\/new.archidiecezjalubelska.pl\/index.php\/wp-json\/wp\/v2\/comments?post=1395"}],"version-history":[{"count":9,"href":"https:\/\/new.archidiecezjalubelska.pl\/index.php\/wp-json\/wp\/v2\/pages\/1395\/revisions"}],"predecessor-version":[{"id":65743,"href":"https:\/\/new.archidiecezjalubelska.pl\/index.php\/wp-json\/wp\/v2\/pages\/1395\/revisions\/65743"}],"wp:attachment":[{"href":"https:\/\/new.archidiecezjalubelska.pl\/index.php\/wp-json\/wp\/v2\/media?parent=1395"}],"curies":[{"name":"wp","href":"https:\/\/api.w.org\/{rel}","templated":true}]}}