{"id":1436,"date":"2025-07-14T10:11:00","date_gmt":"2025-07-14T08:11:00","guid":{"rendered":"https:\/\/new.archidiecezjalubelska.pl\/?page_id=1436"},"modified":"2026-03-09T13:49:26","modified_gmt":"2026-03-09T12:49:26","slug":"koscioly-rektoralne","status":"publish","type":"page","link":"https:\/\/new.archidiecezjalubelska.pl\/index.php\/koscioly-rektoralne\/","title":{"rendered":"Ko\u015bcio\u0142y rektoralne"},"content":{"rendered":"<div class=\"woocommerce\">\n    \n    <section class=\"u-clearfix u-white u-section-2\" id=\"sec-e3bd\">\n      <div class=\"u-clearfix u-sheet u-valign-middle-lg u-valign-middle-md u-valign-middle-sm u-sheet-1\">\n        <div class=\"data-layout-selected u-clearfix u-expanded-width u-layout-wrap u-layout-wrap-1\">\n          <div class=\"u-layout\">\n            <div class=\"u-layout-row\">\n              <div class=\"u-container-style u-layout-cell u-size-34 u-layout-cell-1\">\n                <div class=\"u-container-layout u-valign-top-lg u-valign-top-md u-valign-top-sm u-valign-top-xs u-container-layout-1\">\n                  <div class=\"u-container-style u-expanded-width u-grey-5 u-group u-group-1\">\n                    <div class=\"u-container-layout u-container-layout-2\">\n                      <p class=\"u-text u-text-default u-text-1\">Ko\u015bcio\u0142y rektoralne i kaplice <\/p>\n                    <\/div>\n                  <\/div>\n                  <div class=\"u-clearfix u-custom-html u-expanded-width u-custom-html-1\">\n                    <ul class=\"wp-block-list\">\n                      <li>\n                        <a href=\"#ko\u015bcio\u0142y rektoralne\">Ko\u015bcio\u0142y rektoralne<\/a>\n                      <\/li>\n                      <li>\n                        <a href=\"#kaplice szpitalne\">Kaplice szpitalne<\/a>\n                      <\/li>\n                      <li>\n                        <a href=\"#kaplica portu lotniczego\">Kaplica portu lotniczego<\/a>\n                      <\/li>\n                    <\/ul>\n                    <hr class=\"has-css-opacity wp-block-separator\">\n                    <p class=\"has-background has-text-align-center has-text-color has-very-light-gray-background-color\" style=\"color:#000000;font-size:24px\">\n                      <a name=\"ko\u015bcio\u0142y rektoralne\"><\/a>\n                      <strong>KO\u015aCIO\u0141Y REKTORALNE<\/strong>\n                    <\/p>\n                    <p class=\"has-text-color\" style=\"color:#000000\">CHE\u0141M<\/p>\n                    <figure class=\"wp-block-table\">\n                      <table>\n                        <tbody>\n                          <tr>\n                            <td>\n                              <a href=\"https:\/\/new.archidiecezjalubelska.pl\/index.php\/koscioly-rektoralne\/?id=102442\">Ko\u015bci\u00f3\u0142 pw. \u015bw. Andrzeja Aposto\u0142a (OO. Franciszkanie)<\/a>\n                            <\/td>\n                          <\/tr>\n                        <\/tbody>\n                      <\/table>\n                    <\/figure>\n                    <p class=\"has-text-color\" style=\"color:#000000\">KAZIMIERZ DOLNY<\/p>\n                    <figure class=\"wp-block-table\">\n                      <table>\n                        <tbody>\n                          <tr>\n                            <td>\n                              <a href=\"https:\/\/new.archidiecezjalubelska.pl\/index.php\/koscioly-rektoralne\/?id=102463\">Ko\u015bci\u00f3\u0142 pw. Zwiastowania Naj\u015bwietszej Maryi Panny (OO. Franciszkanie)<\/a>\n                            <\/td>\n                          <\/tr>\n                        <\/tbody>\n                      <\/table>\n                    <\/figure>\n                    <p class=\"has-text-color\" style=\"color:#000000\">KRA\u015aNIK<\/p>\n                    <figure class=\"wp-block-table\">\n                      <table>\n                        <tbody>\n                          <tr>\n                            <td>\n                              <a href=\"https:\/\/new.archidiecezjalubelska.pl\/index.php\/koscioly-rektoralne\/?id=102443\">Ko\u015bci\u00f3\u0142 pw. \u015awi\u0119tego Ducha<\/a>\n                            <\/td>\n                          <\/tr>\n                        <\/tbody>\n                      <\/table>\n                    <\/figure>\n                    <p class=\"has-text-color\" style=\"color:#000000\">LUBART\u00d3W<\/p>\n                    <figure class=\"wp-block-table\">\n                      <table>\n                        <tbody>\n                          <tr>\n                            <td>\n                              <a href=\"https:\/\/new.archidiecezjalubelska.pl\/index.php\/koscioly-rektoralne\/?id=102444\">Ko\u015bci\u00f3\u0142 pw. \u015bw. Wawrzy\u0144ca M\u0119czennika (OO. Kapucyni)<\/a>\n                            <\/td>\n                          <\/tr>\n                        <\/tbody>\n                      <\/table>\n                    <\/figure>\n                    <p class=\"has-text-color\" style=\"color:#000000\">LUBLIN<\/p>\n                    <figure class=\"is-style-regular wp-block-table\">\n                      <table>\n                        <tbody>\n                          <tr>\n                            <td>\n                              <a href=\"https:\/\/new.archidiecezjalubelska.pl\/index.php\/koscioly-rektoralne\/?id=104199\">Ko\u015bci\u00f3\u0142 pw. Naj\u015bwi\u0119tszego Zbawiciela (Cmentarz \u2013 ul. Unicka)<\/a>\n                            <\/td>\n                          <\/tr>\n                          <tr>\n                            <td>\n                              <a href=\"https:\/\/new.archidiecezjalubelska.pl\/index.php\/koscioly-rektoralne\/?id=102447\">Ko\u015bci\u00f3\u0142 pw. Niepokalanego Pocz\u0119cia NMP (ul. Staszica)<\/a>\n                            <\/td>\n                          <\/tr>\n                          <tr>\n                            <td>\n                              <a href=\"https:\/\/new.archidiecezjalubelska.pl\/index.php\/koscioly-rektoralne\/?id=102448\">Ko\u015bci\u00f3\u0142 pw. Przemienienia Pa\u0144skiego (Seminaryjny)<\/a>\n                            <\/td>\n                          <\/tr>\n                          <tr>\n                            <td>\n                              <a href=\"https:\/\/new.archidiecezjalubelska.pl\/index.php\/koscioly-rektoralne\/?id=102458\">Ko\u015bci\u00f3\u0142 pw. \u015bw. Eliasza Proroka (OO. Karmelici)<\/a>\n                            <\/td>\n                          <\/tr>\n                          <tr>\n                            <td>\n                              <a href=\"https:\/\/new.archidiecezjalubelska.pl\/index.php\/koscioly-rektoralne\/?id=102449\">Ko\u015bci\u00f3\u0142 pw. \u015bw. Jozafata (ul. Zielona)<\/a>\n                            <\/td>\n                          <\/tr>\n                          <tr>\n                            <td>\n                              <a href=\"https:\/\/new.archidiecezjalubelska.pl\/index.php\/koscioly-rektoralne\/?id=102450\">Ko\u015bci\u00f3\u0142 pw. \u015bw. J\u00f3zefa Oblubie\u0144ca NMP (OO. Karmelici Bosi)<\/a>\n                            <\/td>\n                          <\/tr>\n                          <tr>\n                            <td>\n                              <a href=\"https:\/\/new.archidiecezjalubelska.pl\/index.php\/koscioly-rektoralne\/?id=102445\">Ko\u015bci\u00f3\u0142 pw. \u015bw. Judy Tadeusza (ul. Abramowicka)<\/a>\n                            <\/td>\n                          <\/tr>\n                          <tr>\n                            <td>\n                              <a href=\"https:\/\/new.archidiecezjalubelska.pl\/index.php\/koscioly-rektoralne\/?id=102451\">Ko\u015bci\u00f3\u0142 pw. \u015bw. Piotra Aposto\u0142a (Pojezuicki \u2013 ul. Kr\u00f3lewska)<\/a>\n                            <\/td>\n                          <\/tr>\n                          <tr>\n                            <td>\n                              <a href=\"https:\/\/new.archidiecezjalubelska.pl\/index.php\/koscioly-rektoralne\/?id=102452\">Ko\u015bci\u00f3\u0142 pw. \u015bw. Piotra i Paw\u0142a (OO. Kapucyni \u2013 Plac Litewski)<\/a>\n                            <\/td>\n                          <\/tr>\n                          <tr>\n                            <td>\n                              <a href=\"https:\/\/new.archidiecezjalubelska.pl\/index.php\/koscioly-rektoralne\/?id=102446\">Ko\u015bci\u00f3\u0142 pw. \u015bw. Stanis\u0142awa BM (Bazylika \u2013 OO. Dominikanie)<\/a>\n                            <\/td>\n                          <\/tr>\n                          <tr>\n                            <td>\n                              <a href=\"https:\/\/new.archidiecezjalubelska.pl\/index.php\/koscioly-rektoralne\/?id=102453\">Ko\u015bci\u00f3\u0142 pw. \u015bw. Wojciecha bm (Dom na Podwalu)<\/a>\n                            <\/td>\n                          <\/tr>\n                          <tr>\n                            <td>\n                              <a href=\"https:\/\/new.archidiecezjalubelska.pl\/index.php\/koscioly-rektoralne\/?id=102454\">Ko\u015bci\u00f3\u0142 pw. \u015awi\u0119tego Ducha (Przy Ratuszu)<\/a>\n                            <\/td>\n                          <\/tr>\n                          <tr>\n                            <td>\n                              <a href=\"https:\/\/new.archidiecezjalubelska.pl\/index.php\/koscioly-rektoralne\/?id=102455\">Ko\u015bci\u00f3\u0142 pw. \u015awi\u0119tego Krzy\u017ca (Akademicki)<\/a>\n                            <\/td>\n                          <\/tr>\n                          <tr>\n                            <td>\n                              <a href=\"https:\/\/new.archidiecezjalubelska.pl\/index.php\/koscioly-rektoralne\/?id=102461\">Ko\u015bci\u00f3\u0142 pw. Wniebowzi\u0119cia NMP Zwyci\u0119skiej (Pobrygidkowski)<\/a>\n                            <\/td>\n                          <\/tr>\n                          <tr>\n                            <td>\n                              <a href=\"https:\/\/new.archidiecezjalubelska.pl\/index.php\/koscioly-rektoralne\/?id=102462\">Ko\u015bci\u00f3\u0142 pw. Wszystkich \u015awi\u0119tych (Cmentarz \u2013 ul. Lipowa)<\/a>\n                            <\/td>\n                          <\/tr>\n                        <\/tbody>\n                      <\/table>\n                    <\/figure>\n                    <figure class=\"wp-block-table\">\n                      <table>\n                        <tbody>\n                          <tr>\n                            <td>\n                              <a href=\"https:\/\/new.archidiecezjalubelska.pl\/index.php\/koscioly-rektoralne\/?id=102457\">Kaplica pw. Niepokalanego Pocz\u0119cia NMP (ul. Sieroca \u2013 par. \u015bw. Miko\u0142aja)<\/a>\n                            <\/td>\n                          <\/tr>\n                        <\/tbody>\n                      <\/table>\n                    <\/figure>\n                    <p class=\"has-text-color\" style=\"color:#000000\">NA\u0141\u0118CZ\u00d3W<\/p>\n                    <figure class=\"wp-block-table\">\n                      <table>\n                        <tbody>\n                          <tr>\n                            <td>\n                              <a href=\"https:\/\/new.archidiecezjalubelska.pl\/index.php\/koscioly-rektoralne\/?id=102464\">Ko\u015bci\u00f3\u0142 pw. \u015bw. Karola Boromeusza<\/a>\n                            <\/td>\n                          <\/tr>\n                        <\/tbody>\n                      <\/table>\n                    <\/figure>\n                    <p class=\"has-background has-text-align-center has-text-color has-very-light-gray-background-color\" style=\"color:#000000;font-size:24px\">\n                      <strong>\n                        <a name=\"kaplice szpitalne\"><\/a>KAPLICE SZPITALNE\n                      <\/strong>\n                    <\/p>\n                    <p class=\"has-text-color\" style=\"color:#000000\">LUBLIN<\/p>\n                    <figure class=\"wp-block-table\">\n                      <table>\n                        <tbody>\n                          <tr>\n                            <td>\n                              <a href=\"https:\/\/new.archidiecezjalubelska.pl\/index.php\/koscioly-rektoralne\/?id=104154\">Centrum Onkologii Ziemi Lubelskiej \u2013 kaplica pw. Mi\u0142osierdzia Bo\u017cego<\/a>\n                            <\/td>\n                          <\/tr>\n                          <tr>\n                            <td>\n                              <a href=\"https:\/\/new.archidiecezjalubelska.pl\/index.php\/koscioly-rektoralne\/?id=102460\">Instytut Medycyny Wsi \u2013 kaplica pw. Matki Bo\u017cej Pocieszenia<\/a>\n                            <\/td>\n                          <\/tr>\n                          <tr>\n                            <td>\n                              <a href=\"https:\/\/new.archidiecezjalubelska.pl\/index.php\/koscioly-rektoralne\/?id=102447\">SP Szpital Kliniczny nr 1 \u2013 Ko\u015bci\u00f3\u0142 pw. Niepokalanego Pocz\u0119cia NMP<\/a>\n                            <\/td>\n                          <\/tr>\n                          <tr>\n                            <td>\n                              <a href=\"https:\/\/new.archidiecezjalubelska.pl\/index.php\/koscioly-rektoralne\/?id=102459\">SP Szpital Kliniczny nr 4 \u2013 kaplica pw. NMP Uzdrowienia Chorych<\/a>\n                            <\/td>\n                          <\/tr>\n                          <tr>\n                            <td>\n                              <a href=\"https:\/\/new.archidiecezjalubelska.pl\/index.php\/koscioly-rektoralne\/?id=102465\">Szpital MSWiA (ul. Grenadier\u00f3w) \u2013 kaplica pw. Mi\u0142osierdzia Bo\u017cego<\/a>\n                            <\/td>\n                          <\/tr>\n                          <tr>\n                            <td>\n                              <a href=\"https:\/\/new.archidiecezjalubelska.pl\/index.php\/koscioly-rektoralne\/?id=102456\">Uniwersytecki Szpital Dzieci\u0119cy \u2013 kaplica pw. \u015awi\u0119tych Anio\u0142\u00f3w Str\u00f3\u017c\u00f3w<\/a>\n                            <\/td>\n                          <\/tr>\n                        <\/tbody>\n                      <\/table>\n                    <\/figure>\n                    <p class=\"has-background has-text-align-center has-text-color has-very-light-gray-background-color\" style=\"color:#000000;font-size:24px\">\n                      <strong>\n                        <a name=\"kaplica portu lotniczego\"><\/a>KAPLICA PORTU LOTNICZEGO\n                      <\/strong>\n                    <\/p>\n                    <figure class=\"wp-block-table\">\n                      <table>\n                        <tbody>\n                          <tr>\n                            <td>\n                              <a href=\"https:\/\/new.archidiecezjalubelska.pl\/index.php\/koscioly-rektoralne\/?id=104289\">Port Lotniczy LUBLIN \u2013 kaplica pw. \u015awi\u0119tych Cyryla i Metodego<\/a>\n                            <\/td>\n                          <\/tr>\n                        <\/tbody>\n                      <\/table>\n                    <\/figure>\n                  <\/div>\n                <\/div>\n              <\/div>\n              <div class=\"u-container-style u-layout-cell u-size-26 u-layout-cell-2\">\n                <div class=\"u-container-layout u-container-layout-3\">\n                  <div class=\"u-shortcode u-shortcode-1\"><\/div>\n                <\/div>\n              <\/div>\n            <\/div>\n          <\/div>\n        <\/div>\n      <\/div>\n    <\/section>\n    \n    \n    \n    \n  \n<\/div>","protected":false},"excerpt":{"rendered":"<p>Ko\u015bcio\u0142y rektoralne i kaplice Ko\u015bcio\u0142y rektoralne Kaplice szpitalne Kaplica portu lotniczego KO\u015aCIO\u0141Y REKTORALNE CHE\u0141M Ko\u015bci\u00f3\u0142 pw. \u015bw. Andrzeja Aposto\u0142a (OO. Franciszkanie) KAZIMIERZ DOLNY Ko\u015bci\u00f3\u0142 pw. Zwiastowania Naj\u015bwietszej Maryi Panny (OO. Franciszkanie) KRA\u015aNIK Ko\u015bci\u00f3\u0142 pw. \u015awi\u0119tego Ducha LUBART\u00d3W Ko\u015bci\u00f3\u0142 pw. \u015bw. Wawrzy\u0144ca M\u0119czennika (OO. Kapucyni) LUBLIN Ko\u015bci\u00f3\u0142 pw. Naj\u015bwi\u0119tszego Zbawiciela (Cmentarz \u2013 ul. Unicka) Ko\u015bci\u00f3\u0142 pw. &hellip; <a href=\"https:\/\/new.archidiecezjalubelska.pl\/index.php\/koscioly-rektoralne\/\" class=\"more-link\">Continue reading<span class=\"screen-reader-text\"> &#8220;Ko\u015bcio\u0142y rektoralne&#8221;<\/span><\/a><\/p>\n","protected":false},"author":1,"featured_media":0,"parent":0,"menu_order":0,"comment_status":"closed","ping_status":"closed","template":"","meta":{"footnotes":""},"class_list":["post-1436","page","type-page","status-publish","hentry"],"_links":{"self":[{"href":"https:\/\/new.archidiecezjalubelska.pl\/index.php\/wp-json\/wp\/v2\/pages\/1436","targetHints":{"allow":["GET"]}}],"collection":[{"href":"https:\/\/new.archidiecezjalubelska.pl\/index.php\/wp-json\/wp\/v2\/pages"}],"about":[{"href":"https:\/\/new.archidiecezjalubelska.pl\/index.php\/wp-json\/wp\/v2\/types\/page"}],"author":[{"embeddable":true,"href":"https:\/\/new.archidiecezjalubelska.pl\/index.php\/wp-json\/wp\/v2\/users\/1"}],"replies":[{"embeddable":true,"href":"https:\/\/new.archidiecezjalubelska.pl\/index.php\/wp-json\/wp\/v2\/comments?post=1436"}],"version-history":[{"count":10,"href":"https:\/\/new.archidiecezjalubelska.pl\/index.php\/wp-json\/wp\/v2\/pages\/1436\/revisions"}],"predecessor-version":[{"id":65776,"href":"https:\/\/new.archidiecezjalubelska.pl\/index.php\/wp-json\/wp\/v2\/pages\/1436\/revisions\/65776"}],"wp:attachment":[{"href":"https:\/\/new.archidiecezjalubelska.pl\/index.php\/wp-json\/wp\/v2\/media?parent=1436"}],"curies":[{"name":"wp","href":"https:\/\/api.w.org\/{rel}","templated":true}]}}