{"id":1477,"date":"2025-07-14T10:25:19","date_gmt":"2025-07-14T08:25:19","guid":{"rendered":"https:\/\/new.archidiecezjalubelska.pl\/?page_id=1477"},"modified":"2026-02-12T12:44:11","modified_gmt":"2026-02-12T11:44:11","slug":"sanktuaria","status":"publish","type":"page","link":"https:\/\/new.archidiecezjalubelska.pl\/index.php\/sanktuaria\/","title":{"rendered":"Sanktuaria"},"content":{"rendered":"<div class=\"woocommerce\">\n    \n    <section class=\"u-clearfix u-white u-section-2\" id=\"sec-e3bd\">\n      <div class=\"u-clearfix u-sheet u-valign-middle-lg u-valign-middle-md u-valign-middle-sm u-valign-middle-xl u-sheet-1\">\n        <div class=\"data-layout-selected u-clearfix u-expanded-width u-layout-wrap u-layout-wrap-1\">\n          <div class=\"u-layout\">\n            <div class=\"u-layout-row\">\n              <div class=\"u-container-style u-layout-cell u-size-34 u-layout-cell-1\">\n                <div class=\"u-container-layout u-valign-top-lg u-valign-top-md u-valign-top-sm u-valign-top-xs u-container-layout-1\">\n                  <div class=\"u-container-style u-expanded-width u-grey-5 u-group u-group-1\">\n                    <div class=\"u-container-layout u-container-layout-2\">\n                      <p class=\"u-text u-text-default u-text-1\">Sanktuaria<\/p>\n                    <\/div>\n                  <\/div>\n                  <div class=\"u-clearfix u-custom-html u-expanded-width u-custom-html-1\">\n                    <div class=\"pf-content\">\n                      <h4>\n                        <strong><span style=\"color: #000000\">Lublin<\/span>\n                        <\/strong>\n                      <\/h4>\n                      <p style=\"padding-left: 30px\">\u2022 <a title=\"Archikatedra Lubelska\" href=\"http:\/\/archikatedra.kuria.lublin.pl\/\" target=\"_blank\">Sanktuarium Matki Bo\u017cej P\u0142acz\u0105cej (Archikatedra Lubelska)<\/a>\n                      <\/p>\n                      <p style=\"padding-left: 30px\">\u2022 <a href=\"https:\/\/parafia-mbr.lublin.pl\/\" target=\"_blank\">Sanktuarium Matki Bo\u017cej Latyczowskiej<\/a>\n                      <\/p>\n                      <p style=\"padding-left: 30px\">\u2022 <a href=\"https:\/\/karmel.lublin.pl\/\" target=\"_blank\">Sanktuarium \u015bw. J\u00f3zefa<\/a>\n                      <\/p>\n                      <p style=\"padding-left: 30px\">\u2022 <a href=\"https:\/\/www.rodzina.lublin.pl\/\" target=\"_blank\">Sanktuarium \u015awi\u0119tej Rodziny<\/a>\n                      <\/p>\n                      <h4>\n                        <strong><span style=\"color: #000000\">Che\u0142m<\/span>\n                        <\/strong>\n                      <\/h4>\n                      <p style=\"padding-left: 30px\">\u2022 <a title=\"Sanktuarium Matki Bo\u017cej Che\u0142mskiej\" href=\"http:\/\/bazylika.net\/\" target=\"_blank\">Sanktuarium Matki Bo\u017cej Che\u0142mskiej<\/a>\n                      <\/p>\n                      <h4>\n                        <strong><span style=\"color: #000000\">Go\u0142\u0105b<\/span>\n                        <\/strong>\n                      <\/h4>\n                      <p style=\"padding-left: 30px\">\u2022 <a title=\"Sanktuarium Matki Bo\u017cej Loreta\u0144skiej\" href=\"http:\/\/parafiagolab.pl\/\" target=\"_blank\">Sanktuarium Matki Bo\u017cej Loreta\u0144skiej<\/a>\n                      <\/p>\n                      <h4>\n                        <strong><span style=\"color: #000000\">Kazimierz Dolny<\/span>\n                        <\/strong>\n                      <\/h4>\n                      <p style=\"padding-left: 30px\">\u2022 <a title=\"Sanktuarium Matki Bo\u017cej Kazimierskiej\" href=\"http:\/\/www.franciszkanie-kazimierz.pl\/index.php\" target=\"_blank\">Sanktuarium Matki Boskiej Kazimierskiej<\/a>\n                      <\/p>\n                      <h4>\n                        <strong><span style=\"color: #000000\">Ksi\u0119\u017comierz<\/span>\n                        <\/strong>\n                      <\/h4>\n                      <p style=\"padding-left: 30px\">\u2022 <a title=\"Sanktuarium Matki Bo\u017cej Ksi\u0119\u017comierskiej\" href=\"http:\/\/ksiezomierz.kuria.lublin.pl\/\" target=\"_blank\">Sanktuarium Matki Bo\u017cej Ksi\u0119\u017comierskiej<\/a>\n                      <\/p>\n                      <h4>\n                        <strong><span style=\"color: #000000\">Lubart\u00f3w<\/span>\n                        <\/strong>\n                      <\/h4>\n                      <p style=\"padding-left: 30px\">\u2022 <a title=\"Sanktuarium \u015aw. Anny\" href=\"http:\/\/parafia.lubartow.pl\/anna\" target=\"_blank\">Sanktuarium \u015bw. Anny<\/a>\n                      <\/p>\n                      <h4>\n                        <strong><span style=\"color: #000000\">Piotrawin<\/span>\n                        <\/strong>\n                      <\/h4>\n                      <p style=\"padding-left: 30px\">\u2022 <a title=\"Sanktuarium \u015bw. Stanis\u0142awa BM\" href=\"http:\/\/www.parafiapiotrawin.eu\/\" target=\"_blank\">Sanktuarium \u015bw. Stanis\u0142awa BM<\/a>\n                      <\/p>\n                      <h4>\n                        <strong><span style=\"color: #000000\">W\u0105wolnica<\/span>\n                        <\/strong>\n                      <\/h4>\n                      <p style=\"padding-left: 30px\">\u2022 <a title=\"Sanktuarium Matki Bo\u017cej K\u0119belskiej\" href=\"http:\/\/sanktuarium-wawolnica.pl\/\" target=\"_blank\">Sanktuarium Matki Bo\u017cej K\u0119belskiej<\/a>\n                      <\/p>\n                    <\/div>\n                  <\/div>\n                <\/div>\n              <\/div>\n              <div class=\"u-container-style u-layout-cell u-size-26 u-layout-cell-2\">\n                <div class=\"u-container-layout u-container-layout-3\"><\/div>\n              <\/div>\n            <\/div>\n          <\/div>\n        <\/div>\n      <\/div>\n    <\/section>\n    \n    \n    \n    \n  \n<\/div>","protected":false},"excerpt":{"rendered":"<p>Sanktuaria Lublin \u2022 Sanktuarium Matki Bo\u017cej P\u0142acz\u0105cej (Archikatedra Lubelska) \u2022 Sanktuarium Matki Bo\u017cej Latyczowskiej \u2022 Sanktuarium \u015bw. J\u00f3zefa \u2022 Sanktuarium \u015awi\u0119tej Rodziny Che\u0142m \u2022 Sanktuarium Matki Bo\u017cej Che\u0142mskiej Go\u0142\u0105b \u2022 Sanktuarium Matki Bo\u017cej Loreta\u0144skiej Kazimierz Dolny \u2022 Sanktuarium Matki Boskiej Kazimierskiej Ksi\u0119\u017comierz \u2022 Sanktuarium Matki Bo\u017cej Ksi\u0119\u017comierskiej Lubart\u00f3w \u2022 Sanktuarium \u015bw. Anny Piotrawin \u2022 Sanktuarium &hellip; <a href=\"https:\/\/new.archidiecezjalubelska.pl\/index.php\/sanktuaria\/\" class=\"more-link\">Continue reading<span class=\"screen-reader-text\"> &#8220;Sanktuaria&#8221;<\/span><\/a><\/p>\n","protected":false},"author":1,"featured_media":0,"parent":0,"menu_order":0,"comment_status":"closed","ping_status":"closed","template":"","meta":{"footnotes":""},"class_list":["post-1477","page","type-page","status-publish","hentry"],"_links":{"self":[{"href":"https:\/\/new.archidiecezjalubelska.pl\/index.php\/wp-json\/wp\/v2\/pages\/1477","targetHints":{"allow":["GET"]}}],"collection":[{"href":"https:\/\/new.archidiecezjalubelska.pl\/index.php\/wp-json\/wp\/v2\/pages"}],"about":[{"href":"https:\/\/new.archidiecezjalubelska.pl\/index.php\/wp-json\/wp\/v2\/types\/page"}],"author":[{"embeddable":true,"href":"https:\/\/new.archidiecezjalubelska.pl\/index.php\/wp-json\/wp\/v2\/users\/1"}],"replies":[{"embeddable":true,"href":"https:\/\/new.archidiecezjalubelska.pl\/index.php\/wp-json\/wp\/v2\/comments?post=1477"}],"version-history":[{"count":5,"href":"https:\/\/new.archidiecezjalubelska.pl\/index.php\/wp-json\/wp\/v2\/pages\/1477\/revisions"}],"predecessor-version":[{"id":1513,"href":"https:\/\/new.archidiecezjalubelska.pl\/index.php\/wp-json\/wp\/v2\/pages\/1477\/revisions\/1513"}],"wp:attachment":[{"href":"https:\/\/new.archidiecezjalubelska.pl\/index.php\/wp-json\/wp\/v2\/media?parent=1477"}],"curies":[{"name":"wp","href":"https:\/\/api.w.org\/{rel}","templated":true}]}}