{"id":287,"date":"2025-05-25T10:27:00","date_gmt":"2025-05-25T08:27:00","guid":{"rendered":"http:\/\/hosting2545269.online.pro\/autoinstalator\/wordpress6\/?page_id=287"},"modified":"2025-05-25T13:39:07","modified_gmt":"2025-05-25T11:39:07","slug":"patroni","status":"publish","type":"page","link":"https:\/\/new.archidiecezjalubelska.pl\/index.php\/patroni\/","title":{"rendered":"Patroni"},"content":{"rendered":"<div class=\"woocommerce\">\n    \n    <section class=\"u-clearfix u-white u-section-2\" id=\"block-2\">\n      <div class=\"u-clearfix u-sheet u-valign-middle-lg u-valign-middle-md u-valign-middle-sm u-valign-middle-xs u-sheet-1\">\n        <div class=\"custom-expanded data-layout-selected u-clearfix u-layout-wrap u-layout-wrap-1\">\n          <div class=\"u-layout\">\n            <div class=\"u-layout-row\">\n              <div class=\"u-container-style u-layout-cell u-size-30 u-layout-cell-1\">\n                <div class=\"u-container-layout u-container-layout-1\">\n                  <p class=\"u-text u-text-custom-color-3 u-text-default u-text-1\">Patroni<\/p>\n                  <div class=\"u-align-left u-container-align-left u-container-style u-custom-color-2 u-group u-group-1\">\n                    <div class=\"u-container-layout u-container-layout-2\">\n                      <img decoding=\"async\" class=\"u-align-center u-image u-image-circle u-image-1\" src=\"https:\/\/new.archidiecezjalubelska.pl\/wp-content\/uploads\/2025\/05\/sw-stanislaw-bm.png\" alt=\"\" data-image-width=\"484\" data-image-height=\"640\">\n                      <p class=\"u-text u-text-default u-text-2\"><span style=\"font-size: 1.25rem;\"><\/span><span style=\"font-weight: 700;\">\u015bw. Stanis\u0142aw Biskup<\/span>\n                        <br>ur. ok. 1030 w Szczepanowie<br>zm. 11 kwietnia 1079 w Krakowie<br>\n                        <br>Jedyny, d\u0142ugo wyczekiwany i wymodlony syn Wielis\u0142awa ze Szczepanowa i Bogny przyszed\u0142 na \u015bwiat po trzydziestu latach po\u017cycia ma\u0142\u017ce\u0144skiego. Dar ten, od Boga otrzymany, Bogu po\u015bwi\u0119ci\u0107 postanowili. W tym kierunku posz\u0142o i wychowanie i wykszta\u0142cenie m\u0142odzie\u0144ca, najpierw w szkole katedalnej w Gnie\u017anie, potem (rzekomo) w Pary\u017cu. \u015aw. Stanis\u0142aw powr\u00f3ciwszy do kraju otrzyma\u0142 \u015bwi\u0119cenia kap\u0142a\u0144skie z r\u0105k biskupa krakowskiego Lamberta. Zas\u0142yn\u0105\u0142 pr\u0119kko jako wymowny kaznodzieja i gorliwy misjonarz ziemi ma\u0142opolskiej oraz sprawny wsp\u00f3\u0142pracownik biskupa. Tote\u017c po \u015bmiierci Lamberta na \u017c\u0105danie duchowie\u0144stwa i kr\u00f3la Boles\u0142awa obj\u0105\u0142 krakowsk\u0105 stolic\u0119 biskupi\u0105. G\u0142o\u015bne by\u0142y jego uczynki mi\u0142osierdzia, troska o ubogich, wdowy i sieroty, kt\u00f3rym oddawa\u0142 wszystko, co posiada\u0142.<br>\n                        <br>Jak dosz\u0142o do ostrego sporu mi\u0119dzy biskupem i kr\u00f3lem, zako\u0144czonego tragedi\u0105 na Ska\u0142ce? Nie ma na to najmniejszych dowod\u00f3w. Wszelkie pr\u00f3by wyt\u0142umaczenia Gallusowego \u201etraditor\u201d jako winnego zdrady kr\u00f3la czy pa\u0144stwa, zawiod\u0142y. Ani w polskich, ani w obcych \u017ar\u00f3d\u0142ach nie ma nawet \u015bladu jakich\u015b konszacht\u00f3w biskupa czy to z Czechami, czy z niedo\u0142\u0119\u017cnym bratem kr\u00f3lewskim, W\u0142adys\u0142awem Hermanem. Je\u015bli si\u0119 wi\u0119c takie domys\u0142y czyni, to jest to tylko fabrykowanie legendy, a nie historia. Natomiast wiele przemawia za tym, \u017ce t\u0142o zatargu by\u0142o reliijne. Boles\u0142aw mimo wszystkich swoich zalet by\u0142 cz\u0142owiekiem gwa\u0142townym, a\u017c chorobliwie ambitnym i zmys\u0142owym. M\u00f3wi o tym r\u00f3wnie\u017c kronika Galla. Jak\u017ce\u017c m\u00f3g\u0142 jako biskup ordynariusz patrze\u0107 spokojnie na wyst\u0119pki kr\u00f3la i milcze\u0107. Gdy wi\u0119c upamnienia nie odnosi\u0142y skutku, si\u0119gn\u0105\u0142 Stanis\u0142aw po ostatni \u015brodek, tak straszny zw\u0142aszcza w tych czasach, by doprowadzi\u0107 jawnogrzesznika do opami\u0119tania. By\u0142a nim ekskomunika. Obra\u017cona duma wykl\u0119tego by\u0142a powodem najpierw szalonego gniewu, a bezpo\u015brdnio potem zbrodni. Biskup pad\u0142 ofiar\u0105 swego duszpasterskiego obowi\u0105zku jako obro\u0144ca godno\u015bci duszy ludzkiej i wolno\u015bci chrze\u015bcija\u0144skiej przeciw samowoli autokraty. Mordu dokona\u0142 mo\u017ce kr\u00f3l sam, mo\u017ce na rozkaz kr\u00f3lewski jego siepacze. I zn\u00f3w nie ma dowodu na jakie\u015b s\u0105dowe dochodzenia, co w owym wieku by\u0142oby zupe\u0142nym anachronizmem, wyroki bowiem wydawa\u0142 sam w\u0142adca, nie pytaj\u0105c nikogo. Czyn kr\u00f3lewski wywo\u0142a\u0142 w ca\u0142ym kraju tak\u0105 reakcj\u0119, \u017ce Boles\u0142aw nie m\u00f3g\u0142 si\u0119 utrzyma\u0107 na tronie i ju\u017c w sierpniu tego roku uszed\u0142 na W\u0119gry. Ju\u017c w dziewi\u0119\u0107 lat po \u015bmierci, w roku 1088 odby\u0142o si\u0119 uroczyste przeniesienie zw\u0142ok \u015bw. Stanis\u0142awa do katedry i umieszczenie trumny na miejscu widocznym. Wiadomo, \u017ce Ko\u015bci\u00f3\u0142 na takie \u201etranslacje\u201d pozwala tylko, gdy chodzi o zmar\u0142ych w opinii \u015bwi\u0119to\u015bci. Uroczysta kanonizacja odby\u0142a si\u0119 w Asy\u017cu dnia 8 wrze\u015bnia 1254 roku. Dope\u0142ni\u0142 jej Innocenty IV.\n                      <\/p>\n                    <\/div>\n                  <\/div>\n                <\/div>\n              <\/div>\n              <div class=\"u-container-style u-layout-cell u-size-30 u-layout-cell-2\">\n                <div class=\"u-container-layout u-container-layout-3\">\n                  <div class=\"u-align-left u-container-align-left u-container-style u-custom-color-2 u-group u-group-2\">\n                    <div class=\"u-container-layout u-container-layout-4\">\n                      <img decoding=\"async\" class=\"u-align-center u-image u-image-circle u-image-2\" src=\"https:\/\/new.archidiecezjalubelska.pl\/wp-content\/uploads\/2025\/05\/sw-jan-kanty.jpg\" alt=\"\" data-image-width=\"325\" data-image-height=\"460\">\n                      <p class=\"u-text u-text-default u-text-3\"><span style=\"font-size: 1.25rem;\"><\/span><span style=\"font-weight: 700;\">\u015bw. Jan Kanty<\/span>\n                        <br>ur. 23 czerwca 1390 w K\u0119tach<br>zm. 24 grudnia 1473 w Krakowie<br>\n                        <br>Jan Waci\u0119ga z Malca pod K\u0119tami (st\u0105d \u201eKanty\u201d) urodzi\u0142 si\u0119 w Ma\u0142opolsce 23 czerwca 1390 roku z rodzic\u00f3w Stanis\u0142awa i Anny, mieszczan, wychowany w szczerej pobo\u017cno\u015bci. Po uko\u0144czeniu szko\u0142y parafialnej i \u015bredniej studiowa\u0142 w Krakowie filozofi\u0119 i teologi\u0119. Zdobywszy doktorat, wyk\u0142ada\u0142 teologi\u0119 na Uniwersytecie Jagiello\u0144skim, z kr\u00f3tk\u0105 przerw\u0105, przez lat przesz\u0142o pi\u0119\u0107dziesi\u0105t. G\u0142\u0119bok\u0105 wiedz\u0119 \u0142\u0105czy\u0142 z niezwyk\u0142\u0105 \u015bwi\u0119to\u015bci\u0105 \u017cycia. By\u0142 m\u0119\u017cem modlitwy i umartwienia. Po\u015bci\u0142, przez ca\u0142e \u017cycie kap\u0142a\u0144skie, wstrzymuj\u0105c si\u0119 od potraw mi\u0119snych. Odby\u0142 pielgrzymk\u0119 do Ziemy \u015awi\u0119tej; czterokrotnie pieszo p\u0105tnowa\u0142 do Rzymu, chc\u0105c da\u0107 dow\u00f3d swej wierno\u015bci i czci dla Namiestnika Chrystusowego. Ponad wszystkimi cnotami g\u00f3rowa\u0142a u niego mi\u0142o\u015b\u0107 bli\u017aniego i lito\u015b\u0107 dla cierpi\u0105cych. Biedakom wszystko oddawa\u0142, wraca\u0142 nieraz boso z miasta, gdy\u017c obuwie podarowa\u0142 ubogiemu. Uczynki mi\u0142osierdzia co do cia\u0142a przewy\u017csza\u0142 jeszcze uczynkami mi\u0142osierdzia co do duszy. Bezustannie modli\u0142 si\u0119 za grzesznik\u00f3w, pokutowa\u0142 za nich, a ju\u017c szczeg\u00f3ln\u0105 mi\u0142o\u015bci\u0105 otacza\u0142 ucz\u0105c\u0105 si\u0119 m\u0142odzie\u017c. Zmar\u0142 24 grudnia roku 1473. Kanonizowany w roku 1767.<br>\n                        <br>W oficjum brewiarzowym na dzie\u0144 \u015bw. Jana Kantego s\u0105 specjalne hymny. Nadmieni\u0107 nale\u017cy, \u017ce kanonizacja oraz rozszerzenie \u015bwi\u0119ta na ca\u0142y \u015bwiat nast\u0105pi\u0142y tu\u017c przed rozbiorami. Chodzi\u0142o o to, by ca\u0142y kler katolicki modli\u0142 si\u0119 za upadaj\u0105c\u0105 Polsk\u0119. St\u0105d takie s\u0142owa:<br>\n                        <br>\u201dO qui negasti nemini<br>\u201dOpem roganti, patrium<br>\u201dRegnum tuere, postulant<br>\u201dCives Poloni et exteri.\u201d<br>\n                        <br>\u201d(Ty, co\u015b nikomu z biednych rzesz<br>\u201dWsparcia nie sk\u0105pi\u0142 nigdy wprz\u00f3d,<br>\u201dDzi\u015b ojc\u00f3w twych Kr\u00f3lestwa strze\u017c<br>\u201dPolski i obcy b\u0142aga lud.)\u201d\n                      <\/p>\n                    <\/div>\n                  <\/div>\n                <\/div>\n              <\/div>\n            <\/div>\n          <\/div>\n        <\/div>\n      <\/div>\n    <\/section>\n    \n    \n    \n    \n  \n<\/div>","protected":false},"excerpt":{"rendered":"<p>Patroni \u015bw. Stanis\u0142aw Biskup ur. ok. 1030 w Szczepanowiezm. 11 kwietnia 1079 w Krakowie Jedyny, d\u0142ugo wyczekiwany i wymodlony syn Wielis\u0142awa ze Szczepanowa i Bogny przyszed\u0142 na \u015bwiat po trzydziestu latach po\u017cycia ma\u0142\u017ce\u0144skiego. Dar ten, od Boga otrzymany, Bogu po\u015bwi\u0119ci\u0107 postanowili. W tym kierunku posz\u0142o i wychowanie i wykszta\u0142cenie m\u0142odzie\u0144ca, najpierw w szkole katedalnej w &hellip; <a href=\"https:\/\/new.archidiecezjalubelska.pl\/index.php\/patroni\/\" class=\"more-link\">Continue reading<span class=\"screen-reader-text\"> &#8220;Patroni&#8221;<\/span><\/a><\/p>\n","protected":false},"author":1,"featured_media":0,"parent":0,"menu_order":0,"comment_status":"closed","ping_status":"closed","template":"","meta":{"footnotes":""},"class_list":["post-287","page","type-page","status-publish","hentry"],"_links":{"self":[{"href":"https:\/\/new.archidiecezjalubelska.pl\/index.php\/wp-json\/wp\/v2\/pages\/287","targetHints":{"allow":["GET"]}}],"collection":[{"href":"https:\/\/new.archidiecezjalubelska.pl\/index.php\/wp-json\/wp\/v2\/pages"}],"about":[{"href":"https:\/\/new.archidiecezjalubelska.pl\/index.php\/wp-json\/wp\/v2\/types\/page"}],"author":[{"embeddable":true,"href":"https:\/\/new.archidiecezjalubelska.pl\/index.php\/wp-json\/wp\/v2\/users\/1"}],"replies":[{"embeddable":true,"href":"https:\/\/new.archidiecezjalubelska.pl\/index.php\/wp-json\/wp\/v2\/comments?post=287"}],"version-history":[{"count":5,"href":"https:\/\/new.archidiecezjalubelska.pl\/index.php\/wp-json\/wp\/v2\/pages\/287\/revisions"}],"predecessor-version":[{"id":709,"href":"https:\/\/new.archidiecezjalubelska.pl\/index.php\/wp-json\/wp\/v2\/pages\/287\/revisions\/709"}],"wp:attachment":[{"href":"https:\/\/new.archidiecezjalubelska.pl\/index.php\/wp-json\/wp\/v2\/media?parent=287"}],"curies":[{"name":"wp","href":"https:\/\/api.w.org\/{rel}","templated":true}]}}