{"id":3,"date":"2025-05-24T13:33:51","date_gmt":"2025-05-24T11:33:51","guid":{"rendered":"http:\/\/hosting2545269.online.pro\/autoinstalator\/wordpress6\/?page_id=3"},"modified":"2026-04-15T08:43:03","modified_gmt":"2026-04-15T06:43:03","slug":"polityka-prywatnosci","status":"publish","type":"page","link":"https:\/\/new.archidiecezjalubelska.pl\/index.php\/polityka-prywatnosci\/","title":{"rendered":"Polityka prywatno\u015bci"},"content":{"rendered":"<div class=\"woocommerce\">\n    \n    <section class=\"u-clearfix u-white u-section-2\" id=\"sec-5032\">\n      <div class=\"u-clearfix u-sheet u-valign-middle-lg u-valign-middle-md u-valign-middle-sm u-sheet-1\">\n        <div class=\"data-layout-selected u-clearfix u-expanded-width-xs u-layout-wrap u-layout-wrap-1\">\n          <div class=\"u-gutter-0 u-layout\" style=\"\">\n            <div class=\"u-layout-row\" style=\"\">\n              <div class=\"u-container-style u-layout-cell u-shape-rectangle u-size-60 u-size-60-md u-layout-cell-1\">\n                <div class=\"u-container-layout u-valign-top-lg u-valign-top-md u-valign-top-sm u-valign-top-xs u-container-layout-1\">\n                  <div class=\"custom-expanded u-align-justify u-container-style u-group u-white u-group-1\">\n                    <div class=\"u-container-layout u-container-layout-2\">\n                      <div class=\"u-container-style u-custom-color-12 u-expanded-width u-group u-group-2\">\n                        <div class=\"u-container-layout u-valign-middle u-container-layout-3\">\n                          <h5 class=\"u-custom-font u-font-merriweather u-text u-text-black u-text-default u-text-1\"> POLITYKA PRYWATNO\u015aCI I PLIKI COOKIES<\/h5>\n                        <\/div>\n                      <\/div>\n                      <p class=\"u-spacing-23 u-text u-text-2\"><\/p>\n                      <div class=\"u-clearfix u-custom-html u-expanded-width u-custom-html-1\">\n                        <div class=\"policy\">\n                          <ol>\n                            <li> Niniejsza Polityka Prywatno\u015bci okre\u015bla zasady przetwarzania i ochrony danych osobowych przekazanych przez U\u017cytkownik\u00f3w za po\u015brednictwem strony internetowej <a href=\"https:\/\/archidiecezjalubelska.pl\/\" target=\"_blank\">https:\/\/archidiecezjalubelska.pl\/<\/a> (Strona) oraz poczty elektronicznej wskazanej na stronie do kontaktu.  \n    Administratorem danych osobowych jest: Archidiecezja Lubelska z siedzib\u0105 w Lublinie przy ul. Prymasa Stefana Wyszy\u0144skiego 2, 20-950 Lublin, NIP 9461834357, REGON 040014525, tel. +48 81 532 10 58. \n                            <\/li>\n                            <li> Administrator realizuje funkcje pozyskiwania informacji o u\u017cytkownikach w nast\u0119puj\u0105cy spos\u00f3b: <ul>\n                                <li>poprzez gromadzenie plik\u00f3w \u201ecookies\u201d<\/li>\n                                <li>poprzez dobrowolne wprowadzenie danych w formularzu kontaktowym lub za po\u015brednictwem poczty elektronicznej<\/li>\n                              <\/ul>\n                            <\/li>\n                          <\/ol>\n                          <h3>I Polityka prywatno\u015bci<\/h3>\n                          <ol>\n                            <li> W trosce o bezpiecze\u0144stwo powierzonych danych opracowali\u015bmy procedury zapobiegaj\u0105ce dost\u0119powi os\u00f3b nieupowa\u017cnionych oraz kontrolujemy ich zgodno\u015b\u0107 z obowi\u0105zuj\u0105cymi przepisami prawa, w tym RODO oraz Dekretem KEP. <\/li>\n                            <li> Dane osobowe przetwarzane s\u0105 na podstawie: <ul>\n                                <li>zgody u\u017cytkownika,<\/li>\n                                <li>realizacji formularza kontaktowego,<\/li>\n                                <li>kontaktu e-mailowego,<\/li>\n                                <li>przepis\u00f3w prawa,<\/li>\n                                <li>uzasadnionego interesu administratora.<\/li>\n                              <\/ul>\n                            <\/li>\n                            <li> Administrator zbiera dane dobrowolnie, jednak s\u0105 one niezb\u0119dne do realizacji \u017c\u0105da\u0144 u\u017cytkownika. <\/li>\n                            <li> Administrator zastrzega sobie prawo do zmian w polityce prywatno\u015bci wynikaj\u0105cych z rozwoju technologii lub zmian prawa. <\/li>\n                            <li> Strona mo\u017ce zawiera\u0107 linki do innych serwis\u00f3w, kt\u00f3re dzia\u0142aj\u0105 niezale\u017cnie i posiadaj\u0105 w\u0142asne polityki prywatno\u015bci. <\/li>\n                          <\/ol>\n                          <h3>II Przetwarzanie danych osobowych<\/h3>\n                          <ol>\n                            <li> Administratorem danych osobowych jest Archidiecezja Lubelska z siedzib\u0105 w Lublinie przy ul. Prymasa Stefana Wyszy\u0144skiego 2. <\/li>\n                            <li> W sprawach danych osobowych kontakt: <a href=\"mailto:kiod@diecezja.lublin.pl\">kiod@diecezja.lublin.pl<\/a>\n                            <\/li>\n                            <li> U\u017cytkownik ma prawo do: <ul>\n                                <li>dost\u0119pu do danych,<\/li>\n                                <li>sprostowania danych,<\/li>\n                                <li>usuni\u0119cia danych,<\/li>\n                                <li>ograniczenia przetwarzania,<\/li>\n                                <li>sprzeciwu,<\/li>\n                                <li>przenoszenia danych,<\/li>\n                                <li>wniesienia skargi do organu nadzorczego,<\/li>\n                                <li>odwo\u0142ania zgody.<\/li>\n                              <\/ul>\n                            <\/li>\n                            <li> Dane s\u0105 chronione przed dost\u0119pem os\u00f3b nieupowa\u017cnionych. <\/li>\n                            <li> Dane nie s\u0105 profilowane ani przekazywane poza UE. <\/li>\n                            <li> Dane mog\u0105 by\u0107 przekazywane: <ul>\n                                <li>firmom hostingowym,<\/li>\n                                <li>podmiotom IT,<\/li>\n                                <li>organom pa\u0144stwowym je\u015bli wymagaj\u0105 tego przepisy.<\/li>\n                              <\/ul>\n                            <\/li>\n                            <li> Cele przetwarzania: <p>\n                                <strong>Kontakt e-mailowy, imi\u0119, nazwisko, numer telefonu<\/strong>\n                              <\/p>\n                              <p> Dane przekazywane s\u0105 dobrowolnie i przetwarzane w celu kontaktu oraz archiwizacji korespondencji. <\/p>\n                            <\/li>\n                          <\/ol>\n                          <h3>III Polityka plik\u00f3w cookies<\/h3>\n                          <ol>\n                            <li> Strona automatycznie zbiera informacje zawarte w plikach cookies. <\/li>\n                            <li> Cookies to pliki tekstowe przechowywane w urz\u0105dzeniu u\u017cytkownika. <\/li>\n                            <li> Strona wykorzystuje cookies w celu: <ul>\n                                <li>dopasowania tre\u015bci do u\u017cytkownika,<\/li>\n                                <li>tworzenia statystyk,<\/li>\n                                <li>utrzymania sesji u\u017cytkownika.<\/li>\n                              <\/ul>\n                            <\/li>\n                            <li> Strona wykorzystuje cookies sesyjne i sta\u0142e. <\/li>\n                            <li> U\u017cytkownik mo\u017ce zmieni\u0107 ustawienia cookies w przegl\u0105darce. <\/li>\n                            <li> Cookies mog\u0105 by\u0107 udost\u0119pniane partnerom (np. Google, Facebook). <\/li>\n                            <li> Strona korzysta z narz\u0119dzi: <ul>\n                                <li>Google Analytics<\/li>\n                                <li>Facebook Pixel<\/li>\n                              <\/ul>\n                            <\/li>\n                            <li> Logi serwera zawieraj\u0105 dane techniczne (IP, przegl\u0105darka, czas wizyty). <\/li>\n                            <li> Dane z log\u00f3w nie s\u0105 kojarzone z konkretnymi osobami. <\/li>\n                            <li> W sprawach nieuregulowanych obowi\u0105zuje RODO oraz prawo polskie. <\/li>\n                          <\/ol>\n                          <p>\n                            <strong>W razie pyta\u0144 jeste\u015bmy do dyspozycji.<\/strong>\n                          <\/p>\n                        <\/div>\n                      <\/div>\n                    <\/div>\n                  <\/div>\n                <\/div>\n              <\/div>\n            <\/div>\n          <\/div>\n        <\/div>\n      <\/div>\n    <\/section>\n    \n    \n    \n    \n  \n<\/div>","protected":false},"excerpt":{"rendered":"<p>POLITYKA PRYWATNO\u015aCI I PLIKI COOKIES Niniejsza Polityka Prywatno\u015bci okre\u015bla zasady przetwarzania i ochrony danych osobowych przekazanych przez U\u017cytkownik\u00f3w za po\u015brednictwem strony internetowej https:\/\/archidiecezjalubelska.pl\/ (Strona) oraz poczty elektronicznej wskazanej na stronie do kontaktu. Administratorem danych osobowych jest: Archidiecezja Lubelska z siedzib\u0105 w Lublinie przy ul. Prymasa Stefana Wyszy\u0144skiego 2, 20-950 Lublin, NIP 9461834357, REGON 040014525, tel. &hellip; <a href=\"https:\/\/new.archidiecezjalubelska.pl\/index.php\/polityka-prywatnosci\/\" class=\"more-link\">Continue reading<span class=\"screen-reader-text\"> &#8220;Polityka prywatno\u015bci&#8221;<\/span><\/a><\/p>\n","protected":false},"author":1,"featured_media":0,"parent":0,"menu_order":0,"comment_status":"closed","ping_status":"open","template":"","meta":{"footnotes":""},"class_list":["post-3","page","type-page","status-publish","hentry"],"_links":{"self":[{"href":"https:\/\/new.archidiecezjalubelska.pl\/index.php\/wp-json\/wp\/v2\/pages\/3","targetHints":{"allow":["GET"]}}],"collection":[{"href":"https:\/\/new.archidiecezjalubelska.pl\/index.php\/wp-json\/wp\/v2\/pages"}],"about":[{"href":"https:\/\/new.archidiecezjalubelska.pl\/index.php\/wp-json\/wp\/v2\/types\/page"}],"author":[{"embeddable":true,"href":"https:\/\/new.archidiecezjalubelska.pl\/index.php\/wp-json\/wp\/v2\/users\/1"}],"replies":[{"embeddable":true,"href":"https:\/\/new.archidiecezjalubelska.pl\/index.php\/wp-json\/wp\/v2\/comments?post=3"}],"version-history":[{"count":5,"href":"https:\/\/new.archidiecezjalubelska.pl\/index.php\/wp-json\/wp\/v2\/pages\/3\/revisions"}],"predecessor-version":[{"id":67052,"href":"https:\/\/new.archidiecezjalubelska.pl\/index.php\/wp-json\/wp\/v2\/pages\/3\/revisions\/67052"}],"wp:attachment":[{"href":"https:\/\/new.archidiecezjalubelska.pl\/index.php\/wp-json\/wp\/v2\/media?parent=3"}],"curies":[{"name":"wp","href":"https:\/\/api.w.org\/{rel}","templated":true}]}}