{"id":338,"date":"2025-05-25T10:54:39","date_gmt":"2025-05-25T08:54:39","guid":{"rendered":"http:\/\/hosting2545269.online.pro\/autoinstalator\/wordpress6\/?page_id=338"},"modified":"2026-03-20T13:17:37","modified_gmt":"2026-03-20T12:17:37","slug":"urzedy-i-funkcje-diecezjalne","status":"publish","type":"page","link":"https:\/\/new.archidiecezjalubelska.pl\/index.php\/urzedy-i-funkcje-diecezjalne\/","title":{"rendered":"Urz\u0119dy i funkcje diecezjalne"},"content":{"rendered":"<div class=\"woocommerce\">\n    \n    <section class=\"u-clearfix u-white u-section-2\" id=\"block-2\">\n      <div class=\"u-clearfix u-sheet u-valign-middle-lg u-valign-middle-md u-valign-middle-sm u-sheet-1\">\n        <div class=\"data-layout-selected u-clearfix u-expanded-width-xs u-layout-wrap u-layout-wrap-1\">\n          <div class=\"u-gutter-0 u-layout\" style=\"\">\n            <div class=\"u-layout-row\" style=\"\">\n              <div class=\"u-container-style u-layout-cell u-shape-rectangle u-size-60 u-size-60-md u-layout-cell-1\">\n                <div class=\"u-container-layout u-valign-top u-container-layout-1\">\n                  <p class=\"u-text u-text-custom-color-3 u-text-default u-text-1\">Urz\u0119dy i funkcje diecezjalne<\/p>\n                  <div class=\"u-align-left u-container-align-left u-container-style u-custom-color-2 u-expanded-width-xs u-group u-group-1\">\n                    <div class=\"u-container-layout u-valign-middle-lg u-valign-middle-md u-valign-middle-sm u-valign-middle-xs u-container-layout-2\">\n                      <p class=\"u-text u-text-2\"><span style=\"font-weight: 700;\"> BISKUP DIECEZJALNY:<\/span><span style=\"font-weight: 700;\">\n                          <br><span style=\"font-weight: 400;\">Abp&nbsp;<\/span><\/span>Stanis\u0142aw Budzik<br>\n                        <br><span style=\"font-weight: 700;\">WIKARIUSZE GENERALNI \/ BISKUPI POMOCNICZY:<\/span>\n                        <br>Bp Adam Bab<br>Bp Artur Mizi\u0144ski<br>Bp J\u00f3zef Wr\u00f3bel<br>\n                        <br><span style=\"font-weight: 700;\">WIKARIUSZE BISKUPI:<\/span>\n                        <br>Ks. Tadeusz Pajurek (ds. personalnych)<br>Ks. Bogus\u0142aw Migut (ds. formacji sta\u0142ej kap\u0142an\u00f3w)<br>Ks. Adam Lewandowski (ds. instytut\u00f3w \u017cycia konsekrowanego i stowarzysze\u0144 \u017cycia apostolskiego)<br>Ks. Marek Szyma\u0144ski (ds. kultury)<br>\n                        <br><span style=\"font-weight: 700;\">WIKARIUSZ S\u0104DOWY (OFICJA\u0141):<\/span>\n                        <br>Ks. Leszek Adamowicz<br><span style=\"font-weight: 700;\">\n                          <br>KANCLERZ KURII METROPOLITALNEJ:<\/span>\n                        <br>Ks. Adam Jaszcz<br>\n                        <br><span style=\"font-weight: 700;\">EKONOM ARCHIDIECEZJI:<\/span>\n                        <br>Ks. Jaros\u0142aw Orkiszewski<br>\n                        <br><span style=\"font-weight: 700;\">RZECZNIK ARCHIDIECEZJI:<\/span>\n                        <br>Ks. Adam Jaszcz<br>\n                        <br><span style=\"font-weight: 700;\">DELEGAT DS. OCHRONY DZIECI I M\u0141ODZIE\u017bY:<\/span>\n                        <br>Ks. Marek Szo\u0142dra<br>\n                        <br><span style=\"font-weight: 700;\">WIZYTATORZY ARCHIDIECEZJALNI:<\/span>\n                        <br>Ks. Jan Ha\u0142asa<br>Ks. Cezary Kostro<br>Ks. J\u00f3zef Maci\u0105g<br>Ks. Tomasz Maj<br>Ks. Jaros\u0142aw Orkiszewski<br>Ks.<span style=\"font-weight: 700;\">&nbsp;<span style=\"font-weight: 400;\">Krzysztof Podstawka<\/span><\/span>\n                        <br>Ks. Adam Raczkowski<br>Ks. Andrzej Woch\n                      <\/p>\n                    <\/div>\n                  <\/div>\n                <\/div>\n              <\/div>\n            <\/div>\n          <\/div>\n        <\/div>\n      <\/div>\n    <\/section>\n    \n    \n    \n    \n  \n<\/div>","protected":false},"excerpt":{"rendered":"<p>Urz\u0119dy i funkcje diecezjalne BISKUP DIECEZJALNY: Abp&nbsp;Stanis\u0142aw Budzik WIKARIUSZE GENERALNI \/ BISKUPI POMOCNICZY: Bp Adam BabBp Artur Mizi\u0144skiBp J\u00f3zef Wr\u00f3bel WIKARIUSZE BISKUPI: Ks. Tadeusz Pajurek (ds. personalnych)Ks. Bogus\u0142aw Migut (ds. formacji sta\u0142ej kap\u0142an\u00f3w)Ks. Adam Lewandowski (ds. instytut\u00f3w \u017cycia konsekrowanego i stowarzysze\u0144 \u017cycia apostolskiego)Ks. Marek Szyma\u0144ski (ds. kultury) WIKARIUSZ S\u0104DOWY (OFICJA\u0141): Ks. Leszek Adamowicz KANCLERZ KURII &hellip; <a href=\"https:\/\/new.archidiecezjalubelska.pl\/index.php\/urzedy-i-funkcje-diecezjalne\/\" class=\"more-link\">Continue reading<span class=\"screen-reader-text\"> &#8220;Urz\u0119dy i funkcje diecezjalne&#8221;<\/span><\/a><\/p>\n","protected":false},"author":1,"featured_media":0,"parent":0,"menu_order":0,"comment_status":"closed","ping_status":"closed","template":"","meta":{"footnotes":""},"class_list":["post-338","page","type-page","status-publish","hentry"],"_links":{"self":[{"href":"https:\/\/new.archidiecezjalubelska.pl\/index.php\/wp-json\/wp\/v2\/pages\/338","targetHints":{"allow":["GET"]}}],"collection":[{"href":"https:\/\/new.archidiecezjalubelska.pl\/index.php\/wp-json\/wp\/v2\/pages"}],"about":[{"href":"https:\/\/new.archidiecezjalubelska.pl\/index.php\/wp-json\/wp\/v2\/types\/page"}],"author":[{"embeddable":true,"href":"https:\/\/new.archidiecezjalubelska.pl\/index.php\/wp-json\/wp\/v2\/users\/1"}],"replies":[{"embeddable":true,"href":"https:\/\/new.archidiecezjalubelska.pl\/index.php\/wp-json\/wp\/v2\/comments?post=338"}],"version-history":[{"count":10,"href":"https:\/\/new.archidiecezjalubelska.pl\/index.php\/wp-json\/wp\/v2\/pages\/338\/revisions"}],"predecessor-version":[{"id":66469,"href":"https:\/\/new.archidiecezjalubelska.pl\/index.php\/wp-json\/wp\/v2\/pages\/338\/revisions\/66469"}],"wp:attachment":[{"href":"https:\/\/new.archidiecezjalubelska.pl\/index.php\/wp-json\/wp\/v2\/media?parent=338"}],"curies":[{"name":"wp","href":"https:\/\/api.w.org\/{rel}","templated":true}]}}