{"id":379,"date":"2025-05-25T11:14:52","date_gmt":"2025-05-25T09:14:52","guid":{"rendered":"http:\/\/hosting2545269.online.pro\/autoinstalator\/wordpress6\/?page_id=379"},"modified":"2026-03-20T13:04:33","modified_gmt":"2026-03-20T12:04:33","slug":"rada-kaplanska","status":"publish","type":"page","link":"https:\/\/new.archidiecezjalubelska.pl\/index.php\/rada-kaplanska\/","title":{"rendered":"Rada Kap\u0142a\u0144ska"},"content":{"rendered":"<div class=\"woocommerce\">\n    \n    <section class=\"u-clearfix u-white u-section-2\" id=\"block-2\">\n      <div class=\"u-clearfix u-sheet u-valign-middle-lg u-valign-middle-md u-valign-middle-sm u-sheet-1\">\n        <div class=\"data-layout-selected u-clearfix u-expanded-width-xs u-layout-wrap u-layout-wrap-1\">\n          <div class=\"u-gutter-0 u-layout\" style=\"\">\n            <div class=\"u-layout-row\" style=\"\">\n              <div class=\"u-container-style u-layout-cell u-shape-rectangle u-size-60 u-size-60-md u-layout-cell-1\">\n                <div class=\"u-container-layout u-valign-bottom-xs u-valign-top-lg u-valign-top-md u-valign-top-sm u-valign-top-xl u-container-layout-1\">\n                  <p class=\"u-text u-text-custom-color-3 u-text-default u-text-1\">Rada Kap\u0142a\u0144ska<\/p>\n                  <div class=\"u-align-left u-container-align-left u-container-style u-custom-color-2 u-expanded-width-xs u-group u-group-1\">\n                    <div class=\"u-container-layout u-valign-bottom-lg u-valign-bottom-md u-valign-bottom-sm u-valign-bottom-xs u-container-layout-2\">\n                      <p class=\"u-text u-text-2\"><span style=\"font-weight: 700;\"> RADA KAP\u0141A\u0143SKA<br>\n                          <br>Cz\u0142onkowie z urz\u0119du:<\/span>\n                        <br>\n                        <br>Bp&nbsp;Adam Bab, biskup pomocniczy, wikariusz generalny<br>Bp&nbsp;Artur Mizi\u0144ski, biskup pomocniczy, wikariusz generalny<br>Bp&nbsp;J\u00f3zef Wr\u00f3bel, biskup pomocniczy, wikariusz generalny<br>Ks.&nbsp;Adam Lewandowski, wikariusz biskupi ds. instytut\u00f3w \u017cycia konsekrowanego i stowarzysze\u0144 \u017cycia apostolskiego<br>Ks.&nbsp;Bogus\u0142aw Migut, wikariusz biskupi ds. formacji sta\u0142ej kap\u0142an\u00f3w Archidiecezji Lubelskiej<br>Ks.&nbsp;Tadeusz Pajurek, wikariusz biskupi ds. personalnych<br>Ks.&nbsp;Marek Szyma\u0144ski, wikariusz biskupi ds. kultury<br>Ks.&nbsp;Leszek Adamowicz, wikariusz s\u0105dowy<br>Ks.&nbsp;Adam Jaszcz, kanclerz Kurii Metropolitalnej<br>Ks.&nbsp;Krzysztof Ga\u0142an, dyrektor Wydzia\u0142u Wychowania Katolickiego<br>Ks.&nbsp;Jaros\u0142aw Orkiszewski, ekonom Archidiecezji Lubelskiej<br>Ks.&nbsp;Ryszard Podpora, dyrektor Wydzia\u0142u Duszpasterstwa<br>Ks.&nbsp;Jaros\u0142aw Marczewski, rektor Wy\u017cszego Seminarium Duchownego<br>Ks.&nbsp;Andrzej Sternik, dziekan Kapitu\u0142y Kolegiackiej Che\u0142mskiej<br>\n                        <br><span style=\"font-weight: 700;\">Cz\u0142onkowie z wyboru:<\/span>\n                        <br>\n                        <br>Ks.&nbsp;Karol Serkis, lista nr 1 (1952-1965)<br>Ks.&nbsp;Czes\u0142aw Krakowiak, lista nr 2 (1966-1971)<br>Ks.&nbsp;Aleksander Ze\u0144, lista nr 3 (1972-1977)<br>Ks.&nbsp;Krzysztof G\u00f3\u017ad\u017a, lista nr 4 (1978 -1982)<br>Ks.&nbsp;Eugeniusz Zar\u0119bi\u0144ski, lista nr 5 (1983-1984)<br>Ks.&nbsp;Marek Maj, lista nr 6 (1985-1986)<br>Ks.&nbsp;S\u0142awomir Laskowski, lista nr 7 (1987-1989)<br>Ks.&nbsp;Krzysztof Miko\u0142ajczuk, lista nr 8 (1990-1991)<br>Ks.&nbsp;Jerzy Cie\u015blicki, lista nr 9 (1992 i 1995)<br>Ks.&nbsp;Roman Bednarczyk, lista nr 10 (1993-1994)<br>Ks.&nbsp;Andrzej Szulej, lista nr 11 (1996-1997)<br>Ks.&nbsp;S\u0142awomir Jargie\u0142\u0142o, lista nr 12 (1998-2000)<br>Ks.&nbsp;Grzegorz Bzdyrak, lista nr 13 (2001-2003)<br>Ks.&nbsp;Tomasz \u0141ozowski, lista nr 14 (2004-2006)<br>Ks. Sebastian Dec, lista nr 15 (2007-2009)<br>Ks.&nbsp;Grzegorz Krupa, lista nr 16 (2010-2013)<br>Ks.&nbsp;Jakub Olech, lista nr 17 (2014-2016)<br>Ks.&nbsp;Szymon Majewski, lista nr 18 (2017-2021)<br>Ks.&nbsp;S\u0142awomir Paw\u0142owski&nbsp;SAC, lista nr 19 (kap\u0142ani zakonni)<br>\n                        <br><span style=\"font-weight: 700;\">Cz\u0142onkowie z nominacji:<\/span>\n                        <br>\n                        <br>Bp&nbsp;Mieczys\u0142aw Cis\u0142o, biskup pomocniczy senior<br>Ks.&nbsp;<span style=\"font-weight: 700;\"><span style=\"font-weight: 400;\">Tadeusz K\u0105dzio\u0142ka<\/span>,<\/span> dziekan senior Kapitu\u0142y Kolegiackiej w Che\u0142mie<br>Ks. Krzysztof Kwiatkowski, kustosz Sanktuarium NMP P\u0142acz\u0105cej<br>Ks.&nbsp;Antoni Nadbrze\u017cny, profesor KUL<br>Ks.&nbsp;Piotr Skwira, moderator kancelarii S\u0105du Metropolitalnego<br>Ks.&nbsp;Marek Warcho\u0142, kustosz Sanktuarium MB Latyczowskiej<br>\n                        <br>\n                      <\/p>\n                    <\/div>\n                  <\/div>\n                <\/div>\n              <\/div>\n            <\/div>\n          <\/div>\n        <\/div>\n      <\/div>\n    <\/section>\n    \n    \n    \n    \n  \n<\/div>","protected":false},"excerpt":{"rendered":"<p>Rada Kap\u0142a\u0144ska RADA KAP\u0141A\u0143SKA Cz\u0142onkowie z urz\u0119du: Bp&nbsp;Adam Bab, biskup pomocniczy, wikariusz generalnyBp&nbsp;Artur Mizi\u0144ski, biskup pomocniczy, wikariusz generalnyBp&nbsp;J\u00f3zef Wr\u00f3bel, biskup pomocniczy, wikariusz generalnyKs.&nbsp;Adam Lewandowski, wikariusz biskupi ds. instytut\u00f3w \u017cycia konsekrowanego i stowarzysze\u0144 \u017cycia apostolskiegoKs.&nbsp;Bogus\u0142aw Migut, wikariusz biskupi ds. formacji sta\u0142ej kap\u0142an\u00f3w Archidiecezji LubelskiejKs.&nbsp;Tadeusz Pajurek, wikariusz biskupi ds. personalnychKs.&nbsp;Marek Szyma\u0144ski, wikariusz biskupi ds. kulturyKs.&nbsp;Leszek Adamowicz, wikariusz &hellip; <a href=\"https:\/\/new.archidiecezjalubelska.pl\/index.php\/rada-kaplanska\/\" class=\"more-link\">Continue reading<span class=\"screen-reader-text\"> &#8220;Rada Kap\u0142a\u0144ska&#8221;<\/span><\/a><\/p>\n","protected":false},"author":1,"featured_media":0,"parent":0,"menu_order":0,"comment_status":"closed","ping_status":"closed","template":"","meta":{"footnotes":""},"class_list":["post-379","page","type-page","status-publish","hentry"],"_links":{"self":[{"href":"https:\/\/new.archidiecezjalubelska.pl\/index.php\/wp-json\/wp\/v2\/pages\/379","targetHints":{"allow":["GET"]}}],"collection":[{"href":"https:\/\/new.archidiecezjalubelska.pl\/index.php\/wp-json\/wp\/v2\/pages"}],"about":[{"href":"https:\/\/new.archidiecezjalubelska.pl\/index.php\/wp-json\/wp\/v2\/types\/page"}],"author":[{"embeddable":true,"href":"https:\/\/new.archidiecezjalubelska.pl\/index.php\/wp-json\/wp\/v2\/users\/1"}],"replies":[{"embeddable":true,"href":"https:\/\/new.archidiecezjalubelska.pl\/index.php\/wp-json\/wp\/v2\/comments?post=379"}],"version-history":[{"count":9,"href":"https:\/\/new.archidiecezjalubelska.pl\/index.php\/wp-json\/wp\/v2\/pages\/379\/revisions"}],"predecessor-version":[{"id":66466,"href":"https:\/\/new.archidiecezjalubelska.pl\/index.php\/wp-json\/wp\/v2\/pages\/379\/revisions\/66466"}],"wp:attachment":[{"href":"https:\/\/new.archidiecezjalubelska.pl\/index.php\/wp-json\/wp\/v2\/media?parent=379"}],"curies":[{"name":"wp","href":"https:\/\/api.w.org\/{rel}","templated":true}]}}