{"id":415,"date":"2025-05-25T11:29:39","date_gmt":"2025-05-25T09:29:39","guid":{"rendered":"http:\/\/hosting2545269.online.pro\/autoinstalator\/wordpress6\/?page_id=415"},"modified":"2026-03-23T11:25:35","modified_gmt":"2026-03-23T10:25:35","slug":"rady-i-komisje-archidiecezjal","status":"publish","type":"page","link":"https:\/\/new.archidiecezjalubelska.pl\/index.php\/rady-i-komisje-archidiecezjal\/","title":{"rendered":"Rady i Komisje Archidiecezjal"},"content":{"rendered":"<div class=\"woocommerce\">\n    \n    <section class=\"u-clearfix u-white u-section-2\" id=\"block-2\">\n      <div class=\"u-clearfix u-sheet u-valign-middle-lg u-valign-middle-md u-valign-middle-sm u-valign-top-xs u-sheet-1\">\n        <div class=\"data-layout-selected u-clearfix u-expanded-width-xs u-layout-wrap u-layout-wrap-1\">\n          <div class=\"u-gutter-0 u-layout\">\n            <div class=\"u-layout-row\">\n              <div class=\"u-container-style u-layout-cell u-shape-rectangle u-size-60 u-size-60-md u-layout-cell-1\">\n                <div class=\"u-container-layout u-valign-top-lg u-valign-top-md u-valign-top-sm u-valign-top-xs u-container-layout-1\">\n                  <p class=\"u-align-center-xs u-text u-text-custom-color-3 u-text-default-lg u-text-default-md u-text-default-sm u-text-default-xl u-text-1\">Rady i Komisje Archidiecezjalne<\/p>\n                  <div class=\"u-align-left u-container-align-left u-container-style u-custom-color-2 u-group u-group-1\">\n                    <div class=\"u-container-layout u-valign-middle-lg u-valign-middle-md u-valign-middle-sm u-valign-middle-xs u-container-layout-2\">\n                      <p class=\"u-text u-text-2\"><span style=\"font-weight: 700;\"> Archidiecezjalna Rada ds. Ekonomicznych<\/span>\n                        <br>\n                        <br>Przewodnicz\u0105cy:&nbsp;Bp Adam Bab<br>\n                        <br>Cz\u0142onkowie:<br>Ks. Andrzej Ju\u017ako<br>Ks. Dariusz Tkaczyk<br>Ks. Marek Warcho\u0142<br>Ks. Krzysztof Krakowiak<br>\n                        <br><span style=\"font-weight: 700;\">Archidiecezjalna Komisja ds. Liturgii i Duszpasterstwa Liturgicznego<\/span>\n                        <br>\n                        <br>Przewodnicz\u0105cy:&nbsp;Ks. Bogus\u0142aw Migut<br>Zast\u0119pca przewodnicz\u0105cego:&nbsp;Ks. Micha\u0142 G\u0142owacki<br>Sekretarz:&nbsp;Ks. Grzegorz Bogda\u0144ski<br>\n                        <br>Cz\u0142onkowie:<br>Ks. Tomasz Lisiecki<br>Ks. Marcin Grzesiak<br>Ks. Micha\u0142 Zyba\u0142a<br>Ks. Pawe\u0142 Bartoszewski<br>Ks. Jerzy Krawczyk<br>Ks. Pawe\u0142 Szczygli\u0144ski<br>Ks. Micha\u0142 Sidor<br>S. Maura Leszek OSB<br>Maciej Matejko (Ruch \u015awiat\u0142o-\u017bycie)<br>\n                        <br><span style=\"font-weight: 700;\">Archidiecezjalna Komisja Artystyczna<\/span>\n                        <br>\n                        <br>Przewodnicz\u0105cy: Ks. Adam Lewandowski<br>\n                        <br>Cz\u0142onkowie:<br>Ks. Henryk Kapica<br>Ks. Andrzej Oleszko<br>Ks. Tadeusz Stolz<br>Ks. \u0141ukasz Trzci\u0144ski<br>Krzysztof Kawiak<br>Urszula Mazurczak<br>S. Maristella Siennicka&nbsp;PDDM<br>\n                        <br><span style=\"font-weight: 700;\">Archidiecezjalna Rada Ekumeniczna<\/span>\n                        <br>\n                        <br>Przewodnicz\u0105cy:&nbsp;Ks.&nbsp;S\u0142awomir Paw\u0142owski&nbsp;SAC<br>\n                        <br>Cz\u0142onkowie:<br>Ks. Adam Lewandowski<br>Ks. Andrzej Sternik<br>S\u0142awomir \u017burek<br>S.&nbsp;Anna Bi\u0144kowska<br>Lucjan Zwolak<br>\n                        <br><span style=\"font-weight: 700;\">Rada Ruch\u00f3w, Wsp\u00f3lnot Formacyjnych i Stowarzysze\u0144 Katolickich Archidiecezji Lubelskiej<\/span>\n                        <br>\n                        <br>Asystent ko\u015bcielny:&nbsp;Ks. Micha\u0142 Zyba\u0142a<br>Przewodnicz\u0105cy:&nbsp;Tomasz Iwa\u0144ski (Koinonia Jan Chrzciciel)<br>Zast\u0119pca przewodnicz\u0105cego:&nbsp;Edyta Brzezi\u0144ska (Instytut Ewangelizacji \u015awiata ICPE)<br>Sekretarz: Monika Popek (Rodzina Serca Mi\u0142o\u015bci Ukrzy\u017cowanej)<br>\n                        <br>Cz\u0142onkowie:<br>Ewa Adamowicz (Przyjaciele Oblubie\u0144ca)<br>Rados\u0142aw Brz\u00f3zka (KIK)<br>Marek Chr\u00f3l (Ruch Rodzin Nazareta\u0144skich)<br>Marek Dobrowolski (Chemin Neuf)<br>Bo\u017cena Gr\u0105dziel (Ruch Focolari)<br>Joanna Iwa\u0144ska (Koinonia Jan Chrzciciel)<br>Anna \u0141o\u015b (Stowarzyszenie Agape)<br>Waldemar Kotowicz (Droga Neokatechumenalna)<br>\n                        <br><span style=\"font-weight: 700;\">Archidiecezjalna Komisja ds. Muzyki Ko\u015bcielnej<\/span>\n                        <br>\n                        <br>Przewodnicz\u0105cy:&nbsp;Ks. Tomasz Lisiecki<br>\n                        <br>Cz\u0142onkowie:<br>Jaros\u0142aw Borowski<br>Stanis\u0142aw Maryjewski<br>Adam \u0141aguna<br>Mieczys\u0142aw Mazurek<br>Grzegorz Pazik<br>\n                        <br><span style=\"font-weight: 700;\">Archidiecezjalna Komisja ds. Budownictwa Sakralnego<\/span>\n                        <br>\n                        <br>Przewodnicz\u0105cy: Ks. Tadeusz Pajurek<br>\n                        <br>Cz\u0142onkowie:<br>Ks. Jerzy Latawiec<br>Ks. Adam Lewandowski<br>Ks. Mariusz Nakonieczny<br>Ks. Marek Warcho\u0142<br>Ks. Bogdan Zag\u00f3rski<br>\n                        <br><span style=\"font-weight: 700;\">Delegat Biskupa ds. Misji w Archidiecezji Lubelskiej i Dyrektor Papieskich Dzie\u0142 Misyjnych<\/span>\n                        <br>Ks. Wojciech Rebeta<br>\n                        <br><span style=\"font-weight: 700;\">Cenzorzy do oceny ksi\u0105g przy Kurii Metropolitalnej<\/span>\n                        <br>\n                        <br>Ks. Adam Kaczor<br>Ks. Antoni Nadbrze\u017cny<br>Ks. Piotr Szczur<br>Ks. Zbigniew W\u00f3jtowicz\n                      <\/p>\n                    <\/div>\n                  <\/div>\n                <\/div>\n              <\/div>\n            <\/div>\n          <\/div>\n        <\/div>\n      <\/div>\n    <\/section>\n    \n    \n    \n    \n  \n<\/div>","protected":false},"excerpt":{"rendered":"<p>Rady i Komisje Archidiecezjalne Archidiecezjalna Rada ds. Ekonomicznych Przewodnicz\u0105cy:&nbsp;Bp Adam Bab Cz\u0142onkowie:Ks. Andrzej Ju\u017akoKs. Dariusz TkaczykKs. Marek Warcho\u0142Ks. Krzysztof Krakowiak Archidiecezjalna Komisja ds. Liturgii i Duszpasterstwa Liturgicznego Przewodnicz\u0105cy:&nbsp;Ks. Bogus\u0142aw MigutZast\u0119pca przewodnicz\u0105cego:&nbsp;Ks. Micha\u0142 G\u0142owackiSekretarz:&nbsp;Ks. Grzegorz Bogda\u0144ski Cz\u0142onkowie:Ks. Tomasz LisieckiKs. Marcin GrzesiakKs. Micha\u0142 Zyba\u0142aKs. Pawe\u0142 BartoszewskiKs. Jerzy KrawczykKs. Pawe\u0142 Szczygli\u0144skiKs. Micha\u0142 SidorS. Maura Leszek OSBMaciej Matejko (Ruch &hellip; <a href=\"https:\/\/new.archidiecezjalubelska.pl\/index.php\/rady-i-komisje-archidiecezjal\/\" class=\"more-link\">Continue reading<span class=\"screen-reader-text\"> &#8220;Rady i Komisje Archidiecezjal&#8221;<\/span><\/a><\/p>\n","protected":false},"author":1,"featured_media":0,"parent":0,"menu_order":0,"comment_status":"closed","ping_status":"closed","template":"","meta":{"footnotes":""},"class_list":["post-415","page","type-page","status-publish","hentry"],"_links":{"self":[{"href":"https:\/\/new.archidiecezjalubelska.pl\/index.php\/wp-json\/wp\/v2\/pages\/415","targetHints":{"allow":["GET"]}}],"collection":[{"href":"https:\/\/new.archidiecezjalubelska.pl\/index.php\/wp-json\/wp\/v2\/pages"}],"about":[{"href":"https:\/\/new.archidiecezjalubelska.pl\/index.php\/wp-json\/wp\/v2\/types\/page"}],"author":[{"embeddable":true,"href":"https:\/\/new.archidiecezjalubelska.pl\/index.php\/wp-json\/wp\/v2\/users\/1"}],"replies":[{"embeddable":true,"href":"https:\/\/new.archidiecezjalubelska.pl\/index.php\/wp-json\/wp\/v2\/comments?post=415"}],"version-history":[{"count":10,"href":"https:\/\/new.archidiecezjalubelska.pl\/index.php\/wp-json\/wp\/v2\/pages\/415\/revisions"}],"predecessor-version":[{"id":66512,"href":"https:\/\/new.archidiecezjalubelska.pl\/index.php\/wp-json\/wp\/v2\/pages\/415\/revisions\/66512"}],"wp:attachment":[{"href":"https:\/\/new.archidiecezjalubelska.pl\/index.php\/wp-json\/wp\/v2\/media?parent=415"}],"curies":[{"name":"wp","href":"https:\/\/api.w.org\/{rel}","templated":true}]}}