{"id":451,"date":"2025-05-25T11:53:26","date_gmt":"2025-05-25T09:53:26","guid":{"rendered":"http:\/\/hosting2545269.online.pro\/autoinstalator\/wordpress6\/?page_id=451"},"modified":"2026-03-23T13:27:30","modified_gmt":"2026-03-23T12:27:30","slug":"adam-bab","status":"publish","type":"page","link":"https:\/\/new.archidiecezjalubelska.pl\/index.php\/adam-bab\/","title":{"rendered":"Adam Bab"},"content":{"rendered":"<div class=\"woocommerce\">\n    \n    <section class=\"u-clearfix u-white u-section-2\" id=\"sec-24d3\">\n      <div class=\"u-clearfix u-sheet u-valign-middle-lg u-valign-middle-md u-valign-middle-sm u-sheet-1\">\n        <div class=\"data-layout-selected u-clearfix u-expanded-width-xs u-layout-wrap u-layout-wrap-1\">\n          <div class=\"u-gutter-0 u-layout\" style=\"\">\n            <div class=\"u-layout-row\" style=\"\">\n              <div class=\"u-container-style u-layout-cell u-shape-rectangle u-size-60 u-size-60-md u-layout-cell-1\">\n                <div class=\"u-container-layout u-valign-top-lg u-valign-top-md u-valign-top-sm u-valign-top-xs u-container-layout-1\">\n                  <div class=\"custom-expanded u-align-left u-container-align-left u-container-style u-group u-white u-group-1\">\n                    <div class=\"u-container-layout u-container-layout-2\">\n                      <div class=\"u-container-style u-custom-color-12 u-expanded-width u-group u-group-2\">\n                        <div class=\"u-container-layout u-valign-middle u-container-layout-3\">\n                          <h5 class=\"u-custom-font u-font-merriweather u-text u-text-black u-text-default u-text-1\">Biskup Adam Bab<\/h5>\n                        <\/div>\n                      <\/div>\n                      <img decoding=\"async\" class=\"u-image u-image-default u-image-1\" src=\"https:\/\/archidiecezjalubelska.pl\/wp-content\/uploads\/2021\/05\/Bp_Adam_Bab-01.jpg\" alt=\"\" data-image-width=\"750\" data-image-height=\"1000\">\n                      <h5 class=\"u-custom-font u-font-merriweather u-text u-text-black u-text-default u-text-2\"> Biskup Adam Bab<\/h5>\n                      <h5 class=\"u-custom-font u-font-merriweather u-text u-text-3\">\u2022 Biskup Pomocniczy Archidiecezji Lubelskiej<\/h5>\n                      <h5 class=\"u-custom-font u-font-merriweather u-text u-text-4\">\u2022 Wikariusz Generalny Archidiecezji Lubelskiej<\/h5>\n                      <h5 class=\"u-custom-font u-font-merriweather u-text u-text-5\">\u2022 Doktor teologii<\/h5>\n                      <div class=\"custom-expanded u-container-style u-custom-color-12 u-group u-group-3\">\n                        <div class=\"u-container-layout u-valign-middle u-container-layout-4\">\n                          <h5 class=\"u-custom-font u-font-merriweather u-text u-text-black u-text-6\"><span style=\"font-weight: 700;\"> W Konferencji Episkopatu Polski:<\/span>\n                            <br>\n                            <br>\u2022 Przewodnicz\u0105cy Rady ds. Ekumenizmu<br>\u2022 Przewodnicz\u0105cy Bilateralnego Zespo\u0142u Katolicko-Prawos\u0142awnego<br>\u2022 Przewodnicz\u0105cy Zespo\u0142u ds. Kontakt\u00f3w z Polsk\u0105 Rad\u0105 Ekumeniczn\u0105<br>\u2022 Cz\u0142onek Rady ds. Duszpasterstwa M\u0142odzie\u017cy<br>\u2022 Delegat ds. Katolickiego Stowarzyszenia M\u0142odzie\u017cy\n                          <\/h5>\n                        <\/div>\n                      <\/div>\n                      <h5 class=\"u-custom-font u-font-merriweather u-text u-text-default u-text-7\">W SKR\u00d3CIE:<\/h5>\n                      <div class=\"custom-expanded u-container-style u-custom-color-12 u-group u-group-4\">\n                        <div class=\"u-container-layout u-valign-middle u-container-layout-5\">\n                          <h5 class=\"u-custom-font u-font-merriweather u-text u-text-black u-text-8\"> \u2022 urodzi\u0142 si\u0119 30 grudnia 1974 r. w Lublinie<br>\u2022 przyj\u0105\u0142 \u015bwi\u0119cenia prezbiteratu 22 maja 1999&nbsp;r. w Lublinie<br>\u2022 zosta\u0142 mianowany biskupem pomocniczym archidiecezji lubelskiej 22 maja 2020 r.<br>\u2022 przyj\u0105\u0142 \u015bwi\u0119cenia biskupie 29 czerwca 2020 r. w Lublinie\n                          <\/h5>\n                        <\/div>\n                      <\/div>\n                      <img decoding=\"async\" class=\"u-image u-image-default u-image-2\" src=\"https:\/\/archidiecezjalubelska.pl\/wp-content\/uploads\/2020\/06\/bpABab-herb.png\" alt=\"\" data-image-width=\"320\" data-image-height=\"395\">\n                      <h5 class=\"u-custom-font u-font-merriweather u-text u-text-9\"><span style=\"font-weight: 700;\">DEWIZA BISKUPIA:<\/span>\n                        <br>\n                        <br><span style=\"font-style: italic;\"> Cibus meus voluntas Tua<\/span>\n                        <br>\n                        <br><span style=\"font-style: italic;\"> (Moim pokarmem jest Twoja wola)<\/span>\n                      <\/h5>\n                      <h5 class=\"u-custom-font u-font-merriweather u-text u-text-default u-text-10\">Kontakt:<\/h5>\n                      <div class=\"custom-expanded u-container-style u-custom-color-12 u-group u-group-5\">\n                        <div class=\"u-container-layout u-valign-middle u-container-layout-6\">\n                          <h5 class=\"u-custom-font u-font-merriweather u-text u-text-black u-text-11\">ul. Prymasa Stefana Wyszy\u0144skiego 2<br>20-105 Lublin <br>\n                            <br>e-mail: \u200b\u200babab@episkopat.pl<br>\n                          <\/h5>\n                        <\/div>\n                      <\/div>\n                      <h5 class=\"u-custom-font u-font-merriweather u-text u-text-default u-text-12\">\u017byciorys:<br>\n                      <\/h5>\n                      <div class=\"custom-expanded u-align-justify u-container-style u-custom-color-12 u-group u-group-6\">\n                        <div class=\"u-container-layout u-valign-middle u-container-layout-7\">\n                          <h5 class=\"u-custom-font u-font-merriweather u-text u-text-black u-text-13\"> Bp Adam Bab urodzi\u0142 si\u0119 30 grudnia 1974 roku. Pochodzi z parafii pw. \u015bw. Bart\u0142omieja Aposto\u0142a w Niedrzwicy Ko\u015bcielnej, gdzie zosta\u0142 ochrzczony 26 stycznia 1975 roku. W Niedrzwicy uko\u0144czy\u0142 szko\u0142\u0119 podstawow\u0105. Edukacj\u0119 kontynuowa\u0142 w Lublinie, w II Liceum Og\u00f3lnokszta\u0142c\u0105cym im. Hetmana Jana Zamoyskiego, kt\u00f3re uko\u0144czy\u0142 w 1993 roku, uzyskuj\u0105c \u015bwiadectwo dojrza\u0142o\u015bci.<br>\n                            <br>Id\u0105c za g\u0142osem odkrytego powo\u0142ania, wst\u0105pi\u0142 do Metropolitalnego Seminarium Duchownego w Lublinie, gdzie odby\u0142 formacj\u0119 i studia teologiczne. \u015awi\u0119cenia prezbiteratu przyj\u0105\u0142 22 maja 1999 roku w archikatedrze lubelskiej z r\u0105k abp. J\u00f3zefa \u017byci\u0144skiego. Jako motto kap\u0142a\u0144skiej pos\u0142ugi przyj\u0105\u0142 s\u0142owa: \u201eMoim pokarmem jest wype\u0142ni\u0107 wol\u0119 Tego, kt\u00f3ry Mnie pos\u0142a\u0142, i wykona\u0107 Jego dzie\u0142o\u201d (J 4,34).<br>\n                            <br>Po \u015bwi\u0119ceniach kap\u0142a\u0144skich zosta\u0142 mianowany wikariuszem w parafii pw. Niepokalanego Pocz\u0119cia Naj\u015bwi\u0119tszej Maryi Panny w Lublinie (ko\u015bci\u00f3\u0142 garnizonowy). W 2000 roku zosta\u0142 skierowany do pracy duszpasterskiej w ko\u015bciele rektoralnym pw. Ducha \u015awi\u0119tego w Lublinie, a tak\u017ce na studia specjalistyczne z katechetyki na Katolickim Uniwersytecie Lubelskim. Prac\u0119 doktorsk\u0105, napisan\u0105 pod kierunkiem ks. prof. dr. hab. Stanis\u0142awa Kulpaczy\u0144skiego, obroni\u0142 w 2005 roku. W latach 2005-2010 by\u0142 rektorem ko\u015bcio\u0142a pw. Ducha \u015awi\u0119tego w Kra\u015bniku. Nast\u0119pnie zosta\u0142 mianowany proboszczem parafii pw. Znalezienia Krzy\u017ca \u015awi\u0119tego i \u015bw. Andrzeja Aposto\u0142a w Ko\u0144skowoli. W 2014 roku zosta\u0142 przeniesiony na urz\u0105d proboszcza parafii pw. \u015bw. J\u00f3zefa w Lublinie.<br>\n                            <br>Przez dotychczasowe \u017cycie kap\u0142a\u0144skie by\u0142 g\u0142\u0119boko zwi\u0105zany z duszpasterstwem os\u00f3b m\u0142odych, a zw\u0142aszcza z dzia\u0142alno\u015bci\u0105 Katolickiego Stowarzyszenia M\u0142odzie\u017cy. W latach 2003-2016 by\u0142 zast\u0119pc\u0105 asystenta ko\u015bcielnego KSM Archidiecezji Lubelskiej. Od 1997 roku uczestniczy\u0142 we wszystkich \u015awiatowych Dniach M\u0142odzie\u017cy, po\u0142\u0105czonych ze spotkaniami z Ojcem \u015awi\u0119tym. Od 2002 roku pe\u0142ni\u0142 funkcj\u0119 diecezjalnego koordynatora przygotowa\u0144 do \u015aDM. Zdobyte do\u015bwiadczenie pozwoli\u0142o mu podj\u0105\u0107 odpowiedzialno\u015b\u0107 za przygotowanie diecezjalnego etapu \u015aDM w&nbsp; archidiecezji lubelskiej w 2016 roku. Kulminacyjnym momentem tego wydarzenia by\u0142o kilkunastotysi\u0119czne spotkanie m\u0142odych z Lubelszczyzny i ca\u0142ego \u015bwiata na stadionie Arena Lublin.<br>\n                            <br>Od 2014 roku pe\u0142ni\u0142 funkcj\u0119 wikariusza biskupiego ds. m\u0142odzie\u017cy. By\u0142 konsultorem Rady ds. Duszpasterstwa M\u0142odzie\u017cy Konferencji Episkopatu Polski. W archidiecezji lubelskiej by\u0142 cz\u0142onkiem Rady Kap\u0142a\u0144skiej i Kolegium Konsultor\u00f3w, nale\u017ca\u0142 do Zespo\u0142u ds. Nowej Ewangelizacji, by\u0142 asystentem ko\u015bcielnym Ruchu Solidarni z Ubogimi Trzeciego \u015awiata \u201eMaitri\u201d.<br>\n                            <br>22 maja 2020 roku zosta\u0142 wyniesiony do godno\u015bci biskupa tytularnego Arna i ustanowiony biskupem pomocniczym lubelskim. Konsekrowany 29 czerwca 2020 roku w archikatedrze lubelskiej przez abp. Stanis\u0142awa Budzika.\n                          <\/h5>\n                        <\/div>\n                      <\/div>\n                    <\/div>\n                  <\/div>\n                <\/div>\n              <\/div>\n            <\/div>\n          <\/div>\n        <\/div>\n      <\/div>\n    <\/section>\n    \n    \n    \n    \n  \n<\/div>","protected":false},"excerpt":{"rendered":"<p>Biskup Adam Bab Biskup Adam Bab \u2022 Biskup Pomocniczy Archidiecezji Lubelskiej \u2022 Wikariusz Generalny Archidiecezji Lubelskiej \u2022 Doktor teologii W Konferencji Episkopatu Polski: \u2022 Przewodnicz\u0105cy Rady ds. Ekumenizmu\u2022 Przewodnicz\u0105cy Bilateralnego Zespo\u0142u Katolicko-Prawos\u0142awnego\u2022 Przewodnicz\u0105cy Zespo\u0142u ds. Kontakt\u00f3w z Polsk\u0105 Rad\u0105 Ekumeniczn\u0105\u2022 Cz\u0142onek Rady ds. Duszpasterstwa M\u0142odzie\u017cy\u2022 Delegat ds. Katolickiego Stowarzyszenia M\u0142odzie\u017cy W SKR\u00d3CIE: \u2022 urodzi\u0142 si\u0119 &hellip; <a href=\"https:\/\/new.archidiecezjalubelska.pl\/index.php\/adam-bab\/\" class=\"more-link\">Continue reading<span class=\"screen-reader-text\"> &#8220;Adam Bab&#8221;<\/span><\/a><\/p>\n","protected":false},"author":1,"featured_media":0,"parent":0,"menu_order":0,"comment_status":"closed","ping_status":"closed","template":"","meta":{"footnotes":""},"class_list":["post-451","page","type-page","status-publish","hentry"],"_links":{"self":[{"href":"https:\/\/new.archidiecezjalubelska.pl\/index.php\/wp-json\/wp\/v2\/pages\/451","targetHints":{"allow":["GET"]}}],"collection":[{"href":"https:\/\/new.archidiecezjalubelska.pl\/index.php\/wp-json\/wp\/v2\/pages"}],"about":[{"href":"https:\/\/new.archidiecezjalubelska.pl\/index.php\/wp-json\/wp\/v2\/types\/page"}],"author":[{"embeddable":true,"href":"https:\/\/new.archidiecezjalubelska.pl\/index.php\/wp-json\/wp\/v2\/users\/1"}],"replies":[{"embeddable":true,"href":"https:\/\/new.archidiecezjalubelska.pl\/index.php\/wp-json\/wp\/v2\/comments?post=451"}],"version-history":[{"count":15,"href":"https:\/\/new.archidiecezjalubelska.pl\/index.php\/wp-json\/wp\/v2\/pages\/451\/revisions"}],"predecessor-version":[{"id":66519,"href":"https:\/\/new.archidiecezjalubelska.pl\/index.php\/wp-json\/wp\/v2\/pages\/451\/revisions\/66519"}],"wp:attachment":[{"href":"https:\/\/new.archidiecezjalubelska.pl\/index.php\/wp-json\/wp\/v2\/media?parent=451"}],"curies":[{"name":"wp","href":"https:\/\/api.w.org\/{rel}","templated":true}]}}