{"id":455,"date":"2025-05-25T11:53:33","date_gmt":"2025-05-25T09:53:33","guid":{"rendered":"http:\/\/hosting2545269.online.pro\/autoinstalator\/wordpress6\/?page_id=455"},"modified":"2026-04-14T11:37:52","modified_gmt":"2026-04-14T09:37:52","slug":"artur-mizinski","status":"publish","type":"page","link":"https:\/\/new.archidiecezjalubelska.pl\/index.php\/artur-mizinski\/","title":{"rendered":"Artur Mizi\u0144ski"},"content":{"rendered":"<div class=\"woocommerce\">\n    \n    <section class=\"u-clearfix u-white u-section-2\" id=\"sec-9b2d\">\n      <div class=\"u-clearfix u-sheet u-valign-middle-lg u-valign-middle-md u-valign-middle-sm u-sheet-1\">\n        <div class=\"data-layout-selected u-clearfix u-expanded-width-xs u-layout-wrap u-layout-wrap-1\">\n          <div class=\"u-gutter-0 u-layout\" style=\"\">\n            <div class=\"u-layout-row\" style=\"\">\n              <div class=\"u-container-style u-layout-cell u-shape-rectangle u-size-60 u-size-60-md u-layout-cell-1\">\n                <div class=\"u-container-layout u-valign-top-lg u-valign-top-md u-valign-top-sm u-valign-top-xs u-container-layout-1\">\n                  <div class=\"custom-expanded u-align-left u-container-style u-group u-white u-group-1\">\n                    <div class=\"u-container-layout u-container-layout-2\">\n                      <div class=\"u-container-style u-custom-color-12 u-expanded-width u-group u-group-2\">\n                        <div class=\"u-container-layout u-valign-middle u-container-layout-3\">\n                          <h5 class=\"u-custom-font u-font-merriweather u-text u-text-black u-text-default u-text-1\"> Biskup Artur Mizi\u0144ski<\/h5>\n                        <\/div>\n                      <\/div>\n                      <img decoding=\"async\" class=\"u-image u-image-default u-image-1\" src=\"https:\/\/archidiecezjalubelska.pl\/wp-content\/uploads\/2025\/02\/bpMizinskiArtur-768x1024.png\" alt=\"\" data-image-width=\"768\" data-image-height=\"1024\">\n                      <h5 class=\"u-custom-font u-font-merriweather u-text u-text-black u-text-2\"> Biskup Artur Mizi\u0144ski<\/h5>\n                      <h5 class=\"u-custom-font u-font-merriweather u-text u-text-3\">\u2022 Biskup Pomocniczy Archidiecezji Lubelskiej<\/h5>\n                      <h5 class=\"u-custom-font u-font-merriweather u-text u-text-4\">\u2022 Wikariusz Generalny Archidiecezji Lubelskiej<\/h5>\n                      <h5 class=\"u-custom-font u-font-merriweather u-text u-text-5\"> \u2022 Adwokat S\u0105du Metropolitalnego<\/h5>\n                      <h5 class=\"u-custom-font u-font-merriweather u-text u-text-6\">\u2022 Cz\u0142onek Kolegium Konsultor\u00f3w<\/h5>\n                      <h5 class=\"u-custom-font u-font-merriweather u-text u-text-7\">\u2022 Cz\u0142onek Rady Kap\u0142a\u0144skiej<\/h5>\n                      <div class=\"u-container-style u-custom-color-12 u-expanded-width u-group u-group-3\">\n                        <div class=\"u-container-layout u-valign-middle-lg u-valign-middle-md u-valign-middle-sm u-valign-middle-xs u-container-layout-4\">\n                          <h5 class=\"u-custom-font u-font-merriweather u-text u-text-black u-text-8\"><span style=\"font-weight: 700;\"> W Konferencji Episkopatu Polski:<\/span>\n                            <br>\n                            <br>\u2022 Przewodnicz\u0105cy Ko\u015bcielnej Komisji Konkordatowej<br>\u2022 Przewodnicz\u0105cy Rady Fundacji Opoka<br>\u2022 Cz\u0142onek Rady Prawnej<br>\u2022 Cz\u0142onek Zespo\u0142u ds. Finansowania Ko\u015bcio\u0142a\n                          <\/h5>\n                        <\/div>\n                      <\/div>\n                      <h5 class=\"u-custom-font u-font-merriweather u-text u-text-default u-text-9\">W SKR\u00d3CIE:<\/h5>\n                      <div class=\"u-container-style u-custom-color-12 u-expanded-width u-group u-group-4\">\n                        <div class=\"u-container-layout u-valign-middle u-container-layout-5\">\n                          <h5 class=\"u-custom-font u-font-merriweather u-text u-text-black u-text-10\"> \u2022 urodzi\u0142 si\u0119 13 lutego 1965 r. w Opolu Lubelskim<br>\u2022 przyj\u0105\u0142 \u015bwi\u0119cenia prezbiteratu 31 marca 1988 r. w Lublinie<br>\u2022 zosta\u0142 mianowany biskupem pomocniczym archidiecezji lubelskiej 3 maja 2004 r.<br>\u2022 przyj\u0105\u0142 \u015bwi\u0119cenia biskupie 30 maja 2004 r. w Lublinie<br>\u2022 by\u0142 kierownikiem Katedry Ko\u015bcielnego Prawa Karnego KUL od 1 pa\u017adziernika 2012 do 2015 r.<br>\u2022 by\u0142 sekretarzem generalnym Konferencji Episkopatu Polski od czerwca 2014 do 2024 r.\n                          <\/h5>\n                        <\/div>\n                      <\/div>\n                      <img decoding=\"async\" class=\"u-image u-image-default u-image-2\" src=\"https:\/\/archidiecezjalubelska.pl\/wp-content\/uploads\/2025\/02\/M-bpMizinski-768x1024.jpg\" alt=\"\" data-image-width=\"768\" data-image-height=\"1024\">\n                      <h5 class=\"u-custom-font u-font-merriweather u-text u-text-11\"><span style=\"font-weight: 700;\">DEWIZA BISKUPIA:<\/span>\n                        <br>\n                        <br><span style=\"font-style: italic;\"> Misericordia Tua confisus sum<\/span>\n                        <br>\n                        <br><span style=\"font-style: italic;\"><span style=\"font-style: normal;\">(<\/span>Zaufa\u0142em mi\u0142osierdziu Twemu<span style=\"font-style: normal;\">)<\/span><\/span>\n                      <\/h5>\n                      <h5 class=\"u-custom-font u-font-merriweather u-text u-text-default u-text-12\">Kontakt:<\/h5>\n                      <div class=\"u-container-style u-custom-color-12 u-expanded-width u-group u-group-5\">\n                        <div class=\"u-container-layout u-valign-middle u-container-layout-6\">\n                          <h5 class=\"u-custom-font u-font-merriweather u-text u-text-black u-text-13\">ul. Prymasa Stefana Wyszy\u0144skiego 2<br>20-105 Lublin <br>\n                            <br>e-mail: amizinski@episkopat.pl<br>\n                          <\/h5>\n                        <\/div>\n                      <\/div>\n                      <h5 class=\"u-custom-font u-font-merriweather u-text u-text-default u-text-14\">\u017byciorys:<br>\n                      <\/h5>\n                      <div class=\"u-align-justify u-container-style u-custom-color-12 u-expanded-width u-group u-group-6\">\n                        <div class=\"u-container-layout u-valign-middle u-container-layout-7\">\n                          <h5 class=\"u-custom-font u-font-merriweather u-text u-text-black u-text-15\"> Bp Artur Mizi\u0144ski urodzi\u0142 si\u0119 13 lutego 1965 roku w Opolu Lubelskim. W latach 1971-1979 ucz\u0119szcza\u0142 do Szko\u0142y Podstawowej w Kluczkowicach. Liceum Og\u00f3lnokszta\u0142c\u0105ce w Kra\u015bniku Fabrycznym uko\u0144czy\u0142 w roku 1983. W pa\u017adzierniku 1983 roku rozpocz\u0105\u0142 formacj\u0119 w Wy\u017cszym Seminarium Duchownym w Lublinie. \u015awi\u0119cenia diakonatu przyj\u0105\u0142 w katedrze lubelskiej 31 marca 1988 roku. Seminarium i studia teologiczne w Katolickim Uniwersytecie Lubelskim uko\u0144czy\u0142 w listopadzie 1988 roku z tytu\u0142em magistra teologii, na podstawie pracy magisterskiej \u201eRola chrze\u015bcija\u0144stwa w \u017cyciu narodu polskiego w uj\u0119ciu arcybiskupa J\u00f3zefa T. Teodorowicza\u201d.<br>\n                            <br>\u015awi\u0119cenia prezbiteratu przyj\u0105\u0142 23 marca 1989 roku w katedrze lubelskiej. Po przyj\u0119ciu \u015bwi\u0119ce\u0144 pracowa\u0142 w parafii pw. \u015bw. J\u00f3zefa w Tomaszowie Lubelskim (1989-1991), a nast\u0119pnie w parafii pw. \u015bw. Maksymiliana Kolbe w Lublinie (1991-1992).<br>\n                            <br>W czerwcu 1992 roku zosta\u0142 skierowany na studia specjalistyczne z prawa kanonicznego w Papieskim Uniwersytecie Santa Croce w Rzymie, gdzie 24 czerwca 1994 roku uzyska\u0142 licencjat w zakresie prawa kanonicznego. Nast\u0119pnie w Papieskim Uniwersytecie Latera\u0144skim odby\u0142 cykl doktorancki, zako\u0144czony 14 czerwca 1996 roku obron\u0105 pracy doktorskiej \u201eRuolo preminente dell Ordinario nel processo penale canonico secondo la normativa del Codice di Diritto Canonico del 1983\u201d. W latach 1996-1999 odby\u0142 studia w Studium Rotalnym przy Trybunale Roty Rzymskiej, zako\u0144czone zdanym egzaminem i otrzymaniem tytu\u0142u adwokata Roty Rzymskiej. W 2012 roku uzyska\u0142 tytu\u0142 doktora habilitowanego z zakresu prawa kanonicznego na podstawie rozprawy \u201eStatus prawny adwokata w Ko\u015bciele \u0142aci\u0144skim\u201d.<br>\n                            <br>1 pa\u017adziernika 1999 roku rozpocz\u0105\u0142 prac\u0119 dydaktyczno-naukow\u0105 na Wydziale Prawa, Prawa Kanonicznego i Administracji KUL w Katedrze Ko\u015bcielnego Prawa Procesowego, najpierw jako asystent, a od 2001 roku jako adiunkt. Od 2003 roku jest cz\u0142onkiem Towarzystwa Naukowego KUL. W 2005 roku zosta\u0142 przyj\u0119ty jako cz\u0142onek zwyczajny do Stowarzyszenia Kanonist\u00f3w Polskich, a od 9 grudnia 2008 roku wchodzi w sk\u0142ad Komisji XIV Prawniczej Oddzia\u0142u PAN w Lublinie. Od 2012 roku zasiada w radzie naukowej czasopisma \u201eKo\u015bci\u00f3\u0142 i Prawo\u201d. Od 1 pa\u017adziernika 2012 roku do 2015 roku by\u0142 kierownikiem Katedry Ko\u015bcielnego Prawa Karnego.<br>\n                            <br>Od wrze\u015bnia 1999 roku sprawuje urz\u0105d adwokata sta\u0142ego przy S\u0105dzie Metropolitalnym w Lublinie. Od 1 lutego 2000 roku sprawowa\u0142 urz\u0105d wicekanclerza, a od 24 sierpnia 2000 roku do 3 maja 2004 roku \u2013 urz\u0105d kanclerza Kurii Metropolitalnej w Lublinie. Od grudnia 2000 roku jest kanonikiem gremialnym Kapitu\u0142y Archikatedralnej w Lublinie.<br>\n                            <br>3 maja 2004 roku zosta\u0142 mianowany biskupem pomocniczym Archidiecezji Lubelskiej (tyt. Tarasa in Numidia). Jest osiemnastym biskupem pomocniczym w historii Ko\u015bcio\u0142a lubelskiego. Jako motto swojej pos\u0142ugi biskupiej wybra\u0142 s\u0142owa: Misericordia Tua confisus sum \u2013 Zaufa\u0142em mi\u0142osierdziu Twemu (Ps 13,6). \u015awi\u0119cenia biskupie przyj\u0105\u0142 w Archikatedrze Lubelskiej 30 maja 2004 roku, w Uroczysto\u015b\u0107 Zes\u0142ania Ducha \u015awi\u0119tego.<br>\n                            <br>W latach 2005-2014 pe\u0142ni\u0142 funkcj\u0119 Delegata KEP ds. Duszpasterstwa Prawnik\u00f3w. W latach 2006-2014 by\u0142 cz\u0142onkiem Rady Prawnej KEP, a od 8 marca 2010 roku do 8 pa\u017adziernika 2014 roku \u2013 cz\u0142onkiem Rady ds. \u015arodk\u00f3w Spo\u0142ecznego Przekazu KEP.<br>\n                            <br>10 czerwca 2014 roku, na 365. Zebraniu Plenarnym Konferencji Episkopatu Polski w Warszawie, zosta\u0142 wybrany Sekretarzem Generalnym KEP. Urz\u0105d Sekretarza Generalnego i cz\u0142onka Rady Sta\u0142ej KEP pe\u0142ni\u0142 przez dwie kadencje, do czerwca 2024 roku.<br>\n                            <br>W 2014 roku zosta\u0142 powo\u0142any przewodnicz\u0105cym Komitetu Organizacyjnego ds. Wizyty Ojca \u015awi\u0119tego w Polsce w 2016 roku. By\u0142 tak\u017ce cz\u0142onkiem Zespo\u0142u KEP ds. Wizyty Ojca \u015awi\u0119tego w Polsce oraz Og\u00f3lnopolskiego Komitetu Organizacyjnego Obchod\u00f3w 1050. Rocznicy Chrztu Polski w 2016 roku. W latach 2014-2024&nbsp; by\u0142 cz\u0142onkiem Komisji Wsp\u00f3lnej Przedstawicieli Rz\u0105du RP i Episkopatu oraz Komisji Mieszanej: Biskupi \u2013 Wy\u017csi Prze\u0142o\u017ceni Zakonni. W latach 2014-2024 by\u0142 cz\u0142onkiem Rady Nadzorczej Fundacji \u201eOpoka\u200b\u201d, a od 2024 roku jest Przewodnicz\u0105cym Rady Fundacji \u201eOpoka\u201d. W 2018 roku zosta\u0142 mianowany przewodnicz\u0105cym Ko\u015bcielnej Komisji Konkordatowej. W latach&nbsp;2022-2024 by\u0142 cz\u0142onkiem Rady Fundacji \u201eRado\u015b\u0107 Mi\u0142o\u015bci\u201d, a w latach 2023-2024 \u2013 cz\u0142onkiem Rady KEP ds. Medi\u00f3w i Komunikacji Spo\u0142ecznej. W 2024 roku zosta\u0142 cz\u0142onkiem Zespo\u0142u ds. Finansowania Ko\u015bcio\u0142a przy Ko\u015bcielnej Komisji Konkordatowej.\n                          <\/h5>\n                        <\/div>\n                      <\/div>\n                    <\/div>\n                  <\/div>\n                <\/div>\n              <\/div>\n            <\/div>\n          <\/div>\n        <\/div>\n      <\/div>\n    <\/section>\n    \n    \n    \n    \n  \n<\/div>","protected":false},"excerpt":{"rendered":"<p>Biskup Artur Mizi\u0144ski Biskup Artur Mizi\u0144ski \u2022 Biskup Pomocniczy Archidiecezji Lubelskiej \u2022 Wikariusz Generalny Archidiecezji Lubelskiej \u2022 Adwokat S\u0105du Metropolitalnego \u2022 Cz\u0142onek Kolegium Konsultor\u00f3w \u2022 Cz\u0142onek Rady Kap\u0142a\u0144skiej W Konferencji Episkopatu Polski: \u2022 Przewodnicz\u0105cy Ko\u015bcielnej Komisji Konkordatowej\u2022 Przewodnicz\u0105cy Rady Fundacji Opoka\u2022 Cz\u0142onek Rady Prawnej\u2022 Cz\u0142onek Zespo\u0142u ds. Finansowania Ko\u015bcio\u0142a W SKR\u00d3CIE: \u2022 urodzi\u0142 si\u0119 13 &hellip; <a href=\"https:\/\/new.archidiecezjalubelska.pl\/index.php\/artur-mizinski\/\" class=\"more-link\">Continue reading<span class=\"screen-reader-text\"> &#8220;Artur Mizi\u0144ski&#8221;<\/span><\/a><\/p>\n","protected":false},"author":1,"featured_media":0,"parent":0,"menu_order":0,"comment_status":"closed","ping_status":"closed","template":"","meta":{"footnotes":""},"class_list":["post-455","page","type-page","status-publish","hentry"],"_links":{"self":[{"href":"https:\/\/new.archidiecezjalubelska.pl\/index.php\/wp-json\/wp\/v2\/pages\/455","targetHints":{"allow":["GET"]}}],"collection":[{"href":"https:\/\/new.archidiecezjalubelska.pl\/index.php\/wp-json\/wp\/v2\/pages"}],"about":[{"href":"https:\/\/new.archidiecezjalubelska.pl\/index.php\/wp-json\/wp\/v2\/types\/page"}],"author":[{"embeddable":true,"href":"https:\/\/new.archidiecezjalubelska.pl\/index.php\/wp-json\/wp\/v2\/users\/1"}],"replies":[{"embeddable":true,"href":"https:\/\/new.archidiecezjalubelska.pl\/index.php\/wp-json\/wp\/v2\/comments?post=455"}],"version-history":[{"count":14,"href":"https:\/\/new.archidiecezjalubelska.pl\/index.php\/wp-json\/wp\/v2\/pages\/455\/revisions"}],"predecessor-version":[{"id":66962,"href":"https:\/\/new.archidiecezjalubelska.pl\/index.php\/wp-json\/wp\/v2\/pages\/455\/revisions\/66962"}],"wp:attachment":[{"href":"https:\/\/new.archidiecezjalubelska.pl\/index.php\/wp-json\/wp\/v2\/media?parent=455"}],"curies":[{"name":"wp","href":"https:\/\/api.w.org\/{rel}","templated":true}]}}