{"id":461,"date":"2025-05-25T11:53:43","date_gmt":"2025-05-25T09:53:43","guid":{"rendered":"http:\/\/hosting2545269.online.pro\/autoinstalator\/wordpress6\/?page_id=461"},"modified":"2026-04-14T11:29:40","modified_gmt":"2026-04-14T09:29:40","slug":"stanislaw-budzik","status":"publish","type":"page","link":"https:\/\/new.archidiecezjalubelska.pl\/index.php\/stanislaw-budzik\/","title":{"rendered":"Stanis\u0142aw Budzik"},"content":{"rendered":"<div class=\"woocommerce\">\n    \n    <section class=\"u-clearfix u-white u-section-2\" id=\"block-2\">\n      <div class=\"u-clearfix u-sheet u-valign-middle-lg u-valign-middle-md u-valign-middle-sm u-sheet-1\">\n        <div class=\"data-layout-selected u-clearfix u-expanded-width-xs u-layout-wrap u-layout-wrap-1\">\n          <div class=\"u-gutter-0 u-layout\" style=\"\">\n            <div class=\"u-layout-row\" style=\"\">\n              <div class=\"u-container-style u-layout-cell u-shape-rectangle u-size-60 u-size-60-md u-layout-cell-1\">\n                <div class=\"u-container-layout u-valign-top-lg u-valign-top-md u-valign-top-sm u-valign-top-xs u-container-layout-1\">\n                  <div class=\"custom-expanded u-align-left u-container-style u-group u-white u-group-1\">\n                    <div class=\"u-container-layout u-container-layout-2\">\n                      <div class=\"u-container-style u-custom-color-12 u-expanded-width u-group u-group-2\">\n                        <div class=\"u-container-layout u-valign-middle u-container-layout-3\">\n                          <h5 class=\"u-custom-font u-font-merriweather u-text u-text-black u-text-default u-text-1\">Ks. Arcybiskup Stanis\u0142aw Budzik<\/h5>\n                        <\/div>\n                      <\/div>\n                      <img decoding=\"async\" class=\"u-image u-image-default u-image-1\" src=\"https:\/\/archidiecezjalubelska.pl\/wp-content\/uploads\/2025\/02\/abpStB2022-1-768x1024.jpg\" alt=\"\" data-image-width=\"768\" data-image-height=\"1024\">\n                      <h5 class=\"u-custom-font u-font-merriweather u-text u-text-black u-text-2\">Ks. Arcybiskup Stanis\u0142aw Budzik<\/h5>\n                      <h5 class=\"u-custom-font u-font-merriweather u-text u-text-3\">\u2022 Metropolita Lubelski<\/h5>\n                      <h5 class=\"u-custom-font u-font-merriweather u-text u-text-4\"> \u2022 Doktor habilitowany teologii<\/h5>\n                      <h5 class=\"u-custom-font u-font-merriweather u-text u-text-default u-text-5\"> \u2022 Wielki Kanclerz Katolickiego Uniwersytetu Lubelskiego Jana Paw\u0142a II<\/h5>\n                      <h5 class=\"u-custom-font u-font-merriweather u-text u-text-6\"> \u2022 Cz\u0142onek Dykasterii ds. Kultury i Edukacji <\/h5>\n                      <div class=\"u-container-style u-custom-color-12 u-expanded-width u-group u-group-3\">\n                        <div class=\"u-container-layout u-valign-middle u-container-layout-4\">\n                          <h5 class=\"u-custom-font u-font-merriweather u-text u-text-black u-text-7\"><span style=\"font-weight: 700;\"> W Konferencji Episkopatu Polski:<\/span>\n                            <br>\n                            <br>\u2022 Przewodnicz\u0105cy Komisji Nauki Wiary<br>\u2022 Przewodnicz\u0105cy Komisji Rewizyjnej<br>\u2022 Przewodnicz\u0105cy Zespo\u0142u ds. Kontakt\u00f3w z Konferencj\u0105 Episkopatu Niemiec<br>\u2022 Cz\u0142onek Rady Programowej KAI\n                          <\/h5>\n                        <\/div>\n                      <\/div>\n                      <h5 class=\"u-custom-font u-font-merriweather u-text u-text-default u-text-8\">W SKR\u00d3CIE:<\/h5>\n                      <div class=\"u-container-style u-custom-color-12 u-expanded-width u-group u-group-4\">\n                        <div class=\"u-container-layout u-valign-middle u-container-layout-5\">\n                          <h5 class=\"u-custom-font u-font-merriweather u-text u-text-black u-text-9\">\u2022 urodzi\u0142 si\u0119 25 kwietnia 1952 r. w \u0141\u0119kawicy k. Tarnowa<br>\u2022 przyj\u0105\u0142 \u015bwi\u0119cenia prezbiteratu 29 maja 1977 r. w Tarnowie<br>\u2022 zosta\u0142 mianowany biskupem pomocniczym diecezji tarnowskiej 24 lutego 2004 r.<br>\u2022 przyj\u0105\u0142 \u015bwi\u0119cenia biskupie 3 kwietnia 2004 r. w Tarnowie<br>\u2022 by\u0142 sekretarzem generalny Konferencji Episkopatu Polski od czerwca 2007 do listopada 2011 r.<br>\u2022 zosta\u0142 mianowany arcybiskupem metropoli\u0105 lubelskim 26 wrze\u015bnia 2011 r.<br>\u2022 obj\u0105\u0142 diecezj\u0119 22 pa\u017adziernika 2011 r. \n                          <\/h5>\n                        <\/div>\n                      <\/div>\n                      <img decoding=\"async\" class=\"u-image u-image-default u-image-2\" src=\"https:\/\/archidiecezjalubelska.pl\/wp-content\/uploads\/2025\/02\/M-abpBudzik-768x1024.jpg\" alt=\"\" data-image-width=\"768\" data-image-height=\"1024\">\n                      <h5 class=\"u-custom-font u-font-merriweather u-text u-text-10\"><span style=\"font-weight: 700;\">DEWIZA BISKUPIA:<\/span>\n                        <br>\n                        <br><span style=\"font-style: italic;\">In virtute Crucis<\/span>\n                        <br>\n                        <br><span style=\"font-style: italic;\"><span style=\"font-style: normal;\">(<\/span>W mocy Krzy\u017ca<span style=\"font-style: normal;\">)<\/span><\/span>\n                      <\/h5>\n                      <h5 class=\"u-custom-font u-font-merriweather u-text u-text-default u-text-11\">KONTAKT:<\/h5>\n                      <div class=\"u-container-style u-custom-color-12 u-expanded-width u-group u-group-5\">\n                        <div class=\"u-container-layout u-valign-middle u-container-layout-6\">\n                          <h5 class=\"u-custom-font u-font-merriweather u-text u-text-black u-text-12\">ul. Prymasa Stefana Wyszy\u0144skiego 2<br>20-105 Lublin <br>\n                            <br>Sekretarz Arcybiskupa:<br>ks. Sebastian Dec<br>\n                            <br>dy\u017cur sekretarza od poniedzia\u0142ku do pi\u0105tku w godzinach: 9.00&nbsp;\u2013 12.00<br>tel. +48 81 532 34 68<br>fax: + 48 81 534 61 35<br>e-mail: sekretarz@diecezja.lublin.pl<br>\n                            <br> https:\/\/x.com\/stanislawbudzik<br>\n                          <\/h5>\n                        <\/div>\n                      <\/div>\n                      <h5 class=\"u-custom-font u-font-merriweather u-text u-text-default u-text-13\">\u017bYCIORYS: <\/h5>\n                      <div class=\"u-align-justify u-container-style u-custom-color-12 u-expanded-width u-group u-group-6\">\n                        <div class=\"u-container-layout u-valign-middle-lg u-valign-middle-md u-valign-middle-sm u-valign-middle-xs u-container-layout-7\">\n                          <h5 class=\"u-custom-font u-font-merriweather u-text u-text-black u-text-14\"> Abp Stanis\u0142aw Budzik urodzi\u0142 si\u0119 25 kwietnia 1952 roku w \u0141\u0119kawicy k. Tarnowa. W 1971 roku z\u0142o\u017cy\u0142 egzamin dojrza\u0142o\u015bci w I Liceum Og\u00f3lnokszta\u0142c\u0105cym im. Kazimierza Brodzi\u0144skiego w Tarnowie. W latach 1971-1977 przygotowywa\u0142 si\u0119 do kap\u0142a\u0144stwa w Wy\u017cszym Seminarium Duchownym w Tarnowie, studiuj\u0105c r\u00f3wnocze\u015bnie filozofi\u0119 i teologi\u0119 w tamtejszym Instytucie Teologicznym. \u015awi\u0119cenia prezbiteratu otrzyma\u0142 29 maja 1977 roku z r\u0105k bp. Jerzego Ablewicza. W tym samym roku uzyska\u0142 tytu\u0142 magistra teologii na Katolickim Uniwersytecie Lubelskim. W latach 1982-1988 studiowa\u0142 na Wydziale Teologicznym Uniwersytetu w Innsbrucku, gdzie obroni\u0142 prac\u0119 doktorsk\u0105 \u200b\u201eDoctor pacis. Theologie des Friedens bei Augustinus\u201d.&nbsp;Za prac\u0119 t\u0119 otrzyma\u0142 w roku 1989 nagrod\u0119 prezydenta miasta Innsbrucka, ukaza\u0142a si\u0119 ona tak\u017ce drukiem w serii naukowej&nbsp;Innsbrucker Theologische Studien.&nbsp;Habilitacj\u0119 z nauk teologicznych uzyska\u0142 w 1997 roku na Wydziale Teologicznym Papieskiej Akademii Teologicznej (dzi\u015b Uniwersytet Papieski Jana Paw\u0142a II) w Krakowie na podstawie pracy&nbsp;\u201eDramat odkupienia.&nbsp;Kategoria dramatyczne w teologii na przyk\u0142adzie R. Girarda, H.U. von Balthasara i R. Schwagera\u201d. W roku 2002 uzyska\u0142 stanowisko profesora nadzwyczajnego Papieskiej Akademii Teologicznej w Krakowie.<br>\n                            <br>Pracowa\u0142 jako wikariusz w parafii Matki Bo\u017cej Bolesnej w Limanowej (1977-1980) i w parafii katedralnej Narodzenia NMP w Tarnowie (1980-1982). W trakcie studi\u00f3w innsbruckich mieszka\u0142 w prowadzonym przez jezuit\u00f3w Collegium Canisianum, a w latach 1986-1989 pe\u0142ni\u0142 funkcj\u0119 kapelana w domu generalnym Si\u00f3str Mi\u0142osierdzia w Innsbrucku. Po powrocie do diecezji tarnowskiej w 1989 roku zosta\u0142 mianownany na cztery miesi\u0105ce wikariuszem w parafii \u015bw. Maksymiliana w Tarnowie.<br>\n                            <br>W latach 1989-1990 tworzy\u0142 struktury i pe\u0142ni\u0142 funkcj\u0119 dyrektora nowo utworzonej Caritas Diecezji Tarnowskiej. W latach 1990-1995 by\u0142 pierwszym dyrektorem Wydawnictwa Diecezji Tarnowskiej Biblos, organizuj\u0105c od podstaw jego funkcjonowanie. Po przerwie na przygotowanie habilitacji ponownie kierowa\u0142 Wydawnictwem Biblos w latach 1997-1998. Pe\u0142ni\u0142 r\u00f3wnie\u017c funkcj\u0119 rzecznika prasowego bp. J\u00f3zefa \u017byci\u0144skiego (1993-1997) oraz wikariusza biskupiego ds. seminarium misyjnego (1996). Wchodzi\u0142 tak\u017ce w sk\u0142ad rady programowej Radia Dobra Nowina (od 1993), by\u0142 skarbnikiem Tarnowskiego Ko\u0142a Teologicznego (1992-1995) i cz\u0142onkiem kolegium redakcyjnego czasopisma \u201eReligioni et Litteris\u201d (1992-1998).<br>\n                            <br>W latach 1989-2011 by\u0142 wyk\u0142adowc\u0105 w Wy\u017cszym Seminarium Duchownym w Tarnowie i w tamtejszym Instytucie Teologicznym, przekszta\u0142conym nast\u0119pnie w Wydzia\u0142 Teologiczny PAT Sekcja w Tarnowie, gdzie by\u0142 kierownikiem katedry dogmatyki. W sekcji dla student\u00f3w \u015bwieckich prowadzi\u0142 wyk\u0142ady w latach 1991-1998. W latach 1997-2004 wyk\u0142ada\u0142 na kursie licencjacko-doktorskim w Papieskiej Akademii Teologicznej w Krakowie, gdzie w latach 1998-2004 kierowa\u0142 II katedr\u0105 dogmatyki. Jest autorem i redaktorem kilkunastu ksi\u0105\u017cek oraz stu kilkudziesi\u0119ciu artyku\u0142\u00f3w. Pod jego kierownictwem powsta\u0142o kilka prac doktorskich oraz kilkadziesi\u0105t prac magisterskich i licencjackich.<br>\n                            <br>W roku 1998 bp Wiktor Skworc mianowa\u0142 go rektorem Wy\u017cszego Seminarium Duchownego w Tarnowie. W tym samym roku zosta\u0142 wprowadzony semestr propedeutyczny dla alumn\u00f3w I roku w B\u0142oniu k. Tarnowa. Egzaminy magisterskie przesuni\u0119to na koniec I semestru sz\u00f3stego roku studi\u00f3w, a praktyki duszpasterskie na okres Wielkiego Postu. W roku 2000 alumni oraz wychowawcy przenie\u015bli si\u0119 do nowego Domu Alumna. Rozpocz\u0119to budow\u0119 nowej kaplicy seminaryjnej i auli oraz sporz\u0105dzono plany dalszej rozbudowy kompleksu seminaryjnego. W roku 1999 rektor zosta\u0142 mianowany kanonikiem gremialnym Kapitu\u0142y Katedralnej w Tarnowie, a w 2001 roku wybrany zosta\u0142 na jej prepozyta. Wszed\u0142 w sk\u0142ad rady kap\u0142a\u0144skiej, kolegium konsultor\u00f3w i Rady ds. Duchowie\u0144stwa Diecezji Tarnowskiej (1999). Anga\u017cowa\u0142 si\u0119 w prace Konferencji Episkopatu Polski jako sekretarz Komisji ds. Wydawnictw Katolickich (1990-1994), nast\u0119pnie jako konsultor Rady ds. Apostolstwa \u015awieckich (1998-2004), wsp\u00f3\u0142pracuj\u0105c z jej \u00f3wczesnym przewodnicz\u0105cym, abp. J\u00f3zefem \u017byci\u0144skim. 11 czerwca 2001 roku Ojciec \u015awi\u0119ty Jan Pawe\u0142 II obdarzy\u0142 go godno\u015bci\u0105 kapelana Jego \u015awi\u0105tobliwo\u015bci.<br>\n                            <br>Dnia 24 lutego 2004 roku papie\u017c Jan Pawe\u0142 II mianowa\u0142 go biskupem pomocniczym diecezji tarnowskiej ze stolic\u0105 tytularn\u0105 w H\u00f3lar (Islandia). \u015awi\u0119cenia biskupie przyj\u0105\u0142 3 kwietnia 2004 roku w bazylice katedralnej w Tarnowie z r\u0105k biskupa tarnowskiego Wiktora Skworca. Pos\u0142ug\u0119 wsp\u00f3\u0142konsekrator\u00f3w pe\u0142nili abp J\u00f3zef Kowalczyk, nuncjusz apostolski w Polsce, oraz abp J\u00f3zef \u017byci\u0144ski, metropolita lubelski, za\u015b liturgii przewodniczy\u0142 i homili\u0119 wyg\u0142osi\u0142 kard. Franciszek Macharski, metropolita krakowski. Na swoje zawo\u0142anie nowy biskup wybra\u0142 s\u0142owa:&nbsp;In virtute crucis (W mocy krzy\u017ca).<br>\n                          <\/h5>\n                          <div class=\"u-video u-video-contain u-video-1\">\n                            <div class=\"embed-responsive embed-responsive-1\">\n                              <iframe style=\"position: absolute;top: 0;left: 0;width: 100%;height: 100%;\" class=\"embed-responsive-item\" src=\"https:\/\/www.youtube.com\/embed\/bZ9_trd7Bmk?mute=0&amp;showinfo=0&amp;controls=0&amp;start=0\" frameborder=\"0\" allowfullscreen=\"\"><\/iframe>\n                            <\/div>\n                          <\/div>\n                          <h5 class=\"u-custom-font u-font-merriweather u-text u-text-black u-text-15\"> Jako biskup pomocniczy zosta\u0142 mianowany wikariuszem generalnym diecezji, cz\u0142onkiem diecezjalnej rady duszpasterskiej, przewodnicz\u0105cym diecezjalnej komisji kaznodziejskiej oraz koordynatorem diecezjalnej komisji sztuki, a tak\u017ce przewodnicz\u0105cym diecezjalnej rady ds. formacji duchowej duchowie\u0144stwa. W strukturach Konferencji Episkopatu Polski pe\u0142ni\u0142 funkcj\u0119 delegata ds. Ruchu \u015awiat\u0142o-\u017bycie (2004-2007) i by\u0142 cz\u0142onkiem Rady KEP ds. Apostolstwa \u015awieckich (2004-2006).<br>\n                            <br>16 czerwca 2007 roku, podczas 340. zebrania plenarnego KEP w Kamieniu \u015al\u0105skim, zosta\u0142 wybrany sekretarzem generalnym Konferencji Episkopatu Polski. Papie\u017c Benedykt XVI&nbsp; zwolni\u0142 go&nbsp;durante munere&nbsp;(na czas sprawowania urz\u0119du) z obowi\u0105zku rezydencji w diecezji tarnowskiej oraz wykonywania obowi\u0105zk\u00f3w biskupa pomocniczego. Jako sekretarz sta\u0142 si\u0119 z urz\u0119du cz\u0142onkiem Rady Sta\u0142ej KEP, Komisji Wsp\u00f3lnej Przedstawicieli Rz\u0105du Rzeczpospolitej Polskiej oraz Ko\u015bcielnej Komisji Konkordatowej. Do jego zada\u0144 nale\u017ca\u0142o przygotowywanie, w porozumieniu z przewodnicz\u0105cym KEP oraz stron\u0105 rz\u0105dow\u0105 i w konsultacji z nuncjatur\u0105 apostolsk\u0105, tematyki spotka\u0144 wymienionych gremi\u00f3w.<br>\n                            <br>Pe\u0142ni\u0105c obowi\u0105zki sekretarza przyczyni\u0142 si\u0119 do opracowania nowego statutu i regulaminu KEP, doprowadzi\u0142 do podpisania porozumie\u0144 z Telewizj\u0105 Polsk\u0105 i Polskim Radiem oraz przyczyni\u0142 si\u0119 do zawarcia ugody mi\u0119dzy Polskim Autokefalicznym Ko\u015bcio\u0142em Prawos\u0142awnym a Ko\u015bcio\u0142em Greckokatolickim w Polsce w sprawie uregulowania spornych spraw w\u0142asno\u015bciowych. W pierwszych latach pe\u0142nienia obowi\u0105zk\u00f3w sekretarza doprowadzi\u0142 do ko\u0144ca proces&nbsp;badania dokument\u00f3w, przechowywanych w archiwach IPN, dotycz\u0105cych duchownych katolickich, b\u0119d\u0105cych obecnie biskupami,&nbsp;przygotowuj\u0105c i przesy\u0142aj\u0105c do Stolicy Apostolskiej obszern\u0105 dokumentacj\u0119 na ten temat. Wiele lat trwa\u0142y uwie\u0144czone sukcesem zabiegi o uregulowanie spraw Fundacji Ko\u015bcielnej Rady Gospodarczej. Doprowadzi\u0142 tak\u017ce do zako\u0144czenia prac i rozwi\u0105zania Komisji Maj\u0105tkowej, co z\u0142agodzi\u0142o kontrowersje wok\u00f3\u0142 tej instytucji i uspokoi\u0142o kampani\u0119 medialn\u0105 bardzo niekorzystn\u0105 dla obrazu Ko\u015bcio\u0142a w Polsce. W latach 2009-2012 pracowa\u0142 w ramach Zespo\u0142u ds. rozm\u00f3w z Rosyjskim Ko\u015bcio\u0142em Prawos\u0142awnym, uczestnicz\u0105c w pracach nad przygotowaniem wsp\u00f3lnego przes\u0142ania do narod\u00f3w Polski i Rosji, podpisanego 17 sierpnia 2012 roku na Zamku Kr\u00f3lewskim w Warszawie przez patriarch\u0119 Moskwy i Wszechrusi Cyryla oraz przewodnicz\u0105cego KEP abp. J\u00f3zefa Michalika.<br>\n                            <br>W czerwcu 2010 roku papie\u017c Benedykt XVI mianowa\u0142 go przewodnicz\u0105cym Ko\u015bcielnej Komisji Konkordatowej. W 2011 roku zosta\u0142 wybrany cz\u0142onkiem, a nast\u0119pnie przewodnicz\u0105cym rady programowej Katolickiej Agencji Informacyjnej. W 2012 roku zosta\u0142 ponownie cz\u0142onkiem Rady Sta\u0142ej KEP, tym razem jako biskup diecezjalny. Od roku 2014 jest cz\u0142onkiem Rady Ekonomicznej KEP.<br>\n                            <br>26 wrze\u015bnia 2011 roku zosta\u0142 mianowany przez papie\u017ca Benedykta XVI arcybiskupem metropolit\u0105 lubelskim. Obj\u0119cie kanoniczne archidiecezji oraz uroczysty ingres do archikatedry lubelskiej mia\u0142y miejsce 22 pa\u017adziernika 2011 roku.<br>\n                          <\/h5>\n                          <div class=\"u-video u-video-contain u-video-2\">\n                            <div class=\"embed-responsive embed-responsive-2\">\n                              <iframe style=\"position: absolute;top: 0;left: 0;width: 100%;height: 100%;\" class=\"embed-responsive-item\" src=\"https:\/\/www.youtube.com\/embed\/VZbCumAMrJE?mute=0&amp;showinfo=0&amp;controls=0&amp;start=0\" frameborder=\"0\" allowfullscreen=\"\"><\/iframe>\n                            <\/div>\n                          <\/div>\n                          <a href=\"http:\/\/diecezja.lublin.pl\/uploader\/Homilia%20Abp%20-%20ingres%2022-10-2011.pdf\" class=\"u-active-none u-border-2 u-border-active-white u-border-black u-border-hover-white u-border-no-left u-border-no-right u-border-no-top u-btn u-button-style u-custom-font u-file-link u-font-merriweather u-hover-none u-none u-text-active-white u-text-black u-text-hover-white u-btn-1\" target=\"_blank\"> Homilia Arcybiskupa Metropolity Lubelskiego Stanis\u0142awa Budzika wyg\u0142oszona podczas ingresu<\/a>\n                        <\/div>\n                      <\/div>\n                    <\/div>\n                  <\/div>\n                <\/div>\n              <\/div>\n            <\/div>\n          <\/div>\n        <\/div>\n      <\/div>\n    <\/section>\n    \n    \n    \n    \n  \n<\/div>","protected":false},"excerpt":{"rendered":"<p>Ks. Arcybiskup Stanis\u0142aw Budzik Ks. Arcybiskup Stanis\u0142aw Budzik \u2022 Metropolita Lubelski \u2022 Doktor habilitowany teologii \u2022 Wielki Kanclerz Katolickiego Uniwersytetu Lubelskiego Jana Paw\u0142a II \u2022 Cz\u0142onek Dykasterii ds. Kultury i Edukacji W Konferencji Episkopatu Polski: \u2022 Przewodnicz\u0105cy Komisji Nauki Wiary\u2022 Przewodnicz\u0105cy Komisji Rewizyjnej\u2022 Przewodnicz\u0105cy Zespo\u0142u ds. Kontakt\u00f3w z Konferencj\u0105 Episkopatu Niemiec\u2022 Cz\u0142onek Rady Programowej KAI &hellip; <a href=\"https:\/\/new.archidiecezjalubelska.pl\/index.php\/stanislaw-budzik\/\" class=\"more-link\">Continue reading<span class=\"screen-reader-text\"> &#8220;Stanis\u0142aw Budzik&#8221;<\/span><\/a><\/p>\n","protected":false},"author":1,"featured_media":0,"parent":0,"menu_order":0,"comment_status":"closed","ping_status":"closed","template":"","meta":{"footnotes":""},"class_list":["post-461","page","type-page","status-publish","hentry"],"_links":{"self":[{"href":"https:\/\/new.archidiecezjalubelska.pl\/index.php\/wp-json\/wp\/v2\/pages\/461","targetHints":{"allow":["GET"]}}],"collection":[{"href":"https:\/\/new.archidiecezjalubelska.pl\/index.php\/wp-json\/wp\/v2\/pages"}],"about":[{"href":"https:\/\/new.archidiecezjalubelska.pl\/index.php\/wp-json\/wp\/v2\/types\/page"}],"author":[{"embeddable":true,"href":"https:\/\/new.archidiecezjalubelska.pl\/index.php\/wp-json\/wp\/v2\/users\/1"}],"replies":[{"embeddable":true,"href":"https:\/\/new.archidiecezjalubelska.pl\/index.php\/wp-json\/wp\/v2\/comments?post=461"}],"version-history":[{"count":19,"href":"https:\/\/new.archidiecezjalubelska.pl\/index.php\/wp-json\/wp\/v2\/pages\/461\/revisions"}],"predecessor-version":[{"id":66961,"href":"https:\/\/new.archidiecezjalubelska.pl\/index.php\/wp-json\/wp\/v2\/pages\/461\/revisions\/66961"}],"wp:attachment":[{"href":"https:\/\/new.archidiecezjalubelska.pl\/index.php\/wp-json\/wp\/v2\/media?parent=461"}],"curies":[{"name":"wp","href":"https:\/\/api.w.org\/{rel}","templated":true}]}}