{"id":499,"date":"2025-05-25T12:14:55","date_gmt":"2025-05-25T10:14:55","guid":{"rendered":"http:\/\/hosting2545269.online.pro\/autoinstalator\/wordpress6\/?page_id=499"},"modified":"2026-04-14T12:37:21","modified_gmt":"2026-04-14T10:37:21","slug":"metropolitalne-seminarium","status":"publish","type":"page","link":"https:\/\/new.archidiecezjalubelska.pl\/index.php\/metropolitalne-seminarium\/","title":{"rendered":"Metropolitalne Seminarium"},"content":{"rendered":"<div class=\"woocommerce\">\n    \n    <section class=\"u-clearfix u-white u-section-2\" id=\"block-2\">\n      <div class=\"u-clearfix u-sheet u-valign-middle-lg u-valign-middle-md u-valign-middle-sm u-sheet-1\">\n        <div class=\"data-layout-selected u-clearfix u-expanded-width-xs u-layout-wrap u-layout-wrap-1\">\n          <div class=\"u-gutter-0 u-layout\">\n            <div class=\"u-layout-row\">\n              <div class=\"u-container-style u-layout-cell u-shape-rectangle u-size-60 u-size-60-md u-layout-cell-1\">\n                <div class=\"u-container-layout u-valign-top-lg u-valign-top-md u-valign-top-sm u-valign-top-xs u-container-layout-1\">\n                  <div class=\"u-align-left u-container-align-left u-container-style u-expanded-width-xs u-group u-white u-group-1\">\n                    <div class=\"u-container-layout u-container-layout-2\">\n                      <div class=\"u-clearfix u-custom-html u-expanded-width u-custom-html-1\">\n                        <style> \/* Mobile: responsywne obrazki w tre\u015bci instytucji *\/\n@media (max-width: 768px) {\n  .widget__item img {\n    max-width: 100% !important;\n    width: 100% !important;     \/* \u017ceby nie wychodzi\u0142o poza kolumn\u0119 *\/\n    height: auto !important;\n    display: block;\n  }\n  \/* opcjonalnie: centrowanie i odst\u0119p *\/\n  .widget__item a > img {\n    margin: 0 auto;\n  }\n} <\/style>\n                        <div class=\"container-fluid\">\n                          <div class=\"row\">\n                            <div class=\"col-12\" vocab=\"https:\/\/schema.org\/\" typeof=\"Organization\">\n                              <div class=\"widget__item\" tabindex=\"0\">\n                                <p class=\"mb-4\" property=\"description\"><\/p>\n                                <h1>\n                                  <strong>Metropolitalne Seminarium Duchowne<\/strong>\n                                <\/h1>\n                                <p>\n                                  <a href=\"http:\/\/seminarium.lublin.pl\/\" rel=\"noopener noreferrer\" target=\"_blank\" style=\"color: rgb(0, 0, 0);\">\n                                    <img loading=\"lazy\" decoding=\"async\" src=\"https:\/\/archidiecezjalubelska.pl\/wp-content\/uploads\/2014\/12\/MSD-str.jpg\" alt=\"MSD-str\" height=\"446\" width=\"1000\">\n                                  <\/a>\n                                <\/p>\n                                <h3>\n                                  <strong style=\"color: rgb(51, 51, 153);\">Metropolitalne Seminarium Duchowne w Lublinie<\/strong>\n                                <\/h3>\n                                <p>ul. Prymasa Stefana Wyszy\u0144skiego 6, 20-105 Lublin<\/p>\n                                <p>tel. centrali: 81 743 65 05; 81 743 65 11<\/p>\n                                <p>tel. kancelarii: 81 743 66 69<\/p>\n                                <p>e-mail: <a href=\"mailto:seminarium@diecezja.lublin.pl\" rel=\"noopener noreferrer\" target=\"_blank\" style=\"color: rgb(0, 0, 128);\">seminarium@diecezja.lublin.pl<\/a>\n                                <\/p>\n                                <p>\n                                  <a href=\"http:\/\/seminarium.lublin.pl\/\" rel=\"noopener noreferrer\" target=\"_blank\" style=\"color: rgb(0, 0, 128);\">www.seminarium.lublin.pl<\/a>\n                                <\/p>\n                                <p>Konto: Santander Bank Polska S.A.: 88 1500 1520 1215 2000 9394 0000 <\/p>\n                                <p>\n                                  <strong>Rektor:<\/strong>\n                                <\/p>\n                                <p>\n                                  <em>ks. dr hab. Jaros\u0142aw Marczewski<\/em>\n                                <\/p>\n                                <p>\n                                  <strong>Prorektor:<\/strong>\n                                <\/p>\n                                <p>\n                                  <em>ks. mgr Zdzis\u0142aw Szostak<\/em>\n                                <\/p>\n                                <p>\n                                  <strong>Prefekt:<\/strong>\n                                <\/p>\n                                <p>\n                                  <em>ks. dr Adam Pendel<\/em>\n                                <\/p>\n                                <p>\n                                  <strong>Ojcowie duchowni:<\/strong>\n                                <\/p>\n                                <p>\n                                  <em>ks. dr Wojciech Rebeta<\/em>\n                                <\/p>\n                                <p>\n                                  <em>ks. mgr lic. Andrzej Flis<\/em>\n                                <\/p>\n                                <p>\n                                  <em>ks. mgr lic. S\u0142awomir Jargie\u0142\u0142o<\/em>\n                                <\/p>\n                                <p>\n                                  <strong>Dyrektor administracyjny:<\/strong>\n                                <\/p>\n                                <p>\n                                  <em>ks. dr Marcin Grzesiak<\/em>\n                                <\/p>\n                                <p><\/p>\n                                <h3 class=\"ql-align-center\">\n                                  <strong>TOWARZYSTWO PRZYJACI\u00d3\u0141 METROPOLITALNEGO SEMINARIUM DUCHOWNEGO W LUBLINIE<\/strong>\n                                <\/h3>\n                                <p>ul. Prymasa Stefana Wyszy\u0144skiego 6, 20-105 Lublin<\/p>\n                                <p>tel. 81 743 65 05 w. 367<\/p>\n                                <p>e- mail: <a href=\"mailto:tps@diecezja.lublin.pl\" rel=\"noopener noreferrer\" target=\"_blank\" style=\"color: rgb(0, 0, 128);\">tps@diecezja.lublin.pl<\/a>\n                                <\/p>\n                                <p>\n                                  <a> Konto: Bank Pekao S.A.: 76 1240 5497 1111 0000 5006 4049<\/a>\n                                <\/p>\n                                <p>\n                                  <a <strong=\"\"><\/a>\n                                <\/p>\n                                <p>\n                                  <a <strong=\"\">\n                                    <strong>Odpowiedzialny:<\/strong>\n                                  <\/a>\n                                <\/p>\n                                <p>\n                                  <a <strong=\"\">\n                                    <em>ks. mgr lic. Andrzej Flis<\/em>\n                                  <\/a>\n                                <\/p>\n                                <p><\/p>\n                                <a <strong=\"\"><\/a>\n                              <\/div>\n                              <a <strong=\"\"><\/a>\n                            <\/div>\n                            <a <strong=\"\"><\/a>\n                          <\/div>\n                          <a <strong=\"\"><\/a>\n                        <\/div>\n                      <\/div>\n                    <\/div>\n                  <\/div>\n                <\/div>\n              <\/div>\n            <\/div>\n          <\/div>\n        <\/div>\n      <\/div>\n    <\/section>\n    \n    \n    \n    \n  \n<\/div>","protected":false},"excerpt":{"rendered":"<p>Metropolitalne Seminarium Duchowne Metropolitalne Seminarium Duchowne w Lublinie ul. Prymasa Stefana Wyszy\u0144skiego 6, 20-105 Lublin tel. centrali: 81 743 65 05; 81 743 65 11 tel. kancelarii: 81 743 66 69 e-mail: seminarium@diecezja.lublin.pl www.seminarium.lublin.pl Konto: Santander Bank Polska S.A.: 88 1500 1520 1215 2000 9394 0000 Rektor: ks. dr hab. Jaros\u0142aw Marczewski Prorektor: ks. mgr &hellip; <a href=\"https:\/\/new.archidiecezjalubelska.pl\/index.php\/metropolitalne-seminarium\/\" class=\"more-link\">Continue reading<span class=\"screen-reader-text\"> &#8220;Metropolitalne Seminarium&#8221;<\/span><\/a><\/p>\n","protected":false},"author":1,"featured_media":0,"parent":0,"menu_order":0,"comment_status":"closed","ping_status":"closed","template":"","meta":{"footnotes":""},"class_list":["post-499","page","type-page","status-publish","hentry"],"_links":{"self":[{"href":"https:\/\/new.archidiecezjalubelska.pl\/index.php\/wp-json\/wp\/v2\/pages\/499","targetHints":{"allow":["GET"]}}],"collection":[{"href":"https:\/\/new.archidiecezjalubelska.pl\/index.php\/wp-json\/wp\/v2\/pages"}],"about":[{"href":"https:\/\/new.archidiecezjalubelska.pl\/index.php\/wp-json\/wp\/v2\/types\/page"}],"author":[{"embeddable":true,"href":"https:\/\/new.archidiecezjalubelska.pl\/index.php\/wp-json\/wp\/v2\/users\/1"}],"replies":[{"embeddable":true,"href":"https:\/\/new.archidiecezjalubelska.pl\/index.php\/wp-json\/wp\/v2\/comments?post=499"}],"version-history":[{"count":14,"href":"https:\/\/new.archidiecezjalubelska.pl\/index.php\/wp-json\/wp\/v2\/pages\/499\/revisions"}],"predecessor-version":[{"id":67043,"href":"https:\/\/new.archidiecezjalubelska.pl\/index.php\/wp-json\/wp\/v2\/pages\/499\/revisions\/67043"}],"wp:attachment":[{"href":"https:\/\/new.archidiecezjalubelska.pl\/index.php\/wp-json\/wp\/v2\/media?parent=499"}],"curies":[{"name":"wp","href":"https:\/\/api.w.org\/{rel}","templated":true}]}}