{"id":503,"date":"2025-05-25T12:11:14","date_gmt":"2025-05-25T10:11:14","guid":{"rendered":"http:\/\/hosting2545269.online.pro\/autoinstalator\/wordpress6\/?page_id=503"},"modified":"2026-04-14T12:31:13","modified_gmt":"2026-04-14T10:31:13","slug":"caritas-archidiecezji-lubelskiej","status":"publish","type":"page","link":"https:\/\/new.archidiecezjalubelska.pl\/index.php\/caritas-archidiecezji-lubelskiej\/","title":{"rendered":"Caritas Archidiecezji Lubelskiej"},"content":{"rendered":"<div class=\"woocommerce\">\n    \n    <section class=\"u-clearfix u-white u-section-2\" id=\"block-2\">\n      <div class=\"u-clearfix u-sheet u-valign-middle-lg u-valign-middle-md u-valign-middle-sm u-valign-top-xs u-sheet-1\">\n        <div class=\"data-layout-selected u-clearfix u-expanded-width-xs u-layout-wrap u-layout-wrap-1\">\n          <div class=\"u-gutter-0 u-layout\">\n            <div class=\"u-layout-row\">\n              <div class=\"u-container-style u-layout-cell u-shape-rectangle u-size-60 u-size-60-md u-layout-cell-1\">\n                <div class=\"u-container-layout u-valign-top-lg u-valign-top-md u-valign-top-sm u-container-layout-1\">\n                  <div class=\"u-align-left u-container-align-left u-container-style u-expanded-width-xs u-group u-white u-group-1\">\n                    <div class=\"u-container-layout u-container-layout-2\">\n                      <div class=\"u-clearfix u-custom-html u-expanded-width u-custom-html-1\">\n                        <style> \/* RESPONSYWNE OBRAZKI w tre\u015bci instytucji *\/\n.widget__item img {\n  max-width: 100% !important;\n  height: auto !important;\n  display: block;\n}\n\/* tylko na mobile: wymu\u015b pe\u0142n\u0105 szeroko\u015b\u0107 kolumny *\/\n@media (max-width: 768px) {\n  .widget__item img {\n    width: 100% !important;\n  }\n  \/* cz\u0119sto obrazek jest w linku lub w strong (jak u Ciebie) *\/\n  .widget__item a,\n  .widget__item strong {\n    display: block;\n  }\n} <\/style>\n                        <div class=\"container-fluid\">\n                          <div class=\"row\">\n                            <div class=\"col-12\" vocab=\"https:\/\/schema.org\/\" typeof=\"Organization\">\n                              <div class=\"widget__item\" tabindex=\"0\">\n                                <p class=\"mb-4\" property=\"description\"><\/p>\n                                <h1>\n                                  <strong>Caritas Archidiecezji Lubelskiej<\/strong>\n                                <\/h1>\n                                <h3>\n                                  <a href=\"http:\/\/lublin.caritas.pl\/\" rel=\"noopener noreferrer\" target=\"_blank\" style=\"color: rgb(0, 0, 0);\">\n                                    <strong>\n                                      <img loading=\"lazy\" decoding=\"async\" src=\"https:\/\/archidiecezjalubelska.pl\/wp-content\/uploads\/2014\/12\/Caritas-Lublin.jpg\" alt=\"Caritas-Lublin\" height=\"517\" width=\"1000\">\n                                    <\/strong>\n                                  <\/a>\n                                <\/h3>\n                                <h3>\n                                  <strong style=\"color: rgb(0, 0, 128);\">Caritas Archidiecezji Lubelskiej<\/strong>\n                                <\/h3>\n                                <p>ul. Prymasa Stefana Wyszy\u0144skiego 2, 20-105 Lublin<\/p>\n                                <p>(wej\u015bcie od Al. Unii Lubelskiej 15)<\/p>\n                                <p>tel. 81 532 95 71<\/p>\n                                <p>fax: 81 532 81 94<\/p>\n                                <p>e-mail: <a href=\"mailto:caritas@diecezja.lublin.pl\" rel=\"noopener noreferrer\" target=\"_blank\" style=\"color: rgb(0, 0, 128);\">caritas@diecezja.lublin.pl<\/a>; <a href=\"mailto:lublin@caritas.pl\" rel=\"noopener noreferrer\" target=\"_blank\" style=\"color: rgb(0, 0, 128);\">lublin@caritas.pl<\/a>\n                                <\/p>\n                                <p>\n                                  <a href=\"http:\/\/lublin.caritas.pl\/\" rel=\"noopener noreferrer\" target=\"_blank\" style=\"color: rgb(0, 0, 128);\">www.lublin.caritas.pl<\/a>\n                                <\/p>\n                                <p>KRS: 0000204819<\/p>\n                                <p>Konto: Bank Pekao S.A.: 46 1240 1503 1111 0000 1752 8351<\/p>\n                                <p>\n                                  <strong> Dyrektor:<\/strong>\n                                <\/p>\n                                <p>\n                                  <em> ks. dr \u0141ukasz Mudrak<\/em>\n                                <\/p>\n                                <p>\n                                  <em>tel. 81 532 20 12, w. 360<\/em>\n                                <\/p>\n                                <p>\n                                  <strong>Zast\u0119pca Dyrektora:<\/strong>\n                                <\/p>\n                                <p>\n                                  <em>ks. mgr lic. Pawe\u0142 Zdybel<\/em>\n                                <\/p>\n                                <p>\n                                  <em>tel. 81 532 20 12, w. 365<\/em>\n                                <\/p>\n                                <p>\n                                  <strong>Kasjerka:<\/strong>\n                                <\/p>\n                                <p>\n                                  <em>s. Krystyna Weszpi\u0144ska<\/em>\n                                <\/p>\n                                <p>\n                                  <em>tel. 81 532 10 58, w. 328<\/em>\n                                <\/p>\n                                <p><\/p>\n                                <p>\n                                  <strong>Dom Spotkania \u2013 O\u015brodek Formacyjny i Wypoczynkowy dla Niepe\u0142nosprawnych w D\u0105browicy<\/strong>\n                                <\/p>\n                                <p>ul. Firlejowska 5, 21-002 D\u0105browica<\/p>\n                                <p>tel. 604 245 245<\/p>\n                                <p>\n                                  <a href=\"http:\/\/domspotkania.pl\/\" rel=\"noopener noreferrer\" target=\"_blank\" style=\"color: rgb(0, 0, 128);\">www.domspotkania.pl<\/a>\n                                <\/p>\n                                <p><\/p>\n                                <p>\n                                  <strong>Dom Zawierzenia \u2013 O\u015brodek Formacyjno-Wypoczynkowy dla Dzieci w Firleju<\/strong>\n                                <\/p>\n                                <p>ul. Choiny 2, 21-136 Firlej<\/p>\n                                <p><\/p>\n                                <p>\n                                  <strong>Centrum Charytatywne Caritas w Krasnymstawie<\/strong>\n                                <\/p>\n                                <p>ul. Szkolna 9, 22-300 Krasnystaw<\/p>\n                                <p>tel. 81 473 25 19<\/p>\n                                <p>\n                                  <a href=\"https:\/\/centrumcharytatywne.pl\/\" rel=\"noopener noreferrer\" target=\"_blank\" style=\"color: rgb(0, 0, 128);\">www.centrumcharytatywne.pl<\/a>\n                                <\/p>\n                                <p><\/p>\n                                <p>\n                                  <strong>Dom Nadziei w Lublinie<\/strong>\n                                <\/p>\n                                <p>Al. Unii Lubelskiej 15, 20-108 Lublin<\/p>\n                                <p>tel. 81 532 20 12<\/p>\n                                <p><\/p>\n                                <p>\n                                  <strong>Biuro Aktywizacji Bezrobotnych<\/strong>\n                                <\/p>\n                                <p>Al. Unii Lubelskiej 15, 20-108 Lublin<\/p>\n                                <p>tel. 81 532 20 12, w. 321<\/p>\n                                <p><\/p>\n                                <p>\n                                  <strong>Centrum Pomocy Migrantom i Uchod\u017acom<\/strong>\n                                <\/p>\n                                <p>Al. Unii Lubelskiej 15, 20-108 Lublin<\/p>\n                                <p>tel. 81 743 71 86<\/p>\n                                <p>e-mail:<a href=\"mailto:%20migranci-lublin@caritas.pl\" rel=\"noopener noreferrer\" target=\"_blank\" style=\"color: rgb(0, 0, 0);\"><\/a>\n                                  <a href=\"mailto:%20migranci-lublin@caritas.pl\" rel=\"noopener noreferrer\" target=\"_blank\" style=\"color: rgb(0, 0, 128);\">migranci-lublin@caritas.pl<\/a>\n                                <\/p>\n                                <p><\/p>\n                                <p>\n                                  <strong>Dzia\u0142 Rozwoju Caritas<\/strong>\n                                <\/p>\n                                <p>Al. Unii Lubelskiej 15, 20-108 Lublin<\/p>\n                                <p>tel. 81 532 20 12, w. 309, 320<\/p>\n                                <p>kom. 662 722 342<\/p>\n                                <p><\/p>\n                              <\/div>\n                            <\/div>\n                          <\/div>\n                        <\/div>\n                      <\/div>\n                    <\/div>\n                  <\/div>\n                <\/div>\n              <\/div>\n            <\/div>\n          <\/div>\n        <\/div>\n      <\/div>\n    <\/section>\n    \n    \n    \n    \n  \n<\/div>","protected":false},"excerpt":{"rendered":"<p>Caritas Archidiecezji Lubelskiej Caritas Archidiecezji Lubelskiej ul. Prymasa Stefana Wyszy\u0144skiego 2, 20-105 Lublin (wej\u015bcie od Al. Unii Lubelskiej 15) tel. 81 532 95 71 fax: 81 532 81 94 e-mail: caritas@diecezja.lublin.pl; lublin@caritas.pl www.lublin.caritas.pl KRS: 0000204819 Konto: Bank Pekao S.A.: 46 1240 1503 1111 0000 1752 8351 Dyrektor: ks. dr \u0141ukasz Mudrak tel. 81 532 20 &hellip; <a href=\"https:\/\/new.archidiecezjalubelska.pl\/index.php\/caritas-archidiecezji-lubelskiej\/\" class=\"more-link\">Continue reading<span class=\"screen-reader-text\"> &#8220;Caritas Archidiecezji Lubelskiej&#8221;<\/span><\/a><\/p>\n","protected":false},"author":1,"featured_media":0,"parent":0,"menu_order":0,"comment_status":"closed","ping_status":"closed","template":"","meta":{"footnotes":""},"class_list":["post-503","page","type-page","status-publish","hentry"],"_links":{"self":[{"href":"https:\/\/new.archidiecezjalubelska.pl\/index.php\/wp-json\/wp\/v2\/pages\/503","targetHints":{"allow":["GET"]}}],"collection":[{"href":"https:\/\/new.archidiecezjalubelska.pl\/index.php\/wp-json\/wp\/v2\/pages"}],"about":[{"href":"https:\/\/new.archidiecezjalubelska.pl\/index.php\/wp-json\/wp\/v2\/types\/page"}],"author":[{"embeddable":true,"href":"https:\/\/new.archidiecezjalubelska.pl\/index.php\/wp-json\/wp\/v2\/users\/1"}],"replies":[{"embeddable":true,"href":"https:\/\/new.archidiecezjalubelska.pl\/index.php\/wp-json\/wp\/v2\/comments?post=503"}],"version-history":[{"count":16,"href":"https:\/\/new.archidiecezjalubelska.pl\/index.php\/wp-json\/wp\/v2\/pages\/503\/revisions"}],"predecessor-version":[{"id":67044,"href":"https:\/\/new.archidiecezjalubelska.pl\/index.php\/wp-json\/wp\/v2\/pages\/503\/revisions\/67044"}],"wp:attachment":[{"href":"https:\/\/new.archidiecezjalubelska.pl\/index.php\/wp-json\/wp\/v2\/media?parent=503"}],"curies":[{"name":"wp","href":"https:\/\/api.w.org\/{rel}","templated":true}]}}