{"id":601,"date":"2025-05-25T12:59:29","date_gmt":"2025-05-25T10:59:29","guid":{"rendered":"http:\/\/hosting2545269.online.pro\/autoinstalator\/wordpress6\/?page_id=601"},"modified":"2026-03-23T14:27:09","modified_gmt":"2026-03-23T13:27:09","slug":"kontakt","status":"publish","type":"page","link":"https:\/\/new.archidiecezjalubelska.pl\/index.php\/kontakt\/","title":{"rendered":"Kontakt"},"content":{"rendered":"<div class=\"woocommerce\">\n    \n    <section class=\"u-clearfix u-white u-section-2\" id=\"block-2\">\n      <div class=\"u-clearfix u-sheet u-valign-middle-lg u-valign-middle-md u-valign-middle-sm u-sheet-1\">\n        <div class=\"data-layout-selected u-clearfix u-expanded-width-xs u-layout-wrap u-layout-wrap-1\">\n          <div class=\"u-layout\">\n            <div class=\"u-layout-row\">\n              <div class=\"u-container-style u-layout-cell u-size-30 u-layout-cell-1\">\n                <div class=\"u-container-layout u-valign-top-xs u-container-layout-1\">\n                  <p class=\"u-text u-text-custom-color-3 u-text-default u-text-1\">Kontakt<\/p>\n                  <div class=\"u-align-justify u-container-style u-custom-color-2 u-group u-group-1\">\n                    <div class=\"u-container-layout u-valign-middle u-container-layout-2\">\n                      <p class=\"u-text u-text-2\"><span style=\"font-size: 1.25rem;\"><\/span><span style=\"font-weight: 700;\">Godziny otwarcia kurii<br><\/span><span style=\"font-weight: 700;\">\n                          <br><span style=\"font-weight: 700;\"><span style=\"font-weight: 400;\">Od poniedzia\u0142ku do pi\u0105tku w godzinach:&nbsp;<\/span>\n                            <br><span style=\"font-weight: 400;\">9.00 \u2013 14.00<\/span><\/span><\/span>\n                        <br>\n                        <br>(z wyj\u0105tkiem dni ustawowo wolnych od pracy oraz w 2026 r.: \u200b\u200b\u200b2 i 18 lutego, 3 kwietnia, 25 maja, 5 i 12 czerwca, 8\nwrze\u015bnia, 2 listopada, 8 grudnia)\n                      <\/p>\n                    <\/div>\n                  <\/div>\n                  <div class=\"u-align-left u-container-style u-custom-color-2 u-group u-group-2\">\n                    <div class=\"u-container-layout u-valign-middle u-container-layout-3\">\n                      <p class=\"u-text u-text-3\"><span style=\"font-size: 1.25rem;\"><\/span><span style=\"font-weight: 700;\">Dane teleadresowe<br><\/span>\n                        <br>Kuria Metropolitalna w Lublinie<br>\n                        <br>ul. Prymasa Stefana Wyszy\u0144skiego 2<br>20-105 Lublin<br>\n                        <br>Centrala:&nbsp; +48 81 532 10 58<br>Kancelaria:&nbsp; +48 81 532 12 25<br>\n                        <br>&nbsp;<a href=\"mailto:kancelaria@diecezja.lublin.pl\" class=\"u-active-none u-border-none u-btn u-button-link u-button-style u-hover-none u-none u-text-palette-1-base u-btn-1\">kancelaria@diecezja.lublin.pl<\/a>\n                      <\/p>\n                    <\/div>\n                  <\/div>\n                <\/div>\n              <\/div>\n              <div class=\"u-container-style u-layout-cell u-size-30 u-layout-cell-2\">\n                <div class=\"u-container-layout u-valign-top u-container-layout-4\">\n                  <p class=\"u-text u-text-custom-color-3 u-text-default u-text-4\">Formularz kontaktowy<\/p>\n                  <div class=\"u-form u-form-1\">\n                    <form action=\"https:\/\/forms.nicepagesrv.com\/v2\/form\/process\" class=\"u-clearfix u-form-spacing-10 u-form-vertical u-inner-form\" source=\"email\" name=\"form\" style=\"padding: 10px;\">\n                      <div class=\"u-form-group u-form-name\">\n                        <label for=\"name-db99\" class=\"u-form-control-hidden u-label\"><\/label>\n                        <input type=\"text\" placeholder=\"Imi\u0119 i nazwisko\" id=\"name-db99\" name=\"name\" class=\"u-input u-input-rectangle\" required=\"\">\n                      <\/div>\n                      <div class=\"u-form-email u-form-group\">\n                        <label for=\"email-db99\" class=\"u-form-control-hidden u-label\"><\/label>\n                        <input type=\"email\" placeholder=\"Adres e-mail\" id=\"email-db99\" name=\"email\" class=\"u-input u-input-rectangle\" required=\"\">\n                      <\/div>\n                      <div class=\"u-form-group u-form-message\">\n                        <label for=\"message-db99\" class=\"u-form-control-hidden u-label\"><\/label>\n                        <textarea placeholder=\"Tre\u015b\u0107\" rows=\"4\" cols=\"50\" id=\"message-db99\" name=\"message\" class=\"u-input u-input-rectangle\" required=\"\"><\/textarea>\n                      <\/div>\n                      <div class=\"u-align-left u-form-group u-form-submit\">\n                        <a href=\"#\" class=\"u-btn u-btn-submit u-button-style u-custom-color-4 u-btn-2\">Wy\u015blij<\/a>\n                        <input type=\"submit\" value=\"submit\" class=\"u-form-control-hidden\">\n                      <\/div>\n                      <div class=\"u-form-send-message u-form-send-success\"> Dzi\u0119kujemy! Twoja wiadomo\u015b\u0107 zosta\u0142a wys\u0142ana! <\/div>\n                      <div class=\"u-form-send-error u-form-send-message\"> Przepraszamy, wiadomo\u015b\u0107 nie mog\u0142a zosta\u0107 wys\u0142ana. Popraw b\u0142\u0119dy i spr\u00f3buj ponownie. <\/div>\n                      <input type=\"hidden\" value=\"\" name=\"recaptchaResponse\">\n                      <input type=\"hidden\" name=\"formServices\" value=\"9ae8a669-5106-ee27-5379-f9fb1d9c66fc\">\n                    <\/form>\n                  <\/div>\n                  <div class=\"u-align-justify u-container-style u-custom-color-2 u-group u-group-3\">\n                    <div class=\"u-container-layout u-valign-middle u-container-layout-5\">\n                      <p class=\"u-text u-text-5\"><span style=\"font-size: 1.25rem;\"><\/span><span style=\"font-weight: 700;\">Dy\u017cury ksi\u0119\u017cy biskup\u00f3w w kurii<\/span>\n                        <br>\n                        <br>Ks. Abp Stanis\u0142aw Budzik&nbsp;przyjmuje interesant\u00f3w po wcze\u015bniejszym um\u00f3wieniu:<br>e-mail:&nbsp;<a href=\"mailto:sekretarz@diecezja.lublin.pl\" target=\"_blank\" rel=\"noreferrer noopener\" class=\"u-active-none u-border-none u-btn u-button-style u-hover-none u-none u-text-palette-1-base u-btn-3\">sekretarz@diecezja.lublin.pl<\/a>\n                        <br>tel.&nbsp;+48 81 532 34 68<br>\n                        <br><span style=\"font-weight: 700;\"><span style=\"font-weight: 400;\">\u015aroda<\/span><span style=\"font-weight: 400;\">:<\/span><\/span>&nbsp;Bp Adam Bab<br>Czwartek: Bp Artur Mizi\u0144ski<br>Pi\u0105tek: Bp J\u00f3zef Wr\u00f3bel<br>\n                        <br>Po\nwcze\u015bniejszym um\u00f3wieniu:<br> e-mail:&nbsp;<a href=\"mailto:kancelaria@diecezja.lublin.pl\" target=\"_blank\" class=\"u-active-none u-border-none u-btn u-button-style u-hover-none u-none u-text-palette-1-base u-btn-4\">kancelaria@diecezja.lublin.pl<\/a>\n                        <br> tel.&nbsp;+48 81 532 12 25<br>\n                      <\/p>\n                    <\/div>\n                  <\/div>\n                <\/div>\n              <\/div>\n            <\/div>\n          <\/div>\n        <\/div>\n      <\/div>\n    <\/section>\n    \n    \n    \n    \n  \n<\/div>","protected":false},"excerpt":{"rendered":"<p>Kontakt Godziny otwarcia kurii Od poniedzia\u0142ku do pi\u0105tku w godzinach:&nbsp; 9.00 \u2013 14.00 (z wyj\u0105tkiem dni ustawowo wolnych od pracy oraz w 2026 r.: \u200b\u200b\u200b2 i 18 lutego, 3 kwietnia, 25 maja, 5 i 12 czerwca, 8 wrze\u015bnia, 2 listopada, 8 grudnia) Dane teleadresowe Kuria Metropolitalna w Lublinie ul. Prymasa Stefana Wyszy\u0144skiego 220-105 Lublin Centrala:&nbsp; &hellip; <a href=\"https:\/\/new.archidiecezjalubelska.pl\/index.php\/kontakt\/\" class=\"more-link\">Continue reading<span class=\"screen-reader-text\"> &#8220;Kontakt&#8221;<\/span><\/a><\/p>\n","protected":false},"author":1,"featured_media":0,"parent":0,"menu_order":0,"comment_status":"closed","ping_status":"closed","template":"","meta":{"footnotes":""},"class_list":["post-601","page","type-page","status-publish","hentry"],"_links":{"self":[{"href":"https:\/\/new.archidiecezjalubelska.pl\/index.php\/wp-json\/wp\/v2\/pages\/601","targetHints":{"allow":["GET"]}}],"collection":[{"href":"https:\/\/new.archidiecezjalubelska.pl\/index.php\/wp-json\/wp\/v2\/pages"}],"about":[{"href":"https:\/\/new.archidiecezjalubelska.pl\/index.php\/wp-json\/wp\/v2\/types\/page"}],"author":[{"embeddable":true,"href":"https:\/\/new.archidiecezjalubelska.pl\/index.php\/wp-json\/wp\/v2\/users\/1"}],"replies":[{"embeddable":true,"href":"https:\/\/new.archidiecezjalubelska.pl\/index.php\/wp-json\/wp\/v2\/comments?post=601"}],"version-history":[{"count":13,"href":"https:\/\/new.archidiecezjalubelska.pl\/index.php\/wp-json\/wp\/v2\/pages\/601\/revisions"}],"predecessor-version":[{"id":66524,"href":"https:\/\/new.archidiecezjalubelska.pl\/index.php\/wp-json\/wp\/v2\/pages\/601\/revisions\/66524"}],"wp:attachment":[{"href":"https:\/\/new.archidiecezjalubelska.pl\/index.php\/wp-json\/wp\/v2\/media?parent=601"}],"curies":[{"name":"wp","href":"https:\/\/api.w.org\/{rel}","templated":true}]}}