{"id":642,"date":"2025-05-25T13:14:09","date_gmt":"2025-05-25T11:14:09","guid":{"rendered":"http:\/\/hosting2545269.online.pro\/autoinstalator\/wordpress6\/?page_id=642"},"modified":"2026-03-26T10:41:26","modified_gmt":"2026-03-26T09:41:26","slug":"sad-metropolitalny-lubelski","status":"publish","type":"page","link":"https:\/\/new.archidiecezjalubelska.pl\/index.php\/sad-metropolitalny-lubelski\/","title":{"rendered":"S\u0105d Metropolitalny Lubelski"},"content":{"rendered":"<div class=\"woocommerce\">\n    \n    <section class=\"u-clearfix u-white u-section-2\" id=\"sec-d6ab\">\n      <div class=\"u-clearfix u-sheet u-valign-middle-lg u-valign-middle-md u-valign-middle-sm u-sheet-1\">\n        <div class=\"data-layout-selected u-clearfix u-expanded-width-xs u-layout-wrap u-layout-wrap-1\">\n          <div class=\"u-gutter-0 u-layout\" style=\"\">\n            <div class=\"u-layout-row\" style=\"\">\n              <div class=\"u-container-style u-layout-cell u-shape-rectangle u-size-60 u-size-60-md u-layout-cell-1\">\n                <div class=\"u-container-layout u-valign-top-lg u-valign-top-md u-valign-top-sm u-valign-top-xs u-container-layout-1\">\n                  <div class=\"custom-expanded u-align-left u-container-style u-group u-white u-group-1\">\n                    <div class=\"u-container-layout u-container-layout-2\">\n                      <div class=\"u-container-style u-custom-color-12 u-expanded-width u-group u-group-2\">\n                        <div class=\"u-container-layout u-valign-middle u-container-layout-3\">\n                          <h5 class=\"u-custom-font u-font-merriweather u-text u-text-black u-text-default u-text-1\"> S\u0105d Metropolitalny Lubelski:<\/h5>\n                        <\/div>\n                      <\/div>\n                      <h5 class=\"u-custom-font u-font-merriweather u-text u-text-2\"> ul. Prymasa Stefana Wyszy\u0144skiego 2, 20-105 Lublin<br>tel. +48 81 532 36 33<br>e-mail:\n                      <\/h5>\n                      <h5 class=\"u-custom-font u-font-merriweather u-text u-text-3\">\n                        <a class=\"u-active-none u-border-none u-btn u-button-link u-button-style u-hover-none u-none u-text-palette-1-base u-btn-1\" href=\"mailto:tribunal@diecezja.lublin.pl\"> tribunal@diecezja.lublin.pl<\/a>\n                      <\/h5>\n                    <\/div>\n                  <\/div>\n                  <div class=\"custom-expanded u-align-justify u-container-style u-group u-white u-group-3\">\n                    <div class=\"u-container-layout u-container-layout-4\">\n                      <div class=\"u-container-style u-custom-color-12 u-expanded-width u-group u-group-4\">\n                        <div class=\"u-container-layout u-valign-middle u-container-layout-5\">\n                          <h5 class=\"u-custom-font u-font-merriweather u-text u-text-black u-text-default u-text-4\"> Przyj\u0119cia interesant\u00f3w:<\/h5>\n                        <\/div>\n                      <\/div>\n                      <h5 class=\"u-custom-font u-font-merriweather u-text u-text-5\"> od poniedzia\u0142ku do pi\u0105tku w godzinach: 9.30 \u2013 13.30<br>\n                        <br>(z wyj\u0105tkiem dni ustawowo wolnych od pracy oraz&nbsp;w&nbsp;2026&nbsp;roku: 3 kwietnia, 25 maja, 5 i 12 czerwca, 8 wrze\u015bnia, 2 listopada, 8 grudnia)\n                      <\/h5>\n                    <\/div>\n                  <\/div>\n                  <div class=\"custom-expanded u-align-left u-container-style u-group u-white u-group-5\">\n                    <div class=\"u-container-layout u-container-layout-6\">\n                      <div class=\"u-container-style u-custom-color-12 u-expanded-width u-group u-group-6\">\n                        <div class=\"u-container-layout u-valign-middle u-container-layout-7\">\n                          <h5 class=\"u-custom-font u-font-merriweather u-text u-text-black u-text-6\"> Porady w sprawach dotycz\u0105cych procesu:<\/h5>\n                        <\/div>\n                      <\/div>\n                      <h5 class=\"u-custom-font u-font-merriweather u-text u-text-7\"> Porady w sprawach dotycz\u0105cych procesu o niewa\u017cno\u015b\u0107 ma\u0142\u017ce\u0144stwa udzielane s\u0105:<br>\n                        <br>\u2013 telefonicznie: +48 81 532 36 33<br>\u2013 za po\u015brednictwem poczty elektronicznej: tribunal@diecezja.lublin.pl<br>\u2013 od poniedzia\u0142ku do pi\u0105tku w godzinach: 10.00 \u200b\u2013 13.00<br>\n                        <br>\n                        <a href=\"https:\/\/archidiecezjalubelska.pl\/wp-content\/uploads\/2025\/12\/informacja_sad_2026.pdf\" target=\"_blank\" rel=\"noreferrer noopener\" class=\"u-active-none u-border-none u-btn u-button-style u-hover-none u-none u-text-palette-1-base u-btn-2\">\u2022 Informacja o procesie dotycz\u0105cym niewa\u017cno\u015bci ma\u0142\u017ce\u0144stwa kanonicznego (plik pdf)<\/a>\n                        <br>\n                        <a href=\"https:\/\/www.ekai.pl\/milosierdzie-sprawiedliwosc-prawda-procesy-o-niewaznosc-malzenstwa\/\" target=\"_blank\" rel=\"noreferrer noopener\" class=\"u-active-none u-border-none u-btn u-button-style u-hover-none u-none u-text-palette-1-base u-btn-3\">\u2022 Mi\u0142osierdzie, sprawiedliwo\u015b\u0107, prawda \u2013 procesy o niewa\u017cno\u015b\u0107 ma\u0142\u017ce\u0144stwa<\/a>\n                        <br>\n                        <a href=\"https:\/\/www.ekai.pl\/profesor-kul-wielosc-spraw-o-stwierdzenie-niewaznosci-malzenstwa-swiadczy-o-wrazliwosci-moralnej\/\" target=\"_blank\" rel=\"noreferrer noopener\" class=\"u-active-none u-border-none u-btn u-button-style u-hover-none u-none u-text-palette-1-base u-btn-4\">\u2022 Profesor KUL: wielo\u015b\u0107 spraw o stwierdzenie niewa\u017cno\u015bci ma\u0142\u017ce\u0144stwa \u015bwiadczy o wra\u017cliwo\u015bci moralnej<\/a>\n                        <br>\n                        <a href=\"https:\/\/pliki.diecezja.lublin.pl\/administracja\/niedziela_rozwodnicy_w_Kosciele_artykul_booklet.pdf\" target=\"_blank\" rel=\"noreferrer noopener\" class=\"u-active-none u-border-none u-btn u-button-style u-hover-none u-none u-text-palette-1-base u-btn-5\">\u2022 Rozwodnicy w Ko\u015bciele \u2013 artyku\u0142 z Tygodnika Katolickiego Niedziela<\/a>\n                        <br>\n                        <a href=\"https:\/\/youtu.be\/f7ceOCiQkx4?si=4EwGNwcyHweYNfZb\" target=\"_blank\" rel=\"noreferrer noopener\" class=\"u-active-none u-border-none u-btn u-button-style u-hover-none u-none u-text-palette-1-base u-btn-6\">\u2022 Nie ma rozwod\u00f3w w Ko\u015bciele \u2013 \u201eKULminacja s\u0142\u00f3w\u201d \u2013 odc. 18<\/a>\n                      <\/h5>\n                    <\/div>\n                  <\/div>\n                  <div class=\"custom-expanded u-align-justify u-container-style u-group u-white u-group-7\">\n                    <div class=\"u-container-layout u-container-layout-8\">\n                      <div class=\"u-container-style u-custom-color-12 u-expanded-width u-group u-group-8\">\n                        <div class=\"u-container-layout u-valign-middle u-container-layout-9\">\n                          <h5 class=\"u-custom-font u-font-merriweather u-text u-text-black u-text-8\"> OG\u0141OSZENIE:<\/h5>\n                        <\/div>\n                      <\/div>\n                      <h5 class=\"u-custom-font u-font-merriweather u-text u-text-9\"> Przestrzegamy P.T. Petent\u00f3w przed szukaniem pomocy w sprawach o stwierdzenie niewa\u017cno\u015bci ma\u0142\u017ce\u0144stwa u os\u00f3b lub kancelarii og\u0142aszaj\u0105cych si\u0119 w prasie lub za po\u015brednictwem Internetu. Osoby te cz\u0119sto nie maj\u0105 uprawnie\u0144 do wyst\u0119powania w s\u0105dach ko\u015bcielnych jako adwokaci. Zdarza si\u0119, \u017ce nie dysponuj\u0105 te\u017c one wystarczaj\u0105c\u0105 wiedz\u0105 z zakresu prawa kanonicznego. \u017b\u0105daj\u0105c bezpodstawnie bardzo wysokich op\u0142at za swoje us\u0142ugi, niejednokrotnie nieuczciwie wykorzystuj\u0105 czyje\u015b szczere pragnienie rozwi\u0105zania trudnych spraw. Praktyka s\u0105dowa wskazuje zreszt\u0105 te\u017c na to, \u017ce tego rodzaju \u201epomoc\u201d nie na wiele si\u0119 przydaje, a uciekanie si\u0119 do proponowanych przez takie osoby \u015brodk\u00f3w rodzi uzasadnione podejrzenia o ch\u0119\u0107 nieuczciwego osi\u0105gni\u0119cia po\u017c\u0105danego wyroku.<\/h5>\n                    <\/div>\n                  <\/div>\n                  <div class=\"custom-expanded u-align-justify u-container-style u-group u-white u-group-9\">\n                    <div class=\"u-container-layout u-container-layout-10\">\n                      <div class=\"u-container-style u-custom-color-12 u-expanded-width u-group u-group-10\">\n                        <div class=\"u-container-layout u-valign-middle u-container-layout-11\">\n                          <h5 class=\"u-custom-font u-font-merriweather u-text u-text-black u-text-10\"> Adwokaci zatwierdzeni do wyst\u0119powania przed S\u0105dem Metropolitalnym Lubelskim:<\/h5>\n                        <\/div>\n                      <\/div>\n                      <h5 class=\"u-custom-font u-font-merriweather u-text u-text-11\">\n                        <a href=\"https:\/\/adwokat-warmuz.pl\/\" target=\"_blank\" rel=\"noopener\" class=\"u-active-none u-border-none u-btn u-button-style u-hover-none u-none u-text-palette-1-base u-btn-7\">dr Agata Warmuz<\/a>\n                        <br>\n                        <a href=\"http:\/\/kancelaria-baranczuk.pl\/\" target=\"_blank\" rel=\"noopener noreferrer\" class=\"u-active-none u-border-none u-btn u-button-style u-hover-none u-none u-text-palette-1-base u-btn-8\">mgr Bart\u0142omiej Bara\u0144czuk<\/a>\n                        <br>\n                        <a href=\"https:\/\/www.adwokatkoscielny.pl\/zespol\/urszula-wasilewicz\" target=\"_blank\" rel=\"noopener\" class=\"u-active-none u-border-none u-btn u-button-style u-hover-none u-none u-text-palette-1-base u-btn-9\">dr Urszula Wasilewicz<\/a>\n                        <br>\n                        <a href=\"http:\/\/www.kancelariapereta.pl\/\" target=\"_blank\" rel=\"noopener noreferrer\" class=\"u-active-none u-border-none u-btn u-button-style u-hover-none u-none u-text-palette-1-base u-btn-10\">mgr Martyna Pereta<\/a>&nbsp;(pos\u0142uguje si\u0119 tak\u017ce j\u0119zykiem migowym)<br>\n                        <a href=\"https:\/\/kancelariaalithis.pl\/\" target=\"_blank\" rel=\"noopener\" class=\"u-active-none u-border-none u-btn u-button-style u-hover-none u-none u-text-palette-1-base u-btn-11\">mgr Dominika Flis-Siwek<\/a>\n                        <br>dr Malwina K\u0119dracka<br>mgr Weronika Gawlik<br>\n                      <\/h5>\n                    <\/div>\n                  <\/div>\n                  <div class=\"custom-expanded u-align-justify u-container-style u-group u-white u-group-11\">\n                    <div class=\"u-container-layout u-container-layout-12\">\n                      <div class=\"u-container-style u-custom-color-12 u-expanded-width u-group u-group-12\">\n                        <div class=\"u-container-layout u-valign-middle u-container-layout-13\">\n                          <h5 class=\"u-custom-font u-font-merriweather u-text u-text-black u-text-12\"> S\u0105d Metropolitalny Lubelski rozpatruje:<\/h5>\n                        <\/div>\n                      <\/div>\n                      <h5 class=\"u-custom-font u-font-merriweather u-text u-text-13\"> \u2013 w I instancji sprawy archidiecezji lubelskiej,<br>\u2013 w II instancji sprawy rozpatrzone w I instancji przez s\u0105dy: archidiecezji przemyskiej obrz\u0105dku \u0142aci\u0144skiego, diecezji sandomierskiej i diecezji siedleckiej<br>\n                        <br>S\u0105dem II instancji jest S\u0105d Metropolitalny Warszawski.<br>\n                        <br>\n                        <a href=\"https:\/\/archidiecezjalubelska.pl\/wp-content\/uploads\/2022\/12\/sad_historia-20221201.pdf\" class=\"u-active-none u-border-none u-btn u-button-style u-hover-none u-none u-text-palette-1-base u-btn-12\">Zarys historii s\u0105du i niekt\u00f3re dane statystyczne (plik pdf)<\/a>\n                      <\/h5>\n                    <\/div>\n                  <\/div>\n                <\/div>\n              <\/div>\n            <\/div>\n          <\/div>\n        <\/div>\n      <\/div>\n    <\/section>\n    \n    \n    \n    \n  \n<\/div>","protected":false},"excerpt":{"rendered":"<p>S\u0105d Metropolitalny Lubelski: ul. Prymasa Stefana Wyszy\u0144skiego 2, 20-105 Lublintel. +48 81 532 36 33e-mail: tribunal@diecezja.lublin.pl Przyj\u0119cia interesant\u00f3w: od poniedzia\u0142ku do pi\u0105tku w godzinach: 9.30 \u2013 13.30 (z wyj\u0105tkiem dni ustawowo wolnych od pracy oraz&nbsp;w&nbsp;2026&nbsp;roku: 3 kwietnia, 25 maja, 5 i 12 czerwca, 8 wrze\u015bnia, 2 listopada, 8 grudnia) Porady w sprawach dotycz\u0105cych procesu: Porady &hellip; <a href=\"https:\/\/new.archidiecezjalubelska.pl\/index.php\/sad-metropolitalny-lubelski\/\" class=\"more-link\">Continue reading<span class=\"screen-reader-text\"> &#8220;S\u0105d Metropolitalny Lubelski&#8221;<\/span><\/a><\/p>\n","protected":false},"author":1,"featured_media":0,"parent":0,"menu_order":0,"comment_status":"closed","ping_status":"closed","template":"","meta":{"footnotes":""},"class_list":["post-642","page","type-page","status-publish","hentry"],"_links":{"self":[{"href":"https:\/\/new.archidiecezjalubelska.pl\/index.php\/wp-json\/wp\/v2\/pages\/642","targetHints":{"allow":["GET"]}}],"collection":[{"href":"https:\/\/new.archidiecezjalubelska.pl\/index.php\/wp-json\/wp\/v2\/pages"}],"about":[{"href":"https:\/\/new.archidiecezjalubelska.pl\/index.php\/wp-json\/wp\/v2\/types\/page"}],"author":[{"embeddable":true,"href":"https:\/\/new.archidiecezjalubelska.pl\/index.php\/wp-json\/wp\/v2\/users\/1"}],"replies":[{"embeddable":true,"href":"https:\/\/new.archidiecezjalubelska.pl\/index.php\/wp-json\/wp\/v2\/comments?post=642"}],"version-history":[{"count":12,"href":"https:\/\/new.archidiecezjalubelska.pl\/index.php\/wp-json\/wp\/v2\/pages\/642\/revisions"}],"predecessor-version":[{"id":66530,"href":"https:\/\/new.archidiecezjalubelska.pl\/index.php\/wp-json\/wp\/v2\/pages\/642\/revisions\/66530"}],"wp:attachment":[{"href":"https:\/\/new.archidiecezjalubelska.pl\/index.php\/wp-json\/wp\/v2\/media?parent=642"}],"curies":[{"name":"wp","href":"https:\/\/api.w.org\/{rel}","templated":true}]}}