{"id":646,"date":"2025-05-25T13:14:51","date_gmt":"2025-05-25T11:14:51","guid":{"rendered":"http:\/\/hosting2545269.online.pro\/autoinstalator\/wordpress6\/?page_id=646"},"modified":"2026-03-26T10:16:31","modified_gmt":"2026-03-26T09:16:31","slug":"delegat-ds-ochrony-dzieci","status":"publish","type":"page","link":"https:\/\/new.archidiecezjalubelska.pl\/index.php\/delegat-ds-ochrony-dzieci\/","title":{"rendered":"Delegat ds ochrony dzieci"},"content":{"rendered":"<div class=\"woocommerce\">\n    \n    <section class=\"u-clearfix u-white u-section-2\" id=\"sec-4f48\">\n      <div class=\"u-clearfix u-sheet u-valign-middle-lg u-valign-middle-md u-valign-middle-sm u-valign-middle-xl u-sheet-1\">\n        <div class=\"data-layout-selected u-clearfix u-expanded-width-xs u-layout-wrap u-layout-wrap-1\">\n          <div class=\"u-gutter-0 u-layout\" style=\"\">\n            <div class=\"u-layout-row\" style=\"\">\n              <div class=\"u-container-style u-layout-cell u-shape-rectangle u-size-60 u-size-60-md u-layout-cell-1\">\n                <div class=\"u-container-layout u-valign-top-lg u-valign-top-md u-valign-top-sm u-valign-top-xs u-container-layout-1\">\n                  <div class=\"custom-expanded u-align-left u-container-style u-group u-white u-group-1\">\n                    <div class=\"u-container-layout u-container-layout-2\">\n                      <div class=\"u-container-style u-custom-color-12 u-expanded-width u-group u-group-2\">\n                        <div class=\"u-container-layout u-valign-middle u-container-layout-3\">\n                          <h5 class=\"u-custom-font u-font-merriweather u-text u-text-black u-text-default u-text-1\"> DELEGACI DS. OCHRONY DZIECI I M\u0141ODZIE\u017bY:<\/h5>\n                        <\/div>\n                      <\/div>\n                      <h5 class=\"u-custom-font u-font-merriweather u-text u-text-2\"> ul. Prymasa Stefana Wyszy\u0144skiego 2, 20-105 Lublin<br>\n                        <br>Ks. Marek Szo\u0142dra<br>tel. 501 048 115<br>e-mail:&nbsp;<br>\n                        <br>Beata Boguszewska<br>e-mail:&nbsp;<br>\n                        <br>S.&nbsp;Agnieszka Jarkowska<br>e-mail:<br>\n                        <br>\n                        <a href=\"https:\/\/archidiecezjalubelska.pl\/wp-content\/uploads\/2019\/10\/ZASADY_ochrony_2019.pdf\" target=\"_blank\" rel=\"noopener noreferrer\" class=\"u-active-none u-border-none u-btn u-button-style u-hover-none u-none u-text-palette-1-base u-btn-1\">ZASADY OCHRONY DZIECI I M\u0141ODZIE\u017bY W ARCHIDIECEZJI LUBELSKIEJ [2019]<\/a>\n                      <\/h5>\n                      <h5 class=\"u-custom-font u-font-merriweather u-text u-text-3\">\n                        <a class=\"u-active-none u-border-none u-btn u-button-link u-button-style u-hover-none u-none u-text-palette-1-base u-btn-2\" href=\"mailto:notariusz@diecezja.lublin.pl\"> notariusz@diecezja.lublin.pl<br>\n                        <\/a>\n                      <\/h5>\n                      <h5 class=\"u-custom-font u-font-merriweather u-text u-text-4\">\n                        <a class=\"u-active-none u-border-none u-btn u-button-link u-button-style u-hover-none u-none u-text-palette-1-base u-btn-3\" href=\"mailto:a.jarkowska@diecezja.lublin.pl\">a.jarkowska@diecezja.lublin.pl<br>\n                        <\/a>\n                      <\/h5>\n                      <h5 class=\"u-custom-font u-font-merriweather u-text u-text-5\">\n                        <a class=\"u-active-none u-border-none u-btn u-button-link u-button-style u-hover-none u-none u-text-palette-1-base u-btn-4\" href=\"mailto:delegat@diecezja.lublin.pl\">delegat@diecezja.lublin.pl<br>\n                        <\/a>\n                      <\/h5>\n                    <\/div>\n                  <\/div>\n                  <div class=\"custom-expanded u-align-left u-container-align-left u-container-style u-group u-white u-group-3\">\n                    <div class=\"u-container-layout u-container-layout-4\">\n                      <div class=\"u-container-style u-custom-color-12 u-expanded-width u-group u-group-4\">\n                        <div class=\"u-container-layout u-valign-middle u-container-layout-5\">\n                          <h5 class=\"u-custom-font u-font-merriweather u-text u-text-black u-text-default u-text-6\"> ZESP\u00d3\u0141 DS. OCHRONY DZIECI I M\u0141ODZIE\u017bY:<\/h5>\n                        <\/div>\n                      <\/div>\n                      <h5 class=\"u-custom-font u-font-merriweather u-text u-text-7\"> Przewodnicz\u0105cy: Bp Adam Bab<br>\n                        <br>Cz\u0142onkowie:<br>Ks. Adam Jaszcz<br>Ks. Marek Szo\u0142dra<br>Ks.&nbsp;Marek Urban<br>S.&nbsp;Agnieszka Jarkowska<br>Beata Boguszewska\n                      <\/h5>\n                    <\/div>\n                  <\/div>\n                  <div class=\"custom-expanded u-align-left u-container-align-left u-container-style u-group u-white u-group-5\">\n                    <div class=\"u-container-layout u-container-layout-6\">\n                      <div class=\"u-container-style u-custom-color-12 u-expanded-width u-group u-group-6\">\n                        <div class=\"u-container-layout u-valign-middle u-container-layout-7\">\n                          <h5 class=\"u-custom-font u-font-merriweather u-text u-text-black u-text-default u-text-8\"> ARCHIDIECEZJALNY KURATOR SPRAWC\u00d3W WYKORZYSTANIA NIELETNICH:<\/h5>\n                        <\/div>\n                      <\/div>\n                      <h5 class=\"u-custom-font u-font-merriweather u-text u-text-9\">Ks. Marek Urban<\/h5>\n                    <\/div>\n                  <\/div>\n                <\/div>\n              <\/div>\n            <\/div>\n          <\/div>\n        <\/div>\n      <\/div>\n    <\/section>\n    \n    \n    \n    \n  \n<\/div>","protected":false},"excerpt":{"rendered":"<p>DELEGACI DS. OCHRONY DZIECI I M\u0141ODZIE\u017bY: ul. Prymasa Stefana Wyszy\u0144skiego 2, 20-105 Lublin Ks. Marek Szo\u0142dratel. 501 048 115e-mail:&nbsp; Beata Boguszewskae-mail:&nbsp; S.&nbsp;Agnieszka Jarkowskae-mail: ZASADY OCHRONY DZIECI I M\u0141ODZIE\u017bY W ARCHIDIECEZJI LUBELSKIEJ [2019] notariusz@diecezja.lublin.pl a.jarkowska@diecezja.lublin.pl delegat@diecezja.lublin.pl ZESP\u00d3\u0141 DS. OCHRONY DZIECI I M\u0141ODZIE\u017bY: Przewodnicz\u0105cy: Bp Adam Bab Cz\u0142onkowie:Ks. Adam JaszczKs. Marek Szo\u0142draKs.&nbsp;Marek UrbanS.&nbsp;Agnieszka JarkowskaBeata Boguszewska ARCHIDIECEZJALNY KURATOR &hellip; <a href=\"https:\/\/new.archidiecezjalubelska.pl\/index.php\/delegat-ds-ochrony-dzieci\/\" class=\"more-link\">Continue reading<span class=\"screen-reader-text\"> &#8220;Delegat ds ochrony dzieci&#8221;<\/span><\/a><\/p>\n","protected":false},"author":1,"featured_media":0,"parent":0,"menu_order":0,"comment_status":"closed","ping_status":"closed","template":"","meta":{"footnotes":""},"class_list":["post-646","page","type-page","status-publish","hentry"],"_links":{"self":[{"href":"https:\/\/new.archidiecezjalubelska.pl\/index.php\/wp-json\/wp\/v2\/pages\/646","targetHints":{"allow":["GET"]}}],"collection":[{"href":"https:\/\/new.archidiecezjalubelska.pl\/index.php\/wp-json\/wp\/v2\/pages"}],"about":[{"href":"https:\/\/new.archidiecezjalubelska.pl\/index.php\/wp-json\/wp\/v2\/types\/page"}],"author":[{"embeddable":true,"href":"https:\/\/new.archidiecezjalubelska.pl\/index.php\/wp-json\/wp\/v2\/users\/1"}],"replies":[{"embeddable":true,"href":"https:\/\/new.archidiecezjalubelska.pl\/index.php\/wp-json\/wp\/v2\/comments?post=646"}],"version-history":[{"count":9,"href":"https:\/\/new.archidiecezjalubelska.pl\/index.php\/wp-json\/wp\/v2\/pages\/646\/revisions"}],"predecessor-version":[{"id":66528,"href":"https:\/\/new.archidiecezjalubelska.pl\/index.php\/wp-json\/wp\/v2\/pages\/646\/revisions\/66528"}],"wp:attachment":[{"href":"https:\/\/new.archidiecezjalubelska.pl\/index.php\/wp-json\/wp\/v2\/media?parent=646"}],"curies":[{"name":"wp","href":"https:\/\/api.w.org\/{rel}","templated":true}]}}