{"id":66010,"date":"2026-03-12T15:56:29","date_gmt":"2026-03-12T14:56:29","guid":{"rendered":"https:\/\/new.archidiecezjalubelska.pl\/?page_id=66010"},"modified":"2026-03-23T13:40:47","modified_gmt":"2026-03-23T12:40:47","slug":"bp-mieczyslaw-cislo","status":"publish","type":"page","link":"https:\/\/new.archidiecezjalubelska.pl\/index.php\/bp-mieczyslaw-cislo\/","title":{"rendered":"Bp Mieczys\u0142aw Cis\u0142o"},"content":{"rendered":"<div class=\"woocommerce\">\n    \n    <section class=\"u-clearfix u-white u-section-2\" id=\"sec-b1ab\">\n      <div class=\"u-clearfix u-sheet u-valign-middle-lg u-valign-middle-md u-valign-middle-sm u-sheet-1\">\n        <div class=\"data-layout-selected u-clearfix u-expanded-width-xs u-layout-wrap u-layout-wrap-1\">\n          <div class=\"u-gutter-0 u-layout\" style=\"\">\n            <div class=\"u-layout-row\" style=\"\">\n              <div class=\"u-container-style u-layout-cell u-shape-rectangle u-size-60 u-size-60-md u-layout-cell-1\">\n                <div class=\"u-container-layout u-valign-top-lg u-valign-top-md u-valign-top-sm u-valign-top-xs u-container-layout-1\">\n                  <div class=\"custom-expanded u-align-left u-container-align-left u-container-style u-group u-white u-group-1\">\n                    <div class=\"u-container-layout u-container-layout-2\">\n                      <div class=\"u-container-style u-custom-color-12 u-expanded-width u-group u-group-2\">\n                        <div class=\"u-container-layout u-valign-middle u-container-layout-3\">\n                          <h5 class=\"u-custom-font u-font-merriweather u-text u-text-black u-text-default u-text-1\">Biskup Mieczys\u0142aw Cis\u0142o<\/h5>\n                        <\/div>\n                      <\/div>\n                      <img decoding=\"async\" class=\"u-image u-image-default u-image-1\" src=\"https:\/\/archidiecezjalubelska.pl\/wp-content\/uploads\/2019\/02\/Cislo_bp_2.png\" alt=\"\" data-image-width=\"130\" data-image-height=\"183\">\n                      <h5 class=\"u-custom-font u-font-merriweather u-text u-text-black u-text-default u-text-2\">Biskup Mieczys\u0142aw Cis\u0142o<\/h5>\n                      <h5 class=\"u-custom-font u-font-merriweather u-text u-text-default u-text-3\">\u2022 Biskup pomocniczy Senior Archidiecezji Lubelskiej<\/h5>\n                      <h5 class=\"u-custom-font u-font-merriweather u-text u-text-default u-text-4\">\u2022 Doktor teologii<\/h5>\n                      <h5 class=\"u-custom-font u-font-merriweather u-text u-text-default u-text-5\">W SKR\u00d3CIE:<\/h5>\n                      <div class=\"u-container-style u-custom-color-12 u-expanded-width u-group u-group-3\">\n                        <div class=\"u-container-layout u-valign-middle u-container-layout-4\">\n                          <h5 class=\"u-custom-font u-font-merriweather u-text u-text-black u-text-6\">\u2022 urodzi\u0142 si\u0119 15 sierpnia 1945 r. w Niemir\u00f3wku k. Krasnobrodu<br>\u2022 przyj\u0105\u0142 \u015bwi\u0119cenia prezbiteratu 14 czerwca 1970 r. w Lublinie<br>\u2022 zosta\u0142 mianowany biskupem pomocniczym archidiecezji lubelskiej 13 grudnia 1997 r.<br>\u2022 przyj\u0105\u0142 \u015bwi\u0119cenia biskupie 2 lutego 1998 r. w Lublinie<br>\u2022 by\u0142 administratorem archidiecezji lubelskiej od 14 lutego 2010 do 22 pa\u017adziernika 2011 r.<br>\u2022 przeszed\u0142 w stan emerytalny 15 sierpnia 2020 r.\n                          <\/h5>\n                        <\/div>\n                      <\/div>\n                      <img decoding=\"async\" class=\"u-image u-image-default u-image-2\" src=\"https:\/\/archidiecezjalubelska.pl\/wp-content\/uploads\/2019\/02\/cislo_herb.png\" alt=\"\" data-image-width=\"250\" data-image-height=\"300\">\n                      <h5 class=\"u-custom-font u-font-merriweather u-text u-text-7\"><span style=\"font-weight: 700;\">DEWIZA BISKUPIA:<\/span>\n                        <br>\n                        <br><span style=\"font-style: italic;\"> Christus Pascha nostrum<\/span>\n                        <br>\n                        <br><span style=\"font-style: italic;\"><span style=\"font-style: normal;\">(<\/span>Chrystus nasza Pascha<span style=\"font-style: normal;\">)<\/span><\/span>\n                      <\/h5>\n                      <h5 class=\"u-custom-font u-font-merriweather u-text u-text-default u-text-8\">Kontakt:<\/h5>\n                      <div class=\"u-container-style u-custom-color-12 u-expanded-width u-group u-group-4\">\n                        <div class=\"u-container-layout u-valign-middle u-container-layout-5\">\n                          <h5 class=\"u-custom-font u-font-merriweather u-text u-text-black u-text-9\">ul. Prymasa Stefana Wyszy\u0144skiego 2<br>20-105 Lublin <br>\n                            <br>tel. +48 81 532 09 18<br>e-mail: \u200bm.cislo@diecezja.lublin.pl<br>\n                          <\/h5>\n                        <\/div>\n                      <\/div>\n                      <h5 class=\"u-custom-font u-font-merriweather u-text u-text-default u-text-10\">\u017byciorys:<br>\n                      <\/h5>\n                      <div class=\"u-align-justify u-container-style u-custom-color-12 u-expanded-width u-group u-group-5\">\n                        <div class=\"u-container-layout u-valign-middle u-container-layout-6\">\n                          <h5 class=\"u-custom-font u-font-merriweather u-text u-text-black u-text-11\">Biskup Mieczys\u0142aw Cis\u0142o urodzi\u0142 si\u0119 15 sierpnia 1945 roku w Niemir\u00f3wku (parafia Krasnobr\u00f3d, diecezja zamojsko-lubaczowska). Ucz\u0119szcza\u0142 do Liceum Og\u00f3lnokszta\u0142c\u0105cego w Tomaszowie Lubelskim, gdzie w 1964 roku uzyska\u0142 matur\u0119. W latach 1964-1970 alumn Wy\u017cszego Seminarium Duchownego w Lublinie i student Wydzia\u0142u Teologicznego KUL.<br>\n                            <br>Po uzyskanym magisterium z teologii przyj\u0105\u0142 \u015bwi\u0119cenia kap\u0142a\u0144skie 14 czerwca 1970 roku w Lublinie z r\u0105k bp. Piotra Ka\u0142wy. W latach 1970-1974 wikariusz w parafii \u015bw. Franciszka Ksawerego w Krasnymstawie, a w latach 1974-1975 wikariusz w parafii \u015bw. Anny w Lubartowie. W latach 1975-1977 odbywa\u0142 studia z teologii dogmatycznej w Papieskim Uniwersytecie Gregoria\u0144skim w Rzymie, gdzie w 1977 roku uzyska\u0142 licencjat, a w 1981 roku doktorat.<br>\n                            <br>W pa\u017adzierniku 1981 roku rozpocz\u0105\u0142 prac\u0119 w Wy\u017cszym Seminarium Duchownym w Lublinie, gdzie obok prowadzonych wyk\u0142ad\u00f3w z dogmatyki pe\u0142ni\u0142 kolejno funkcje: prefekta (1981-1984), wicerektora (1984-1991) oraz rektora (1991-1998). R\u00f3wnocze\u015bnie pracownik naukowy KUL na Wydziale Teologii od 1982 roku (od 1985 roku asystent, a od 1989 roku adiunkt). Autor publikacji g\u0142\u00f3wnie z zakresu teologii dogmatycznej.<br>\n                            <br>Odznaczony godno\u015bci\u0105 kapelana Ojca \u015awi\u0119tego i kanoni\u0105 rzeczywist\u0105 Kapitu\u0142y Archikatedralnej w Lublinie.<br>\n                            <br>13 grudnia 1997 roku wyniesiony do godno\u015bci biskupa tytularnego Auca i ustanowiony biskupem pomocniczym lubelskim. Konsekrowany 2 lutego 1998 roku w Archikatedrze w Lublinie przez abp. J\u00f3zefa \u017byci\u0144skiego. W archidiecezji pe\u0142ni obowi\u0105zki m.in.: wikariusza generalnego, przewodnicz\u0105cego Archidiecezjalnej Komisji Duszpasterstwa Og\u00f3lnego, cz\u0142onka Rady Kap\u0142a\u0144skiej, cz\u0142onka Kolegium Konsultor\u00f3w.<br>\n                            <br>Po \u015bmierci arcybiskupa J\u00f3zefa \u017byci\u0144skiego (10 lutego 2010 roku) do obj\u0119cia archidiecezji przez arcybiskupa Stanis\u0142awa Budzika (22 pa\u017adziernika 2011 roku) pe\u0142ni\u0142 funkcj\u0119 administratora archidiecezji.<br>\n                            <br>Na forum og\u00f3lnopolskim by\u0142 Delegatem Konferencji Episkopatu Polski ds. Ruch\u00f3w Katolickich oraz Asystentem KEP przy Radzie Katolik\u00f3w \u015awieckich, Przewodnicz\u0105cym Rady ds. Dialogu Religijnego, Przewodnicz\u0105cym Komitetu ds. Dialogu z Judaizmem, Przewodnicz\u0105cym Zespo\u0142u ds. Dialogu ze Wsp\u00f3lnot\u0105 Ko\u015bcieln\u0105 Lutera\u0144sko-Augsbursk\u0105. Obecnie jest Cz\u0142onkiem Zespo\u0142u ds. Kontakt\u00f3w z Przedstawicielami Ko\u015bcio\u0142a Greckokatolickiego w Ukrainie.<br>\n                            <br>W zwi\u0105zku z uko\u0144czeniem 75. roku \u017cycia, a tym samym osi\u0105gni\u0119ciem wieku emerytalnego, Ojciec \u015awi\u0119ty Franciszek przyj\u0105\u0142 rezygnacj\u0119 bp. Mieczys\u0142awa Cis\u0142o z pe\u0142nienia pos\u0142ugi biskupa pomocniczego archidiecezji lubelskiej. W zwi\u0105zku z powy\u017cszym z dniem 15 sierpnia 2020 roku przeszed\u0142 on w stan emerytalny. \n                          <\/h5>\n                        <\/div>\n                      <\/div>\n                    <\/div>\n                  <\/div>\n                <\/div>\n              <\/div>\n            <\/div>\n          <\/div>\n        <\/div>\n      <\/div>\n    <\/section>\n    \n    \n    \n    \n  \n<\/div>","protected":false},"excerpt":{"rendered":"<p>Biskup Mieczys\u0142aw Cis\u0142o Biskup Mieczys\u0142aw Cis\u0142o \u2022 Biskup pomocniczy Senior Archidiecezji Lubelskiej \u2022 Doktor teologii W SKR\u00d3CIE: \u2022 urodzi\u0142 si\u0119 15 sierpnia 1945 r. w Niemir\u00f3wku k. Krasnobrodu\u2022 przyj\u0105\u0142 \u015bwi\u0119cenia prezbiteratu 14 czerwca 1970 r. w Lublinie\u2022 zosta\u0142 mianowany biskupem pomocniczym archidiecezji lubelskiej 13 grudnia 1997 r.\u2022 przyj\u0105\u0142 \u015bwi\u0119cenia biskupie 2 lutego 1998 r. w &hellip; <a href=\"https:\/\/new.archidiecezjalubelska.pl\/index.php\/bp-mieczyslaw-cislo\/\" class=\"more-link\">Continue reading<span class=\"screen-reader-text\"> &#8220;Bp Mieczys\u0142aw Cis\u0142o&#8221;<\/span><\/a><\/p>\n","protected":false},"author":4,"featured_media":0,"parent":0,"menu_order":0,"comment_status":"closed","ping_status":"closed","template":"","meta":{"footnotes":""},"class_list":["post-66010","page","type-page","status-publish","hentry"],"_links":{"self":[{"href":"https:\/\/new.archidiecezjalubelska.pl\/index.php\/wp-json\/wp\/v2\/pages\/66010","targetHints":{"allow":["GET"]}}],"collection":[{"href":"https:\/\/new.archidiecezjalubelska.pl\/index.php\/wp-json\/wp\/v2\/pages"}],"about":[{"href":"https:\/\/new.archidiecezjalubelska.pl\/index.php\/wp-json\/wp\/v2\/types\/page"}],"author":[{"embeddable":true,"href":"https:\/\/new.archidiecezjalubelska.pl\/index.php\/wp-json\/wp\/v2\/users\/4"}],"replies":[{"embeddable":true,"href":"https:\/\/new.archidiecezjalubelska.pl\/index.php\/wp-json\/wp\/v2\/comments?post=66010"}],"version-history":[{"count":8,"href":"https:\/\/new.archidiecezjalubelska.pl\/index.php\/wp-json\/wp\/v2\/pages\/66010\/revisions"}],"predecessor-version":[{"id":66522,"href":"https:\/\/new.archidiecezjalubelska.pl\/index.php\/wp-json\/wp\/v2\/pages\/66010\/revisions\/66522"}],"wp:attachment":[{"href":"https:\/\/new.archidiecezjalubelska.pl\/index.php\/wp-json\/wp\/v2\/media?parent=66010"}],"curies":[{"name":"wp","href":"https:\/\/api.w.org\/{rel}","templated":true}]}}