{"id":66143,"date":"2026-03-12T15:59:34","date_gmt":"2026-03-12T14:59:34","guid":{"rendered":"https:\/\/new.archidiecezjalubelska.pl\/?page_id=66143"},"modified":"2026-03-23T13:45:07","modified_gmt":"2026-03-23T12:45:07","slug":"abp-stanislaw-wielgus","status":"publish","type":"page","link":"https:\/\/new.archidiecezjalubelska.pl\/index.php\/abp-stanislaw-wielgus\/","title":{"rendered":"Abp Stanis\u0142aw Wielgus"},"content":{"rendered":"<div class=\"woocommerce\">\n    \n    <section class=\"u-clearfix u-white u-section-2\" id=\"sec-18ef\">\n      <div class=\"u-clearfix u-sheet u-valign-middle-lg u-valign-middle-md u-valign-middle-sm u-sheet-1\">\n        <div class=\"data-layout-selected u-clearfix u-expanded-width-xs u-layout-wrap u-layout-wrap-1\">\n          <div class=\"u-gutter-0 u-layout\" style=\"\">\n            <div class=\"u-layout-row\" style=\"\">\n              <div class=\"u-container-style u-layout-cell u-shape-rectangle u-size-60 u-size-60-md u-layout-cell-1\">\n                <div class=\"u-container-layout u-valign-top-lg u-valign-top-md u-valign-top-sm u-valign-top-xs u-container-layout-1\">\n                  <div class=\"custom-expanded u-align-left u-container-align-left u-container-style u-group u-white u-group-1\">\n                    <div class=\"u-container-layout u-container-layout-2\">\n                      <div class=\"custom-expanded u-container-style u-custom-color-12 u-group u-group-2\">\n                        <div class=\"u-container-layout u-valign-middle-lg u-valign-middle-md u-valign-middle-sm u-valign-middle-xs u-container-layout-3\">\n                          <h5 class=\"u-custom-font u-font-merriweather u-text u-text-black u-text-default u-text-1\">Arcybiskup Stanis\u0142aw Wielgus<\/h5>\n                        <\/div>\n                      <\/div>\n                      <img decoding=\"async\" class=\"u-image u-image-default u-image-1\" src=\"https:\/\/archidiecezjalubelska.pl\/wp-content\/uploads\/2019\/02\/abp-Wielgus.jpg\" alt=\"\" data-image-width=\"138\" data-image-height=\"184\">\n                      <h5 class=\"u-custom-font u-font-merriweather u-text u-text-black u-text-default u-text-2\">Arcybiskup Stanis\u0142aw Wielgus<\/h5>\n                      <h5 class=\"u-custom-font u-font-merriweather u-text u-text-3\"> \u2022 Arcybiskup Senior Archidiecezji Warszawskiej<\/h5>\n                      <h5 class=\"u-custom-font u-font-merriweather u-text u-text-4\"> \u2022 Profesor doktor habilitowany filozofii<\/h5>\n                      <h5 class=\"u-custom-font u-font-merriweather u-text u-text-5\"><\/h5>\n                      <h5 class=\"u-custom-font u-font-merriweather u-text u-text-6\">W SKR\u00d3CIE:<\/h5>\n                      <div class=\"custom-expanded u-container-style u-custom-color-12 u-group u-group-3\">\n                        <div class=\"u-container-layout u-valign-middle u-container-layout-4\">\n                          <h5 class=\"u-custom-font u-font-merriweather u-text u-text-black u-text-7\"> \u2022 urodzi\u0142 si\u0119 23 kwietnia 1939 r. w Wierzchowiskach k. Janowa Lubelskiego<br>\u2022 przyj\u0105\u0142 \u015bwi\u0119cenia prezbiteratu 10 czerwca 1962 r. w Lublinie<br>\u2022 zosta\u0142 mianowany biskupem p\u0142ockim 24 maja 1999 r.<br>\u2022 przyj\u0105\u0142 \u015bwi\u0119cenia biskupie 1 sierpnia 1999 r. w P\u0142ocku<br>\u2022 zosta\u0142 mianowany arcybiskupem metropoli\u0105 warszawskim 6 grudnia 2006 r.<br>\u2022 zosta\u0142 mianowany arcybiskupem tytularnym Viminacium 6 stycznia 2007 r.\n                          <\/h5>\n                        <\/div>\n                      <\/div>\n                      <img decoding=\"async\" class=\"u-image u-image-default u-image-2\" src=\"https:\/\/archidiecezjalubelska.pl\/wp-content\/uploads\/2019\/02\/wielgus_herb.png\" alt=\"\" data-image-width=\"220\" data-image-height=\"220\">\n                      <h5 class=\"u-custom-font u-font-merriweather u-text u-text-8\"><span style=\"font-weight: 700;\">DEWIZA BISKUPIA:<\/span>\n                        <br>\n                        <br><span style=\"font-style: italic;\"> Aeterne Sapientiae et Caritati&nbsp;<\/span>\n                        <br>\n                        <br><span style=\"font-style: italic;\"><span style=\"font-style: normal;\"> (<\/span>Odwiecznej M\u0105dro\u015bci i Mi\u0142o\u015bci<span style=\"font-style: normal;\">)<\/span><\/span>\n                      <\/h5>\n                      <h5 class=\"u-custom-font u-font-merriweather u-text u-text-default u-text-9\">Kontakt:<\/h5>\n                      <div class=\"custom-expanded u-container-style u-custom-color-12 u-group u-group-4\">\n                        <div class=\"u-container-layout u-valign-middle-lg u-valign-middle-md u-valign-middle-sm u-valign-middle-xs u-container-layout-5\">\n                          <h5 class=\"u-custom-font u-font-merriweather u-text u-text-black u-text-10\">ul. Prymasa Stefana Wyszy\u0144skiego 2<br>20-105 Lublin <br>\n                          <\/h5>\n                        <\/div>\n                      <\/div>\n                      <h5 class=\"u-custom-font u-font-merriweather u-text u-text-default u-text-11\">\u017byciorys:<br>\n                      <\/h5>\n                      <div class=\"custom-expanded u-align-justify u-container-style u-custom-color-12 u-group u-group-5\">\n                        <div class=\"u-container-layout u-valign-middle-lg u-valign-middle-md u-valign-middle-sm u-valign-middle-xs u-valign-top-xl u-container-layout-6\">\n                          <h5 class=\"u-custom-font u-font-merriweather u-text u-text-black u-text-12\"> Urodzi\u0142 si\u0119 23 kwietnia 1939 roku w Wierzchowiskach k. Janowa Lubelskiego. Po uko\u0144czeniu Liceum Biskupiego w Lublinie w 1956 roku rozpocz\u0105\u0142 formacj\u0119 w Wy\u017cszym Seminarium Duchownym w Lublinie i studia na Wydziale Teologicznym KUL. Uzyska\u0142 magisterium z teologii, broni\u0105c w 1964 roku prac\u0119, po\u015bwi\u0119con\u0105 biskupowi diecezjalnemu che\u0142mskiemu Stanis\u0142awowi Jackowi \u015awi\u0119cickiemu, napisan\u0105 pod kierunkiem ks. prof. Mieczys\u0142awa \u017bywczy\u0144skiego.<br>\n                            <br>\u015awi\u0119cenia kap\u0142a\u0144skie przyj\u0105\u0142 10 czerwca 1962 roku z r\u0105k biskupa Piotra Ka\u0142wy. Pracowa\u0142 jako wikariusz w parafii \u015bw. Tomasza Aposto\u0142a w Zamo\u015bciu (1962-1963) oraz w parafii \u015bw. Paw\u0142a w Lublinie (1963-1965). W latach 1964-1968 podj\u0105\u0142 studia na Wydziale Filozofii KUL, zwie\u0144czone magisterium z filozofii. Po zako\u0144czeniu studi\u00f3w przez rok pracowa\u0142 jako wikariusz w parafii \u015bw. Miko\u0142aja w Hrubieszowie.<br>\n                            <br>W 1969 roku rozpocz\u0105\u0142 prac\u0119 na stanowisku asystenta w Katolickim Uniwersytecie Lubelskim. W 1972 roku uzyska\u0142 stopie\u0144 doktora i obj\u0105\u0142 stanowisko adiunkta, a w roku 1980 \u2013 stopie\u0144 doktora habilitowanego. Od 1982 roku by\u0142 docentem przy Katedrze Historii Filozofii Staro\u017cytnej i \u015aredniowiecznej Wydzia\u0142u Filozofii. W 1989 roku zosta\u0142 profesorem i kierownikiem Katedry Historii Filozofii w Polsce na Wydziale Filozofii KUL, kt\u00f3r\u0105 kierowa\u0142 do roku 2006. W 1992 roku zosta\u0142 profesorem zwyczajnym. Szczeg\u00f3lnym przedmiotem jego zainteresowa\u0144 naukowych sta\u0142a si\u0119 historia filozofii p\u00f3\u017anego \u015bredniowiecza.<br>\n                            <br>W Katolickim Uniwersytecie Lubelskim pe\u0142ni\u0142 funkcje: kierownika Sekcji Filozofii Teoretycznej Wydzia\u0142u Filozofii (1984-1988) i Mi\u0119dzywydzia\u0142owego Zak\u0142adu Kultury w \u015aredniowieczu (1985-2006), sekretarza generalnego Towarzystwa Naukowego KUL (1986-1989), prorektora ds. studenckich (1988-1989). W latach 1989-1998 by\u0142 rektorem uczelni.<br>\n                            <br>W latach 1990-1993 pe\u0142ni\u0142 funkcj\u0119 wiceprzewodnicz\u0105cego Konferencji Rektor\u00f3w Uniwersytet\u00f3w Polskich. By\u0142 konsultorem watyka\u0144skiej Kongregacji ds. Edukacji Katolickiej, a w 1991 roku zosta\u0142 powo\u0142any na uczestnika Synodu Biskup\u00f3w Europejskich.<br>\n                            <br>24 maja 1999 roku zosta\u0142 mianowany przez papie\u017ca Jana Paw\u0142a II biskupem p\u0142ockim. \u015awi\u0119cenia biskupie przyj\u0105\u0142 1 sierpnia 1999 roku. G\u0142\u00f3wnym konsekratorem by\u0142 prymas Polski kardyna\u0142 J\u00f3zef Glemp. 6 grudnia 2006 roku papie\u017c Benedykt XVI podni\u00f3s\u0142 go do godno\u015bci arcybiskupiej i mianowa\u0142 metropolit\u0105 warszawskim. 7 stycznia 2007 roku zosta\u0142 mianowany arcybiskupem tytularnym Viminacium.<br>\n                            <br>W Konferencji Episkopatu Polski by\u0142 m.in. Cz\u0142onkiem Rady Sta\u0142ej, przewodnicz\u0105cym Rady Naukowej, wsp\u00f3\u0142przewodnicz\u0105cym Komisji Wsp\u00f3lnej Rz\u0105du i Episkopatu, asystentem Krajowej Rady Katolik\u00f3w \u015awieckich oraz cz\u0142onkiem Zespo\u0142u ds. Duszpasterskiej Troski o Radio Maryja. W Stolicy Apostolskiej jest konsultorem Kongregacji Edukacji Katolickiej.\n                          <\/h5>\n                        <\/div>\n                      <\/div>\n                    <\/div>\n                  <\/div>\n                <\/div>\n              <\/div>\n            <\/div>\n          <\/div>\n        <\/div>\n      <\/div>\n    <\/section>\n    \n    \n    \n    \n  \n<\/div>","protected":false},"excerpt":{"rendered":"<p>Arcybiskup Stanis\u0142aw Wielgus Arcybiskup Stanis\u0142aw Wielgus \u2022 Arcybiskup Senior Archidiecezji Warszawskiej \u2022 Profesor doktor habilitowany filozofii W SKR\u00d3CIE: \u2022 urodzi\u0142 si\u0119 23 kwietnia 1939 r. w Wierzchowiskach k. Janowa Lubelskiego\u2022 przyj\u0105\u0142 \u015bwi\u0119cenia prezbiteratu 10 czerwca 1962 r. w Lublinie\u2022 zosta\u0142 mianowany biskupem p\u0142ockim 24 maja 1999 r.\u2022 przyj\u0105\u0142 \u015bwi\u0119cenia biskupie 1 sierpnia 1999 r. w &hellip; <a href=\"https:\/\/new.archidiecezjalubelska.pl\/index.php\/abp-stanislaw-wielgus\/\" class=\"more-link\">Continue reading<span class=\"screen-reader-text\"> &#8220;Abp Stanis\u0142aw Wielgus&#8221;<\/span><\/a><\/p>\n","protected":false},"author":1,"featured_media":0,"parent":0,"menu_order":0,"comment_status":"closed","ping_status":"closed","template":"","meta":{"footnotes":""},"class_list":["post-66143","page","type-page","status-publish","hentry"],"_links":{"self":[{"href":"https:\/\/new.archidiecezjalubelska.pl\/index.php\/wp-json\/wp\/v2\/pages\/66143","targetHints":{"allow":["GET"]}}],"collection":[{"href":"https:\/\/new.archidiecezjalubelska.pl\/index.php\/wp-json\/wp\/v2\/pages"}],"about":[{"href":"https:\/\/new.archidiecezjalubelska.pl\/index.php\/wp-json\/wp\/v2\/types\/page"}],"author":[{"embeddable":true,"href":"https:\/\/new.archidiecezjalubelska.pl\/index.php\/wp-json\/wp\/v2\/users\/1"}],"replies":[{"embeddable":true,"href":"https:\/\/new.archidiecezjalubelska.pl\/index.php\/wp-json\/wp\/v2\/comments?post=66143"}],"version-history":[{"count":6,"href":"https:\/\/new.archidiecezjalubelska.pl\/index.php\/wp-json\/wp\/v2\/pages\/66143\/revisions"}],"predecessor-version":[{"id":66523,"href":"https:\/\/new.archidiecezjalubelska.pl\/index.php\/wp-json\/wp\/v2\/pages\/66143\/revisions\/66523"}],"wp:attachment":[{"href":"https:\/\/new.archidiecezjalubelska.pl\/index.php\/wp-json\/wp\/v2\/media?parent=66143"}],"curies":[{"name":"wp","href":"https:\/\/api.w.org\/{rel}","templated":true}]}}