{"id":66220,"date":"2026-03-12T16:52:38","date_gmt":"2026-03-12T15:52:38","guid":{"rendered":"https:\/\/new.archidiecezjalubelska.pl\/?page_id=66220"},"modified":"2026-03-23T13:34:08","modified_gmt":"2026-03-23T12:34:08","slug":"jozef-wrobel","status":"publish","type":"page","link":"https:\/\/new.archidiecezjalubelska.pl\/index.php\/jozef-wrobel\/","title":{"rendered":"J\u00f3zef Wr\u00f3bel"},"content":{"rendered":"<div class=\"woocommerce\">\n    \n    <section class=\"u-clearfix u-white u-section-2\" id=\"sec-71fd\">\n      <div class=\"u-clearfix u-sheet u-valign-middle-lg u-valign-middle-md u-valign-middle-sm u-sheet-1\">\n        <div class=\"data-layout-selected u-clearfix u-expanded-width-xs u-layout-wrap u-layout-wrap-1\">\n          <div class=\"u-gutter-0 u-layout\" style=\"\">\n            <div class=\"u-layout-row\" style=\"\">\n              <div class=\"u-container-style u-layout-cell u-shape-rectangle u-size-60 u-size-60-md u-layout-cell-1\">\n                <div class=\"u-container-layout u-valign-top-lg u-valign-top-md u-valign-top-sm u-valign-top-xs u-container-layout-1\">\n                  <div class=\"custom-expanded u-align-left u-container-align-left u-container-style u-group u-white u-group-1\">\n                    <div class=\"u-container-layout u-container-layout-2\">\n                      <div class=\"u-container-style u-custom-color-12 u-expanded-width u-group u-group-2\">\n                        <div class=\"u-container-layout u-container-layout-3\">\n                          <h5 class=\"u-custom-font u-font-merriweather u-text u-text-black u-text-default u-text-1\">Biskup J\u00f3zef Wr\u00f3bel <\/h5>\n                        <\/div>\n                      <\/div>\n                      <img decoding=\"async\" class=\"u-image u-image-default u-image-1\" src=\"https:\/\/archidiecezjalubelska.pl\/wp-content\/uploads\/2019\/02\/Wrobel_Bp_2.png\" alt=\"\" data-image-width=\"282\" data-image-height=\"400\">\n                      <h5 class=\"u-custom-font u-font-merriweather u-text u-text-black u-text-default u-text-2\"> Biskup J\u00f3zef Wr\u00f3bel <\/h5>\n                      <h5 class=\"u-custom-font u-font-merriweather u-text u-text-default u-text-3\">\u2022 Biskup pomocniczy Archidiecezji Lubelskiej<\/h5>\n                      <h5 class=\"u-custom-font u-font-merriweather u-text u-text-default u-text-4\">\u2022 \u200bWikariusz Generalny Archidiecezji Lubelskiej<\/h5>\n                      <h5 class=\"u-custom-font u-font-merriweather u-text u-text-default u-text-5\"> \u2022 Doktor habilitowany teologii<\/h5>\n                      <div class=\"u-container-style u-custom-color-12 u-expanded-width u-group u-group-3\">\n                        <div class=\"u-container-layout u-valign-middle u-container-layout-4\">\n                          <h5 class=\"u-custom-font u-font-merriweather u-text u-text-black u-text-6\"><span style=\"font-weight: 700;\"> W Konferencji Episkopatu Polski:<\/span>\n                            <br>\n                            <br>\u2022 Przewodnicz\u0105cy Zespo\u0142u Ekspert\u00f3w ds. Bioetycznych<br>\u2022 Cz\u0142onek Rady ds. Rodziny\n                          <\/h5>\n                        <\/div>\n                      <\/div>\n                      <h5 class=\"u-custom-font u-font-merriweather u-text u-text-default u-text-7\">W SKR\u00d3CIE:<\/h5>\n                      <div class=\"u-container-style u-custom-color-12 u-expanded-width u-group u-group-4\">\n                        <div class=\"u-container-layout u-valign-middle u-container-layout-5\">\n                          <h5 class=\"u-custom-font u-font-merriweather u-text u-text-black u-text-8\">\u2022 \u200burodzi\u0142 si\u0119 18 pa\u017adziernika 1952 r. w Bestwinie k. Bielska-Bia\u0142ej<br>\u2022 przyj\u0105\u0142 \u015bwi\u0119cenia prezbiteratu 12 czerwca 1980 r.<br>\u2022 zosta\u0142 mianowany biskupem Helsinek&nbsp;\u2013 30 listopada 2000 r.<br>\u2022 przyj\u0105\u0142 \u015bwi\u0119cenia biskupie 27 stycznia 2001 r. w Helsinkach<br>\u2022 zosta\u0142 mianowany biskupem pomocniczym diecezji lubelskiej 1 lipca 2008 r.\n                          <\/h5>\n                        <\/div>\n                      <\/div>\n                      <img decoding=\"async\" class=\"u-image u-image-default u-image-2\" src=\"https:\/\/archidiecezjalubelska.pl\/wp-content\/uploads\/2019\/02\/cislo_herb.png\" alt=\"\" data-image-width=\"250\" data-image-height=\"300\">\n                      <h5 class=\"u-custom-font u-font-merriweather u-text u-text-9\"><span style=\"font-weight: 700;\">DEWIZA BISKUPIA:<\/span>\n                        <br>\n                        <br><span style=\"font-style: italic;\"> Omnia mea tua sunt<\/span>\n                        <br>\n                        <br><span style=\"font-style: italic;\"><span style=\"font-style: normal;\">(<\/span>Wszystko, co moje, jest Twoje<span style=\"font-style: normal;\">)<\/span><\/span>\n                      <\/h5>\n                      <h5 class=\"u-custom-font u-font-merriweather u-text u-text-default u-text-10\">Kontakt:<\/h5>\n                      <div class=\"u-container-style u-custom-color-12 u-expanded-width u-group u-group-5\">\n                        <div class=\"u-container-layout u-valign-middle u-container-layout-6\">\n                          <h5 class=\"u-custom-font u-font-merriweather u-text u-text-black u-text-11\">ul. Prymasa Stefana Wyszy\u0144skiego 2<br>20-105 Lublin <br>\n                            <br> tel. +48 534 75 08<br>e-mail: j.wrobel@diecezja.lublin.pl<br>\n                          <\/h5>\n                        <\/div>\n                      <\/div>\n                      <h5 class=\"u-custom-font u-font-merriweather u-text u-text-default u-text-12\">\u017byciorys:<br>\n                      <\/h5>\n                      <div class=\"u-align-justify u-container-style u-custom-color-12 u-expanded-width u-group u-group-6\">\n                        <div class=\"u-container-layout u-valign-middle u-container-layout-7\">\n                          <h5 class=\"u-custom-font u-font-merriweather u-text u-text-black u-text-13\">Urodzony 18 pa\u017adziernika 1952 roku w Bestwinie, k. Bielska-Bia\u0142ej. W tej\u017ce miejscowo\u015bci ucz\u0119szcza do szko\u0142y podstawowej. W latach 1967-1971 kszta\u0142ci si\u0119 w Liceum Og\u00f3lnokszta\u0142c\u0105cym im. M. Kopernika w \u017bywcu. W latach 1971-1973 studiuje w Pomaturalnym Studium Technicznym oraz na Politechnice \u0141\u00f3dzkiej (filii w Bielsku-Bia\u0142ej). W grudniu 1973 roku wst\u0119puje do Zgromadzenia Ksi\u0119\u017cy Naj\u015bwi\u0119tszego Serca Jezusowego (Ksi\u0119\u017cy Sercan\u00f3w).<br>\n                            <br>Studia filozoficzno-teologiczne odbywa w Wy\u017cszym Seminarium Misyjnym Ksi\u0119\u017cy Sercan\u00f3w w Stadnikach k. Krakowa. W ramach seminarium z historii ko\u015bcio\u0142a pisze monografi\u0119: Szkic historyczny parafii Mych\u00f3w [\u015awi\u0119tokrzystkie; Diecezja Sandomierska] (Stadniki 1980 s. 91 mps). W sierpniu 1980 roku rozpoczyna studia specjalistyczne z teologii moralnej w Akademii Alfonsja\u0144skiej (Uniwersytet Latera\u0144ski) w Rzymie. W czerwcu 1982 roku uzyskuje tytu\u0142 licencjusza na podstawie pracy \u201eI fondamentali impegni politici della persona negli scritti di Jacques Maritain\u201d (Roma 1982 s. 114). W latach 1982-1985 kontynuuje studia doktoranckie w wy\u017cej wspomnianej akademii. W roku akademickim 1983\/1984 jest studentem wydzia\u0142u teologii uniwersytetu katolickiego we Fribourgu w Szwajcarii. Studia doktoranckie ko\u0144czy w czerwcu 1985 roku, uzyskuj\u0105c tytu\u0142 doktora teologii moralnej na podstawie rozprawy \u201eI fondamentali doveri e i diritti della persona nelle opere di Jacques Maritain\u201d (Roma 1985 s. 446).<br>\n                            <br>Po powrocie do Polski w 1985 roku pe\u0142ni obowi\u0105zki wikarego w parafii W\u0119gl\u00f3wka (k. Mszany Dolnej), a tak\u017ce rozpoczyna wyk\u0142ady z etyki i teologii moralnej w Wy\u017cszym Seminarium Misyjnym Ksi\u0119\u017cy Sercan\u00f3w w Stadnikach. W latach 1986-1987 pe\u0142ni obowi\u0105zki sekretarza Prowincji Polskiej Ksi\u0119\u017cy Sercan\u00f3w.<br>\n                            <br>W 1987 roku nostryfikuje doktorat w Katolickim Uniwersytecie Lubelskim. 1 pa\u017adziernika 1987 roku rozpoczyna w tej\u017ce uczelni prac\u0119 dydaktyczno-naukow\u0105 jako asystent ks. prof. dr. hab. Franciszka Greniuka przy Katedrze Historii Teologii moralnej. W latach 1990-1993 pe\u0142ni funkcj\u0119 rektora w Wy\u017cszym Seminarium Misyjnym Ksi\u0119\u017cy Sercan\u00f3w w Stadnikach. Obok wykonywanych funkcji administracyjnych, wychowawczych i dydaktycznych, jest te\u017c organizatorem lub wsp\u00f3\u0142organizatorem konferencji, sympozj\u00f3w, sesji, zjazd\u00f3w, paneli oraz akademii o profilu naukowym i rocznicowym, w tym r\u00f3wnie\u017c mi\u0119dzynarodowych.<br>\n                            <br>Jako rektor seminarium, wraz z prefektem i alumnami, nadaje nowy kszta\u0142t i upowszechnia dwumiesi\u0119cznik dla os\u00f3b chorych i samotnych \u201eWsta\u0144\u200b\u201d (ISSN 0867-7603), dotychczas wydawany w ma\u0142ym nak\u0142adzie jako broszura. W latach 1993-2001 jest asystentem ko\u015bcielnym czasopisma spo\u0142eczno-religijnego \u201eCzas Serca\u201d (ISSN 1230-7297). W latach 1997-2001 jest wsp\u00f3\u0142redaktorem periodyku naukowego \u201eSympozjum\u201d (ISNN 1429-558X). Dzia\u0142alno\u015b\u0107 naukowa w latach 1987-1999 obejmuje m.in. liczne sympozja krajowe i zagraniczne, cykl wyk\u0142ad\u00f3w z zakresu teologii moralnej dla duchowie\u0144stwa Finlandii oraz trzymiesi\u0119czny pobyt w 1995 roku w Centrum Etyki Medycznej i Prawa (Centrum voor Bio-Medische Ethiek en Recht) przy Katolickim Uniwersytecie w Leuven (Belgia). Przedmiotem szczeg\u00f3\u0142owych bada\u0144 by\u0142a problematyka bioetyczna oraz etyczno-medyczna.<br>\n                            <br>W 1999 roku uzyskuje tytu\u0142 doktora habilitowanego. W tym samym roku zostaje mianowany kierownikiem nowo utworzonej przy Instytucie Teologii Moralnej KUL Katedry Teologii \u017bycia. W latach 1999-2002 jest Wiceprzewodnicz\u0105cym Komisji Etycznej przy Akademii Medycznej w Lublinie.<br>\n                            <br>30 listopada 2000 roku zostaje zamianowany przez Ojca \u015awi\u0119tego Jana Paw\u0142a II biskupem ordynariuszem Diecezji Helsinki. 27 stycznia 2001 roku otrzymuje \u015bwi\u0119cenia biskupie w Helsinkach. W dalszym ci\u0105gu prowadzi dzia\u0142alno\u015b\u0107 naukowo-dydaktyczn\u0105 w ramach Instytutu Teologii Moralnej KUL. Uczestniczy w sympozjach polskich i mi\u0119dzynarodowych, wyg\u0142asza referaty.<br>\n                            <br>Od 1 lipca 2008 roku jest biskupem pomocniczym Archidiecezji Lubelskiej. \n                          <\/h5>\n                        <\/div>\n                      <\/div>\n                    <\/div>\n                  <\/div>\n                <\/div>\n              <\/div>\n            <\/div>\n          <\/div>\n        <\/div>\n      <\/div>\n    <\/section>\n    \n    \n    \n    \n  \n<\/div>","protected":false},"excerpt":{"rendered":"<p>Biskup J\u00f3zef Wr\u00f3bel Biskup J\u00f3zef Wr\u00f3bel \u2022 Biskup pomocniczy Archidiecezji Lubelskiej \u2022 \u200bWikariusz Generalny Archidiecezji Lubelskiej \u2022 Doktor habilitowany teologii W Konferencji Episkopatu Polski: \u2022 Przewodnicz\u0105cy Zespo\u0142u Ekspert\u00f3w ds. Bioetycznych\u2022 Cz\u0142onek Rady ds. Rodziny W SKR\u00d3CIE: \u2022 \u200burodzi\u0142 si\u0119 18 pa\u017adziernika 1952 r. w Bestwinie k. Bielska-Bia\u0142ej\u2022 przyj\u0105\u0142 \u015bwi\u0119cenia prezbiteratu 12 czerwca 1980 r.\u2022 zosta\u0142 &hellip; <a href=\"https:\/\/new.archidiecezjalubelska.pl\/index.php\/jozef-wrobel\/\" class=\"more-link\">Continue reading<span class=\"screen-reader-text\"> &#8220;J\u00f3zef Wr\u00f3bel&#8221;<\/span><\/a><\/p>\n","protected":false},"author":1,"featured_media":0,"parent":0,"menu_order":0,"comment_status":"closed","ping_status":"closed","template":"","meta":{"footnotes":""},"class_list":["post-66220","page","type-page","status-publish","hentry"],"_links":{"self":[{"href":"https:\/\/new.archidiecezjalubelska.pl\/index.php\/wp-json\/wp\/v2\/pages\/66220","targetHints":{"allow":["GET"]}}],"collection":[{"href":"https:\/\/new.archidiecezjalubelska.pl\/index.php\/wp-json\/wp\/v2\/pages"}],"about":[{"href":"https:\/\/new.archidiecezjalubelska.pl\/index.php\/wp-json\/wp\/v2\/types\/page"}],"author":[{"embeddable":true,"href":"https:\/\/new.archidiecezjalubelska.pl\/index.php\/wp-json\/wp\/v2\/users\/1"}],"replies":[{"embeddable":true,"href":"https:\/\/new.archidiecezjalubelska.pl\/index.php\/wp-json\/wp\/v2\/comments?post=66220"}],"version-history":[{"count":5,"href":"https:\/\/new.archidiecezjalubelska.pl\/index.php\/wp-json\/wp\/v2\/pages\/66220\/revisions"}],"predecessor-version":[{"id":66521,"href":"https:\/\/new.archidiecezjalubelska.pl\/index.php\/wp-json\/wp\/v2\/pages\/66220\/revisions\/66521"}],"wp:attachment":[{"href":"https:\/\/new.archidiecezjalubelska.pl\/index.php\/wp-json\/wp\/v2\/media?parent=66220"}],"curies":[{"name":"wp","href":"https:\/\/api.w.org\/{rel}","templated":true}]}}