{"id":66328,"date":"2026-03-20T09:41:55","date_gmt":"2026-03-20T08:41:55","guid":{"rendered":"https:\/\/new.archidiecezjalubelska.pl\/?page_id=66328"},"modified":"2026-03-23T12:32:41","modified_gmt":"2026-03-23T11:32:41","slug":"wydzial-ds-wychowania-katolickiego","status":"publish","type":"page","link":"https:\/\/new.archidiecezjalubelska.pl\/index.php\/wydzial-ds-wychowania-katolickiego\/","title":{"rendered":"Wydzia\u0142 ds. Wychowania Katolickiego"},"content":{"rendered":"<div class=\"woocommerce\">\n    \n    <section class=\"u-clearfix u-white u-section-2\" id=\"sec-60b6\">\n      <div class=\"u-clearfix u-sheet u-valign-middle-lg u-valign-middle-md u-valign-middle-sm u-sheet-1\">\n        <div class=\"data-layout-selected u-clearfix u-expanded-width-xs u-layout-wrap u-layout-wrap-1\">\n          <div class=\"u-gutter-0 u-layout\" style=\"\">\n            <div class=\"u-layout-row\" style=\"\">\n              <div class=\"u-container-style u-layout-cell u-shape-rectangle u-size-60 u-size-60-md u-layout-cell-1\">\n                <div class=\"u-container-layout u-valign-top-lg u-valign-top-md u-valign-top-sm u-valign-top-xs u-container-layout-1\">\n                  <div class=\"custom-expanded u-align-left u-container-align-left u-container-style u-group u-white u-group-1\">\n                    <div class=\"u-container-layout u-container-layout-2\">\n                      <div class=\"u-container-style u-custom-color-12 u-expanded-width u-group u-group-2\">\n                        <div class=\"u-container-layout u-valign-middle u-container-layout-3\">\n                          <h5 class=\"u-custom-font u-font-merriweather u-text u-text-black u-text-default u-text-1\"> Wydzia\u0142 ds. Wychowania Katolickiego:<\/h5>\n                        <\/div>\n                      <\/div>\n                      <h5 class=\"u-custom-font u-font-merriweather u-text u-text-2\"> tel. +48 81 532 25 46, w. 309<br>e-mail:&nbsp;<a href=\"mailto:nauka@diecezja.lublin.pl\" target=\"_blank\" rel=\"noopener noreferrer\" class=\"u-active-none u-border-none u-btn u-button-style u-hover-none u-none u-text-palette-1-base u-btn-1\">nauka@diecezja.lublin.pl<\/a>\n                        <br>\n                        <a href=\"https:\/\/katecheza.diecezja.lublin.pl\/\" target=\"_blank\" rel=\"noopener noreferrer\" class=\"u-active-none u-border-none u-btn u-button-style u-hover-none u-none u-text-palette-1-base u-btn-2\">www.katecheza.diecezja.lublin.pl<\/a>\n                      <\/h5>\n                    <\/div>\n                  <\/div>\n                  <div class=\"custom-expanded u-align-left u-container-align-left u-container-style u-group u-white u-group-3\">\n                    <div class=\"u-container-layout u-container-layout-4\">\n                      <div class=\"u-container-style u-custom-color-12 u-expanded-width u-group u-group-4\">\n                        <div class=\"u-container-layout u-valign-middle u-container-layout-5\">\n                          <h5 class=\"u-custom-font u-font-merriweather u-text u-text-black u-text-3\"> Dyrektor:<\/h5>\n                        <\/div>\n                      <\/div>\n                      <h5 class=\"u-custom-font u-font-merriweather u-text u-text-4\"> ks. Krzysztof Ga\u0142an<\/h5>\n                    <\/div>\n                  <\/div>\n                  <div class=\"custom-expanded u-align-left u-container-align-left u-container-style u-group u-white u-group-5\">\n                    <div class=\"u-container-layout u-container-layout-6\">\n                      <div class=\"u-container-style u-custom-color-12 u-expanded-width u-group u-group-6\">\n                        <div class=\"u-container-layout u-valign-middle u-container-layout-7\">\n                          <h5 class=\"u-custom-font u-font-merriweather u-text u-text-black u-text-5\"> Wizytatorzy:<\/h5>\n                        <\/div>\n                      <\/div>\n                      <h5 class=\"u-custom-font u-font-merriweather u-text u-text-6\"> ks. Piotr Goliszek<br>ks. Pawe\u0142 Hodorek<br>ks. Zdzis\u0142aw Kuczko\n                      <\/h5>\n                    <\/div>\n                  <\/div>\n                  <div class=\"custom-expanded u-align-left u-container-align-left u-container-style u-group u-white u-group-7\">\n                    <div class=\"u-container-layout u-container-layout-8\">\n                      <div class=\"u-container-style u-custom-color-12 u-expanded-width u-group u-group-8\">\n                        <div class=\"u-container-layout u-valign-middle u-container-layout-9\">\n                          <h5 class=\"u-custom-font u-font-merriweather u-text u-text-black u-text-7\"> Sekretariat:<\/h5>\n                        <\/div>\n                      <\/div>\n                      <h5 class=\"u-custom-font u-font-merriweather u-text u-text-8\"> ks. Mariusz Szymaniak<br>s. Eligiusza Ma\u0142gorzata St\u0119pie\u0144&nbsp;CSCIJ\n                      <\/h5>\n                    <\/div>\n                  <\/div>\n                  <div class=\"custom-expanded u-align-left u-container-align-left u-container-style u-group u-white u-group-9\">\n                    <div class=\"u-container-layout u-container-layout-10\">\n                      <div class=\"u-container-style u-custom-color-12 u-expanded-width u-group u-group-10\">\n                        <div class=\"u-container-layout u-valign-middle u-container-layout-11\">\n                          <h5 class=\"u-custom-font u-font-merriweather u-text u-text-black u-text-9\"> Eksperci ds. awansu zawodowego nauczycieli:<\/h5>\n                        <\/div>\n                      <\/div>\n                      <h5 class=\"u-custom-font u-font-merriweather u-text u-text-10\"> ks. Zdzis\u0142aw Kuczko<br>s. Zofia Mol\u0119da\n                      <\/h5>\n                    <\/div>\n                  <\/div>\n                <\/div>\n              <\/div>\n            <\/div>\n          <\/div>\n        <\/div>\n      <\/div>\n    <\/section>\n    \n    \n    \n    \n  \n<\/div>","protected":false},"excerpt":{"rendered":"<p>Wydzia\u0142 ds. Wychowania Katolickiego: tel. +48 81 532 25 46, w. 309e-mail:&nbsp;nauka@diecezja.lublin.pl www.katecheza.diecezja.lublin.pl Dyrektor: ks. Krzysztof Ga\u0142an Wizytatorzy: ks. Piotr Goliszekks. Pawe\u0142 Hodorekks. Zdzis\u0142aw Kuczko Sekretariat: ks. Mariusz Szymaniaks. Eligiusza Ma\u0142gorzata St\u0119pie\u0144&nbsp;CSCIJ Eksperci ds. awansu zawodowego nauczycieli: ks. Zdzis\u0142aw Kuczkos. Zofia Mol\u0119da<\/p>\n","protected":false},"author":1,"featured_media":0,"parent":0,"menu_order":0,"comment_status":"closed","ping_status":"closed","template":"","meta":{"footnotes":""},"class_list":["post-66328","page","type-page","status-publish","hentry"],"_links":{"self":[{"href":"https:\/\/new.archidiecezjalubelska.pl\/index.php\/wp-json\/wp\/v2\/pages\/66328","targetHints":{"allow":["GET"]}}],"collection":[{"href":"https:\/\/new.archidiecezjalubelska.pl\/index.php\/wp-json\/wp\/v2\/pages"}],"about":[{"href":"https:\/\/new.archidiecezjalubelska.pl\/index.php\/wp-json\/wp\/v2\/types\/page"}],"author":[{"embeddable":true,"href":"https:\/\/new.archidiecezjalubelska.pl\/index.php\/wp-json\/wp\/v2\/users\/1"}],"replies":[{"embeddable":true,"href":"https:\/\/new.archidiecezjalubelska.pl\/index.php\/wp-json\/wp\/v2\/comments?post=66328"}],"version-history":[{"count":4,"href":"https:\/\/new.archidiecezjalubelska.pl\/index.php\/wp-json\/wp\/v2\/pages\/66328\/revisions"}],"predecessor-version":[{"id":66515,"href":"https:\/\/new.archidiecezjalubelska.pl\/index.php\/wp-json\/wp\/v2\/pages\/66328\/revisions\/66515"}],"wp:attachment":[{"href":"https:\/\/new.archidiecezjalubelska.pl\/index.php\/wp-json\/wp\/v2\/media?parent=66328"}],"curies":[{"name":"wp","href":"https:\/\/api.w.org\/{rel}","templated":true}]}}