{"id":66332,"date":"2026-03-20T09:47:54","date_gmt":"2026-03-20T08:47:54","guid":{"rendered":"https:\/\/new.archidiecezjalubelska.pl\/?page_id=66332"},"modified":"2026-03-23T12:35:48","modified_gmt":"2026-03-23T11:35:48","slug":"wydzial-spraw-zakonnych","status":"publish","type":"page","link":"https:\/\/new.archidiecezjalubelska.pl\/index.php\/wydzial-spraw-zakonnych\/","title":{"rendered":"Wydzia\u0142 Spraw Zakonnych"},"content":{"rendered":"<div class=\"woocommerce\">\n    \n    <section class=\"u-clearfix u-white u-section-2\" id=\"sec-4878\">\n      <div class=\"u-clearfix u-sheet u-valign-middle-lg u-valign-middle-md u-valign-middle-sm u-sheet-1\">\n        <div class=\"data-layout-selected u-clearfix u-expanded-width-xs u-layout-wrap u-layout-wrap-1\">\n          <div class=\"u-gutter-0 u-layout\" style=\"\">\n            <div class=\"u-layout-row\" style=\"\">\n              <div class=\"u-container-style u-layout-cell u-shape-rectangle u-size-60 u-size-60-md u-layout-cell-1\">\n                <div class=\"u-container-layout u-valign-top-lg u-valign-top-md u-valign-top-sm u-valign-top-xs u-container-layout-1\">\n                  <div class=\"custom-expanded u-align-left u-container-align-left u-container-style u-group u-white u-group-1\">\n                    <div class=\"u-container-layout u-container-layout-2\">\n                      <div class=\"u-container-style u-custom-color-12 u-expanded-width u-group u-group-2\">\n                        <div class=\"u-container-layout u-valign-middle u-container-layout-3\">\n                          <h5 class=\"u-custom-font u-font-merriweather u-text u-text-black u-text-default u-text-1\"> Wydzia\u0142 Spraw Zakonnych:<\/h5>\n                        <\/div>\n                      <\/div>\n                      <h5 class=\"u-custom-font u-font-merriweather u-text u-text-2\">tel. +48 532 10 58, w. 348 <br>e-mail:&nbsp;<a href=\"mailto:izk@diecezja.lublin.pl\" target=\"_blank\" rel=\"noopener\" class=\"u-active-none u-border-none u-btn u-button-style u-hover-none u-none u-text-palette-1-base u-btn-1\">izk@diecezja.lublin.pl<\/a>\n                      <\/h5>\n                    <\/div>\n                  <\/div>\n                  <div class=\"custom-expanded u-align-left u-container-align-left u-container-style u-group u-white u-group-3\">\n                    <div class=\"u-container-layout u-container-layout-4\">\n                      <div class=\"u-container-style u-custom-color-12 u-expanded-width u-group u-group-4\">\n                        <div class=\"u-container-layout u-valign-middle u-container-layout-5\">\n                          <h5 class=\"u-custom-font u-font-merriweather u-text u-text-black u-text-3\"> Wikariusz biskupi ds. instytut\u00f3w \u017cycia konsekrowanego i stowarzysze\u0144 \u017cycia apostolskiego:<\/h5>\n                        <\/div>\n                      <\/div>\n                      <h5 class=\"u-custom-font u-font-merriweather u-text u-text-4\"> ks. Adam Lewandowski<\/h5>\n                    <\/div>\n                  <\/div>\n                  <div class=\"custom-expanded u-align-left u-container-align-left u-container-style u-group u-white u-group-5\">\n                    <div class=\"u-container-layout u-container-layout-6\">\n                      <div class=\"u-container-style u-custom-color-12 u-expanded-width u-group u-group-6\">\n                        <div class=\"u-container-layout u-valign-middle u-container-layout-7\">\n                          <h5 class=\"u-custom-font u-font-merriweather u-text u-text-black u-text-5\"> Referentka:<\/h5>\n                        <\/div>\n                      <\/div>\n                      <h5 class=\"u-custom-font u-font-merriweather u-text u-text-6\"> s.&nbsp;Alina Mazur<\/h5>\n                    <\/div>\n                  <\/div>\n                  <div class=\"custom-expanded u-align-left u-container-align-left u-container-style u-group u-white u-group-7\">\n                    <div class=\"u-container-layout u-container-layout-8\">\n                      <div class=\"u-container-style u-custom-color-12 u-expanded-width u-group u-group-8\">\n                        <div class=\"u-container-layout u-valign-middle u-container-layout-9\">\n                          <h5 class=\"u-custom-font u-font-merriweather u-text u-text-black u-text-7\"> Zesp\u00f3\u0142 ds. Powo\u0142a\u0144 do \u017bycia Konsekrowanego:<\/h5>\n                        <\/div>\n                      <\/div>\n                      <h5 class=\"u-custom-font u-font-merriweather u-text u-text-8\"><span style=\"font-weight: 700;\"> Przewodnicz\u0105cy:<\/span>\n                        <br>\n                        <br>ks. Andrzej Krasowski<br>\n                        <br><span style=\"font-weight: 700;\">Cz\u0142onkowie:<\/span>\n                        <br>\n                        <br>s.&nbsp;Alina Mazur<br>ks.&nbsp;Kazimierz Pek MIC<br>Irena Teresa Mate\u0144ko<br>Bronis\u0142awa Szewczuk\n                      <\/h5>\n                    <\/div>\n                  <\/div>\n                <\/div>\n              <\/div>\n            <\/div>\n          <\/div>\n        <\/div>\n      <\/div>\n    <\/section>\n    \n    \n    \n    \n  \n<\/div>","protected":false},"excerpt":{"rendered":"<p>Wydzia\u0142 Spraw Zakonnych: tel. +48 532 10 58, w. 348 e-mail:&nbsp;izk@diecezja.lublin.pl Wikariusz biskupi ds. instytut\u00f3w \u017cycia konsekrowanego i stowarzysze\u0144 \u017cycia apostolskiego: ks. Adam Lewandowski Referentka: s.&nbsp;Alina Mazur Zesp\u00f3\u0142 ds. Powo\u0142a\u0144 do \u017bycia Konsekrowanego: Przewodnicz\u0105cy: ks. Andrzej Krasowski Cz\u0142onkowie: s.&nbsp;Alina Mazurks.&nbsp;Kazimierz Pek MICIrena Teresa Mate\u0144koBronis\u0142awa Szewczuk<\/p>\n","protected":false},"author":1,"featured_media":0,"parent":0,"menu_order":0,"comment_status":"closed","ping_status":"closed","template":"","meta":{"footnotes":""},"class_list":["post-66332","page","type-page","status-publish","hentry"],"_links":{"self":[{"href":"https:\/\/new.archidiecezjalubelska.pl\/index.php\/wp-json\/wp\/v2\/pages\/66332","targetHints":{"allow":["GET"]}}],"collection":[{"href":"https:\/\/new.archidiecezjalubelska.pl\/index.php\/wp-json\/wp\/v2\/pages"}],"about":[{"href":"https:\/\/new.archidiecezjalubelska.pl\/index.php\/wp-json\/wp\/v2\/types\/page"}],"author":[{"embeddable":true,"href":"https:\/\/new.archidiecezjalubelska.pl\/index.php\/wp-json\/wp\/v2\/users\/1"}],"replies":[{"embeddable":true,"href":"https:\/\/new.archidiecezjalubelska.pl\/index.php\/wp-json\/wp\/v2\/comments?post=66332"}],"version-history":[{"count":3,"href":"https:\/\/new.archidiecezjalubelska.pl\/index.php\/wp-json\/wp\/v2\/pages\/66332\/revisions"}],"predecessor-version":[{"id":66516,"href":"https:\/\/new.archidiecezjalubelska.pl\/index.php\/wp-json\/wp\/v2\/pages\/66332\/revisions\/66516"}],"wp:attachment":[{"href":"https:\/\/new.archidiecezjalubelska.pl\/index.php\/wp-json\/wp\/v2\/media?parent=66332"}],"curies":[{"name":"wp","href":"https:\/\/api.w.org\/{rel}","templated":true}]}}