{"id":66336,"date":"2026-03-20T09:52:53","date_gmt":"2026-03-20T08:52:53","guid":{"rendered":"https:\/\/new.archidiecezjalubelska.pl\/?page_id=66336"},"modified":"2026-03-23T13:13:00","modified_gmt":"2026-03-23T12:13:00","slug":"wydzial-administracyjno-gospodarczy","status":"publish","type":"page","link":"https:\/\/new.archidiecezjalubelska.pl\/index.php\/wydzial-administracyjno-gospodarczy\/","title":{"rendered":"Wydzia\u0142 Administracyjno-Gospodarczy"},"content":{"rendered":"<div class=\"woocommerce\">\n    \n    <section class=\"u-clearfix u-white u-section-2\" id=\"sec-1b18\">\n      <div class=\"u-clearfix u-sheet u-valign-middle-lg u-valign-middle-md u-valign-middle-sm u-sheet-1\">\n        <div class=\"data-layout-selected u-clearfix u-expanded-width-xs u-layout-wrap u-layout-wrap-1\">\n          <div class=\"u-gutter-0 u-layout\" style=\"\">\n            <div class=\"u-layout-row\" style=\"\">\n              <div class=\"u-container-style u-layout-cell u-shape-rectangle u-size-60 u-size-60-md u-layout-cell-1\">\n                <div class=\"u-container-layout u-valign-bottom-xl u-valign-top-lg u-valign-top-md u-valign-top-sm u-valign-top-xs u-container-layout-1\">\n                  <div class=\"custom-expanded u-align-left u-container-align-left u-container-style u-group u-white u-group-1\">\n                    <div class=\"u-container-layout u-container-layout-2\">\n                      <div class=\"u-container-style u-custom-color-12 u-expanded-width u-group u-group-2\">\n                        <div class=\"u-container-layout u-valign-middle u-container-layout-3\">\n                          <h5 class=\"u-custom-font u-font-merriweather u-text u-text-black u-text-default u-text-1\"> Wydzia\u0142 Administracyjno-Gospodarczy:<\/h5>\n                        <\/div>\n                      <\/div>\n                      <h5 class=\"u-custom-font u-font-merriweather u-text u-text-2\"> tel. +48 81 532 10 58, w. 445<br>e-mail:&nbsp;<a href=\"mailto:administracja@diecezja.lublin.pl\" target=\"_blank\" rel=\"noopener noreferrer\" class=\"u-active-none u-border-none u-btn u-button-style u-hover-none u-none u-text-palette-1-base u-btn-1\">administracja@diecezja.lublin.pl<\/a>\n                        <br>\n                      <\/h5>\n                    <\/div>\n                  <\/div>\n                  <div class=\"custom-expanded u-align-left u-container-align-left u-container-style u-group u-white u-group-3\">\n                    <div class=\"u-container-layout u-container-layout-4\">\n                      <div class=\"u-container-style u-custom-color-12 u-expanded-width u-group u-group-4\">\n                        <div class=\"u-container-layout u-valign-middle-lg u-valign-middle-md u-valign-middle-sm u-valign-middle-xs u-container-layout-5\">\n                          <h5 class=\"u-custom-font u-font-merriweather u-text u-text-black u-text-default u-text-3\">Kasa:<\/h5>\n                        <\/div>\n                      <\/div>\n                      <h5 class=\"u-custom-font u-font-merriweather u-text u-text-4\"> tel. +48 81 743 72 30<br> e-mail:&nbsp;<a href=\"mailto:kasa@diecezja.lublin.pl\" target=\"_blank\" class=\"u-active-none u-border-none u-btn u-button-style u-hover-none u-none u-text-palette-1-base u-btn-2\">kasa@diecezja.lublin.pl<\/a>\n                        <br><!--[endif]-->\n                      <\/h5>\n                    <\/div>\n                  <\/div>\n                  <div class=\"custom-expanded u-align-left u-container-style u-group u-white u-group-5\">\n                    <div class=\"u-container-layout u-container-layout-6\">\n                      <div class=\"u-container-style u-custom-color-12 u-expanded-width u-group u-group-6\">\n                        <div class=\"u-container-layout u-valign-middle-lg u-valign-middle-md u-valign-middle-sm u-valign-middle-xs u-container-layout-7\">\n                          <h5 class=\"u-custom-font u-font-merriweather u-text u-text-black u-text-default u-text-5\">Numer konta:<\/h5>\n                        <\/div>\n                      <\/div>\n                      <h5 class=\"u-custom-font u-font-merriweather u-text u-text-6\"> Archidiecezja\nLubelska<br> ul. Wyszy\u0144skiego 2, 20-105 Lublin<br> PEKAO S.A.: 54 1240 1503 1111 0000 1753 1117<br><!--[endif]-->\n                      <\/h5>\n                    <\/div>\n                  <\/div>\n                  <div class=\"custom-expanded u-align-left u-container-align-left u-container-style u-group u-white u-group-7\">\n                    <div class=\"u-container-layout u-container-layout-8\">\n                      <div class=\"u-container-style u-custom-color-12 u-expanded-width u-group u-group-8\">\n                        <div class=\"u-container-layout u-valign-middle u-container-layout-9\">\n                          <h5 class=\"u-custom-font u-font-merriweather u-text u-text-black u-text-7\"> Ekonom Archidiecezji:<\/h5>\n                        <\/div>\n                      <\/div>\n                      <h5 class=\"u-custom-font u-font-merriweather u-text u-text-8\"> ks. Jaros\u0142aw Orkiszewski<\/h5>\n                    <\/div>\n                  <\/div>\n                  <div class=\"custom-expanded u-align-left u-container-align-left u-container-style u-group u-white u-group-9\">\n                    <div class=\"u-container-layout u-container-layout-10\">\n                      <div class=\"u-container-style u-custom-color-12 u-expanded-width u-group u-group-10\">\n                        <div class=\"u-container-layout u-valign-middle u-container-layout-11\">\n                          <h5 class=\"u-custom-font u-font-merriweather u-text u-text-black u-text-9\"> Zast\u0119pca Ekonoma Archidiecezji:<\/h5>\n                        <\/div>\n                      <\/div>\n                      <h5 class=\"u-custom-font u-font-merriweather u-text u-text-10\"> ks. Jakub Olech<\/h5>\n                    <\/div>\n                  <\/div>\n                  <div class=\"custom-expanded u-align-left u-container-align-left u-container-style u-group u-white u-group-11\">\n                    <div class=\"u-container-layout u-container-layout-12\">\n                      <div class=\"u-container-style u-custom-color-12 u-expanded-width u-group u-group-12\">\n                        <div class=\"u-container-layout u-valign-middle u-container-layout-13\">\n                          <h5 class=\"u-custom-font u-font-merriweather u-text u-text-black u-text-11\"> Dzia\u0142 Projekt\u00f3w:<\/h5>\n                        <\/div>\n                      <\/div>\n                      <h5 class=\"u-custom-font u-font-merriweather u-text u-text-12\"> Edyta Czarnecka<\/h5>\n                    <\/div>\n                  <\/div>\n                  <div class=\"custom-expanded u-align-left u-container-align-left u-container-style u-group u-white u-group-13\">\n                    <div class=\"u-container-layout u-container-layout-14\">\n                      <div class=\"u-container-style u-custom-color-12 u-expanded-width u-group u-group-14\">\n                        <div class=\"u-container-layout u-valign-middle u-container-layout-15\">\n                          <h5 class=\"u-custom-font u-font-merriweather u-text u-text-black u-text-13\"> Obs\u0142uga Sekretariatu:<\/h5>\n                        <\/div>\n                      <\/div>\n                      <h5 class=\"u-custom-font u-font-merriweather u-text u-text-14\"> Katarzyna Staniewicz<\/h5>\n                    <\/div>\n                  <\/div>\n                  <div class=\"custom-expanded u-align-left u-container-align-left u-container-style u-group u-white u-group-15\">\n                    <div class=\"u-container-layout u-container-layout-16\">\n                      <div class=\"u-container-style u-custom-color-12 u-expanded-width u-group u-group-16\">\n                        <div class=\"u-container-layout u-valign-middle u-container-layout-17\">\n                          <h5 class=\"u-custom-font u-font-merriweather u-text u-text-black u-text-15\"> G\u0142\u00f3wna Ksi\u0119gowa:<\/h5>\n                        <\/div>\n                      <\/div>\n                      <h5 class=\"u-custom-font u-font-merriweather u-text u-text-16\"> Marzena Czarniecka<\/h5>\n                    <\/div>\n                  <\/div>\n                  <div class=\"custom-expanded u-align-left u-container-align-left u-container-style u-group u-white u-group-17\">\n                    <div class=\"u-container-layout u-container-layout-18\">\n                      <div class=\"u-container-style u-custom-color-12 u-expanded-width u-group u-group-18\">\n                        <div class=\"u-container-layout u-valign-middle u-container-layout-19\">\n                          <h5 class=\"u-custom-font u-font-merriweather u-text u-text-black u-text-17\"> Dzia\u0142 kadr:<\/h5>\n                        <\/div>\n                      <\/div>\n                      <h5 class=\"u-custom-font u-font-merriweather u-text u-text-18\"> Martyna Gomu\u0142a<\/h5>\n                    <\/div>\n                  <\/div>\n                  <div class=\"custom-expanded u-align-left u-container-align-left u-container-style u-group u-white u-group-19\">\n                    <div class=\"u-container-layout u-container-layout-20\">\n                      <div class=\"u-container-style u-custom-color-12 u-expanded-width u-group u-group-20\">\n                        <div class=\"u-container-layout u-valign-middle u-container-layout-21\">\n                          <h5 class=\"u-custom-font u-font-merriweather u-text u-text-black u-text-19\"> Kasjerka:<\/h5>\n                        <\/div>\n                      <\/div>\n                      <h5 class=\"u-custom-font u-font-merriweather u-text u-text-20\"> Natalia Dzik&nbsp;<\/h5>\n                    <\/div>\n                  <\/div>\n                <\/div>\n              <\/div>\n            <\/div>\n          <\/div>\n        <\/div>\n      <\/div>\n    <\/section>\n    \n    \n    \n    \n  \n<\/div>","protected":false},"excerpt":{"rendered":"<p>Wydzia\u0142 Administracyjno-Gospodarczy: tel. +48 81 532 10 58, w. 445e-mail:&nbsp;administracja@diecezja.lublin.pl Kasa: tel. +48 81 743 72 30 e-mail:&nbsp;kasa@diecezja.lublin.pl Numer konta: Archidiecezja Lubelska ul. Wyszy\u0144skiego 2, 20-105 Lublin PEKAO S.A.: 54 1240 1503 1111 0000 1753 1117 Ekonom Archidiecezji: ks. Jaros\u0142aw Orkiszewski Zast\u0119pca Ekonoma Archidiecezji: ks. Jakub Olech Dzia\u0142 Projekt\u00f3w: Edyta Czarnecka Obs\u0142uga Sekretariatu: Katarzyna Staniewicz &hellip; <a href=\"https:\/\/new.archidiecezjalubelska.pl\/index.php\/wydzial-administracyjno-gospodarczy\/\" class=\"more-link\">Continue reading<span class=\"screen-reader-text\"> &#8220;Wydzia\u0142 Administracyjno-Gospodarczy&#8221;<\/span><\/a><\/p>\n","protected":false},"author":1,"featured_media":0,"parent":0,"menu_order":0,"comment_status":"closed","ping_status":"closed","template":"","meta":{"footnotes":""},"class_list":["post-66336","page","type-page","status-publish","hentry"],"_links":{"self":[{"href":"https:\/\/new.archidiecezjalubelska.pl\/index.php\/wp-json\/wp\/v2\/pages\/66336","targetHints":{"allow":["GET"]}}],"collection":[{"href":"https:\/\/new.archidiecezjalubelska.pl\/index.php\/wp-json\/wp\/v2\/pages"}],"about":[{"href":"https:\/\/new.archidiecezjalubelska.pl\/index.php\/wp-json\/wp\/v2\/types\/page"}],"author":[{"embeddable":true,"href":"https:\/\/new.archidiecezjalubelska.pl\/index.php\/wp-json\/wp\/v2\/users\/1"}],"replies":[{"embeddable":true,"href":"https:\/\/new.archidiecezjalubelska.pl\/index.php\/wp-json\/wp\/v2\/comments?post=66336"}],"version-history":[{"count":3,"href":"https:\/\/new.archidiecezjalubelska.pl\/index.php\/wp-json\/wp\/v2\/pages\/66336\/revisions"}],"predecessor-version":[{"id":66517,"href":"https:\/\/new.archidiecezjalubelska.pl\/index.php\/wp-json\/wp\/v2\/pages\/66336\/revisions\/66517"}],"wp:attachment":[{"href":"https:\/\/new.archidiecezjalubelska.pl\/index.php\/wp-json\/wp\/v2\/media?parent=66336"}],"curies":[{"name":"wp","href":"https:\/\/api.w.org\/{rel}","templated":true}]}}