{"id":66340,"date":"2026-03-20T09:59:06","date_gmt":"2026-03-20T08:59:06","guid":{"rendered":"https:\/\/new.archidiecezjalubelska.pl\/?page_id=66340"},"modified":"2026-03-27T09:00:17","modified_gmt":"2026-03-27T08:00:17","slug":"centrum-misyjne","status":"publish","type":"page","link":"https:\/\/new.archidiecezjalubelska.pl\/index.php\/centrum-misyjne\/","title":{"rendered":"Centrum Misyjne"},"content":{"rendered":"<div class=\"woocommerce\">\n    \n    <section class=\"u-clearfix u-white u-section-2\" id=\"sec-9d0e\">\n      <div class=\"u-clearfix u-sheet u-valign-middle-lg u-valign-middle-md u-valign-middle-sm u-sheet-1\">\n        <div class=\"data-layout-selected u-clearfix u-expanded-width-xs u-layout-wrap u-layout-wrap-1\">\n          <div class=\"u-gutter-0 u-layout\" style=\"\">\n            <div class=\"u-layout-row\" style=\"\">\n              <div class=\"u-container-style u-layout-cell u-shape-rectangle u-size-60 u-size-60-md u-layout-cell-1\">\n                <div class=\"u-container-layout u-valign-top-lg u-valign-top-md u-valign-top-sm u-valign-top-xs u-container-layout-1\">\n                  <div class=\"custom-expanded u-align-left u-container-style u-group u-white u-group-1\">\n                    <div class=\"u-container-layout u-container-layout-2\">\n                      <div class=\"u-container-style u-custom-color-12 u-expanded-width u-group u-group-2\">\n                        <div class=\"u-container-layout u-valign-middle u-container-layout-3\">\n                          <h5 class=\"u-custom-font u-font-merriweather u-text u-text-black u-text-default u-text-1\"> Centrum Misyjne:<\/h5>\n                        <\/div>\n                      <\/div>\n                      <h5 class=\"u-custom-font u-font-merriweather u-text u-text-2\"> ul. Prymasa Stefana Wyszy\u0144skiego 2, 20-105 Lublin<br>\n                        <br>tel. +48 81 532 10 58, w. 566<br>e-mail:&nbsp;<a href=\"mailto:misje.lublin@gmail.com\" target=\"_blank\" rel=\"noopener noreferrer\" class=\"u-active-none u-border-none u-btn u-button-style u-hover-none u-none u-text-palette-1-base u-btn-1\">misje.lublin@gmail.com<\/a>\n                        <br>\n                        <br>Czynne: od \u015brody do czwartku w godzinach: 9.00 \u2013 14.00<br>\n                        <br>Konto:&nbsp;78 1240 1503 1111 0000 1753 0976 (w tym: wp\u0142aty z \u017bywego R\u00f3\u017ca\u0144ca na misje)\n                      <\/h5>\n                    <\/div>\n                  <\/div>\n                  <div class=\"custom-expanded u-align-left u-container-align-left u-container-style u-group u-white u-group-3\">\n                    <div class=\"u-container-layout u-valign-top u-container-layout-4\">\n                      <div class=\"u-container-style u-custom-color-12 u-expanded-width u-group u-group-4\">\n                        <div class=\"u-container-layout u-valign-middle-lg u-valign-middle-md u-valign-middle-sm u-valign-middle-xs u-container-layout-5\">\n                          <h5 class=\"u-custom-font u-font-merriweather u-text u-text-black u-text-3\"> Delegat Biskupa ds. Misji w Archidiecezji Lubelskiej i Dyrektor Papieskich Dzie\u0142 Misyjnych:<\/h5>\n                        <\/div>\n                      <\/div>\n                      <h5 class=\"u-custom-font u-font-merriweather u-text u-text-4\"> ks. dr&nbsp;Wojciech Rebeta, tel. 506 171 997<\/h5>\n                    <\/div>\n                  <\/div>\n                  <div class=\"custom-expanded u-align-left u-container-align-left u-container-style u-group u-white u-group-5\">\n                    <div class=\"u-container-layout u-valign-top u-container-layout-6\">\n                      <div class=\"u-container-style u-custom-color-12 u-expanded-width u-group u-group-6\">\n                        <div class=\"u-container-layout u-valign-middle u-container-layout-7\">\n                          <h5 class=\"u-custom-font u-font-merriweather u-text u-text-black u-text-5\"> Referent:<\/h5>\n                        <\/div>\n                      <\/div>\n                      <h5 class=\"u-custom-font u-font-merriweather u-text u-text-6\"> s.&nbsp;Irena Karczewska&nbsp;FMM, tel. 516 802 301<\/h5>\n                    <\/div>\n                  <\/div>\n                  <div class=\"custom-expanded u-align-left u-container-align-left u-container-style u-group u-white u-group-7\">\n                    <div class=\"u-container-layout u-valign-top u-container-layout-8\">\n                      <div class=\"u-container-style u-custom-color-12 u-expanded-width u-group u-group-8\">\n                        <div class=\"u-container-layout u-valign-middle u-container-layout-9\">\n                          <h5 class=\"u-custom-font u-font-merriweather u-text u-text-black u-text-7\">Zesp\u00f3\u0142 ds. Animacji Misyjnej w Archidiecezji Lubelskiej<\/h5>\n                        <\/div>\n                      <\/div>\n                      <h5 class=\"u-custom-font u-font-merriweather u-text u-text-8\"><span style=\"font-weight: 700;\"> Przewodnicz\u0105cy:&nbsp;<\/span>ks. dr&nbsp;Wojciech Rebeta<br>\n                        <br><span style=\"font-weight: 700;\"><span style=\"font-weight: 400;\">Moderatorzy&nbsp;diecezjalni&nbsp;ds. animacji misyjnej&nbsp;<\/span>\n                          <br><span style=\"font-weight: 400;\">dzieci:&nbsp;<\/span><\/span>ks. mgr&nbsp;Mateusz Stawecki<br>m\u0142odzie\u017cy: ks. mgr&nbsp;Mariusz Kruk<br><b><span style=\"font-weight: 400;\">m\u0142odzie\u017cy<\/span>:<\/b>&nbsp;ks. mgr<b>&nbsp;<span style=\"font-weight: 400;\">Jaros\u0142aw Siejko<\/span><\/b>\n                        <br>ksi\u0119\u017cy: ks. mgr&nbsp;Edmund Boryca\n                      <\/h5>\n                    <\/div>\n                  <\/div>\n                <\/div>\n              <\/div>\n            <\/div>\n          <\/div>\n        <\/div>\n      <\/div>\n    <\/section>\n    \n    \n    \n    \n  \n<\/div>","protected":false},"excerpt":{"rendered":"<p>Centrum Misyjne: ul. Prymasa Stefana Wyszy\u0144skiego 2, 20-105 Lublin tel. +48 81 532 10 58, w. 566e-mail:&nbsp;misje.lublin@gmail.com Czynne: od \u015brody do czwartku w godzinach: 9.00 \u2013 14.00 Konto:&nbsp;78 1240 1503 1111 0000 1753 0976 (w tym: wp\u0142aty z \u017bywego R\u00f3\u017ca\u0144ca na misje) Delegat Biskupa ds. Misji w Archidiecezji Lubelskiej i Dyrektor Papieskich Dzie\u0142 Misyjnych: ks. &hellip; <a href=\"https:\/\/new.archidiecezjalubelska.pl\/index.php\/centrum-misyjne\/\" class=\"more-link\">Continue reading<span class=\"screen-reader-text\"> &#8220;Centrum Misyjne&#8221;<\/span><\/a><\/p>\n","protected":false},"author":1,"featured_media":0,"parent":0,"menu_order":0,"comment_status":"closed","ping_status":"closed","template":"","meta":{"footnotes":""},"class_list":["post-66340","page","type-page","status-publish","hentry"],"_links":{"self":[{"href":"https:\/\/new.archidiecezjalubelska.pl\/index.php\/wp-json\/wp\/v2\/pages\/66340","targetHints":{"allow":["GET"]}}],"collection":[{"href":"https:\/\/new.archidiecezjalubelska.pl\/index.php\/wp-json\/wp\/v2\/pages"}],"about":[{"href":"https:\/\/new.archidiecezjalubelska.pl\/index.php\/wp-json\/wp\/v2\/types\/page"}],"author":[{"embeddable":true,"href":"https:\/\/new.archidiecezjalubelska.pl\/index.php\/wp-json\/wp\/v2\/users\/1"}],"replies":[{"embeddable":true,"href":"https:\/\/new.archidiecezjalubelska.pl\/index.php\/wp-json\/wp\/v2\/comments?post=66340"}],"version-history":[{"count":3,"href":"https:\/\/new.archidiecezjalubelska.pl\/index.php\/wp-json\/wp\/v2\/pages\/66340\/revisions"}],"predecessor-version":[{"id":66531,"href":"https:\/\/new.archidiecezjalubelska.pl\/index.php\/wp-json\/wp\/v2\/pages\/66340\/revisions\/66531"}],"wp:attachment":[{"href":"https:\/\/new.archidiecezjalubelska.pl\/index.php\/wp-json\/wp\/v2\/media?parent=66340"}],"curies":[{"name":"wp","href":"https:\/\/api.w.org\/{rel}","templated":true}]}}