{"id":66785,"date":"2026-04-13T10:27:52","date_gmt":"2026-04-13T08:27:52","guid":{"rendered":"https:\/\/new.archidiecezjalubelska.pl\/?page_id=66785"},"modified":"2026-04-13T10:38:09","modified_gmt":"2026-04-13T08:38:09","slug":"poczta","status":"publish","type":"page","link":"https:\/\/new.archidiecezjalubelska.pl\/index.php\/poczta\/","title":{"rendered":"Poczta"},"content":{"rendered":"<div class=\"woocommerce\">\n    \n    <section class=\"u-clearfix u-white u-section-2\" id=\"sec-6f23\">\n      <div class=\"u-clearfix u-sheet u-valign-middle-lg u-valign-middle-md u-valign-middle-sm u-sheet-1\">\n        <div class=\"data-layout-selected u-clearfix u-expanded-width-xs u-layout-wrap u-layout-wrap-1\">\n          <div class=\"u-gutter-0 u-layout\" style=\"\">\n            <div class=\"u-layout-row\" style=\"\">\n              <div class=\"u-container-style u-layout-cell u-shape-rectangle u-size-60 u-size-60-md u-layout-cell-1\">\n                <div class=\"u-container-layout u-valign-top-lg u-valign-top-md u-valign-top-sm u-valign-top-xs u-container-layout-1\">\n                  <div class=\"custom-expanded u-align-left u-container-style u-group u-white u-group-1\">\n                    <div class=\"u-container-layout u-container-layout-2\">\n                      <div class=\"u-container-style u-custom-color-12 u-expanded-width u-group u-group-2\">\n                        <div class=\"u-container-layout u-valign-middle u-container-layout-3\">\n                          <h5 class=\"u-custom-font u-font-merriweather u-text u-text-black u-text-default u-text-1\"> Poczta e-mail<\/h5>\n                        <\/div>\n                      <\/div>\n                      <h5 class=\"u-custom-font u-font-merriweather u-text u-text-2\"> ODBI\u00d3R POCZTY&nbsp;przez www dla domeny @diecezja.lublin.pl jest udost\u0119pniony pod adresem:<br>\n                        <br>\n                        <a href=\"https:\/\/poczta.diecezja.lublin.pl\/\" class=\"u-active-none u-border-none u-btn u-button-style u-hover-none u-none u-text-palette-1-base u-btn-1\">https:\/\/poczta.diecezja.lublin.pl<\/a>\n                        <br>\n                        <br>Loguj\u0105c si\u0119 do poczty pod tym adresem jako login podaje si\u0119 pe\u0142ny adres mailowy, czyli&nbsp;<br>w formie&nbsp;j.kowalski@diecezja.lulbin.pl.\n                      <\/h5>\n                      <div class=\"u-border-1 u-border-grey-dark-1 u-line u-line-horizontal u-line-1\"><\/div>\n                      <h5 class=\"u-custom-font u-font-merriweather u-text u-text-3\"> Samodzielna zmiana has\u0142a do poczty elektronicznej jest mo\u017cliwa po zalogowaniu si\u0119 na stronie:&nbsp;&nbsp;<br>\n                        <br>\n                        <a href=\"https:\/\/poczta.diecezja.lublin.pl\/?_task=settings&amp;_action=plugin.ispconfig3_account\" class=\"u-active-none u-border-none u-btn u-button-style u-hover-none u-none u-text-palette-1-base u-btn-2\">https:\/\/poczta.diecezja.lublin.pl\/?_task=settings&amp;_action=plugin.ispconfig3_account<\/a>.<br>\n                        <br>Oczywi\u015bcie w celu zalogowania si\u0119 nale\u017cy poda\u0107 pe\u0142ny adres email i dotychczasowe has\u0142o.<br>Ze wzgl\u0119d\u00f3w bezpiecze\u0144stwa has\u0142o nale\u017cy zmienia\u0107 co miesi\u0105c.<br><span style=\"text-decoration: underline !important;\">Mimo wszystko, nie nale\u017cy u\u017cywa\u0107 tego samego has\u0142a przez czas d\u0142u\u017cszy ni\u017c rok.<\/span>\n                      <\/h5>\n                      <div class=\"u-border-1 u-border-grey-dark-1 u-line u-line-horizontal u-line-2\"><\/div>\n                      <h5 class=\"u-custom-font u-font-merriweather u-text u-text-4\"> DANE KONFIGURACYJNE do program\u00f3w pocztowych:<br>\n                        <br>serwer poczty SMTP to:&nbsp;<span style=\"text-decoration: underline !important;\">mail.diecezja.lublin.pl<\/span>\n                        <br>serwer poczty IMAP to:&nbsp;<span style=\"text-decoration: underline !important;\">mail.diecezja.lublin.pl<\/span>\n                        <br>serwer poczty POP3 to:&nbsp;<span style=\"text-decoration: underline !important;\">mail.diecezja.lublin.pl<\/span>\n                        <br>\n                        <br>Nale\u017cy zaznaczy\u0107 opcj\u0119 w konfiguracji programu pocztowego&nbsp;<br><span style=\"text-decoration: underline !important;\">serwer wymaga uwierzytelnienia<\/span>&nbsp;oraz&nbsp;<span style=\"text-decoration: underline !important;\">szyfrowanie po\u0142\u0105czenia<\/span>&nbsp;<br>(SSL&nbsp;w outlook a&nbsp;STARTTLS&nbsp;w thunderbird).&nbsp;<br>\n                        <br><span style=\"text-decoration: underline !important;\">Poniewa\u017c nale\u017cy wybra\u0107 pomi\u0119dzy kontem typu POP3 a kontem typu IMAP, to preferowanym kontem jest konto typu IMAP<\/span>\n                        <br>\n                        <br>Numery port\u00f3w serwer\u00f3w:<br>\n                        <br>SMTP port 587;<br>IMAP port 143;<br>POP3 port 995.&nbsp;<br>\n                      <\/h5>\n                      <div class=\"u-border-1 u-border-grey-dark-1 u-line u-line-horizontal u-line-3\"><\/div>\n                      <h5 class=\"u-custom-font u-font-merriweather u-text u-text-5\"> Przyk\u0142adowa poprawna konfiguracja programu outlook:<br>\n                      <\/h5>\n                      <img decoding=\"async\" class=\"u-image u-image-default u-image-1\" src=\"https:\/\/archidiecezjalubelska.pl\/wp-content\/uploads\/2015\/01\/outlook.jpg\" alt=\"\" data-image-width=\"451\" data-image-height=\"450\">\n                    <\/div>\n                  <\/div>\n                <\/div>\n              <\/div>\n            <\/div>\n          <\/div>\n        <\/div>\n      <\/div>\n    <\/section>\n    \n    \n    \n    \n  \n<\/div>","protected":false},"excerpt":{"rendered":"<p>Poczta e-mail ODBI\u00d3R POCZTY&nbsp;przez www dla domeny @diecezja.lublin.pl jest udost\u0119pniony pod adresem: https:\/\/poczta.diecezja.lublin.pl Loguj\u0105c si\u0119 do poczty pod tym adresem jako login podaje si\u0119 pe\u0142ny adres mailowy, czyli&nbsp;w formie&nbsp;j.kowalski@diecezja.lulbin.pl. Samodzielna zmiana has\u0142a do poczty elektronicznej jest mo\u017cliwa po zalogowaniu si\u0119 na stronie:&nbsp;&nbsp; https:\/\/poczta.diecezja.lublin.pl\/?_task=settings&amp;_action=plugin.ispconfig3_account. Oczywi\u015bcie w celu zalogowania si\u0119 nale\u017cy poda\u0107 pe\u0142ny adres email i dotychczasowe &hellip; <a href=\"https:\/\/new.archidiecezjalubelska.pl\/index.php\/poczta\/\" class=\"more-link\">Continue reading<span class=\"screen-reader-text\"> &#8220;Poczta&#8221;<\/span><\/a><\/p>\n","protected":false},"author":1,"featured_media":0,"parent":0,"menu_order":0,"comment_status":"closed","ping_status":"closed","template":"","meta":{"footnotes":""},"class_list":["post-66785","page","type-page","status-publish","hentry"],"_links":{"self":[{"href":"https:\/\/new.archidiecezjalubelska.pl\/index.php\/wp-json\/wp\/v2\/pages\/66785","targetHints":{"allow":["GET"]}}],"collection":[{"href":"https:\/\/new.archidiecezjalubelska.pl\/index.php\/wp-json\/wp\/v2\/pages"}],"about":[{"href":"https:\/\/new.archidiecezjalubelska.pl\/index.php\/wp-json\/wp\/v2\/types\/page"}],"author":[{"embeddable":true,"href":"https:\/\/new.archidiecezjalubelska.pl\/index.php\/wp-json\/wp\/v2\/users\/1"}],"replies":[{"embeddable":true,"href":"https:\/\/new.archidiecezjalubelska.pl\/index.php\/wp-json\/wp\/v2\/comments?post=66785"}],"version-history":[{"count":2,"href":"https:\/\/new.archidiecezjalubelska.pl\/index.php\/wp-json\/wp\/v2\/pages\/66785\/revisions"}],"predecessor-version":[{"id":66787,"href":"https:\/\/new.archidiecezjalubelska.pl\/index.php\/wp-json\/wp\/v2\/pages\/66785\/revisions\/66787"}],"wp:attachment":[{"href":"https:\/\/new.archidiecezjalubelska.pl\/index.php\/wp-json\/wp\/v2\/media?parent=66785"}],"curies":[{"name":"wp","href":"https:\/\/api.w.org\/{rel}","templated":true}]}}